{"id":8632,"date":"2019-07-01T09:07:33","date_gmt":"2019-07-01T09:07:33","guid":{"rendered":"http:\/\/www.csp.ir\/?page_id=8632"},"modified":"2020-05-10T08:53:42","modified_gmt":"2020-05-10T08:53:42","slug":"%d8%aa%d8%ad%d9%82%db%8c%d9%82-%d9%88-%d8%aa%d9%88%d8%b3%d8%b9%d9%87","status":"publish","type":"page","link":"https:\/\/csp.ir\/tr\/%d8%aa%d8%ad%d9%82%db%8c%d9%82-%d9%88-%d8%aa%d9%88%d8%b3%d8%b9%d9%87\/","title":{"rendered":"Ara\u015ft\u0131rmalar ve geli\u015fimler"},"content":{"rendered":"<div class=\"wpb-content-wrapper\"><section class=\"l-section wpb_row height_medium\"><div class=\"l-section-h i-cf\"><div class=\"g-cols vc_row type_default valign_top\"><div class=\"vc_col-sm-12 wpb_column vc_column_container\"><div class=\"vc_column-inner\"><div class=\"wpb_wrapper\">\r\n\t<div class=\"wpb_text_column \">\r\n\t\t<div class=\"wpb_wrapper\">\r\n\t\t\t<p dir=\"ltr\"><strong><span style=\"font-family: 'times new roman', times, serif;\">bak\u0131r insan dostu bir metal<\/span><\/strong><\/p>\n<p dir=\"ltr\"><span style=\"font-family: 'times new roman', times, serif;\">g\u00fcn\u00fcm\u00fczde bilim ve teknolojiyi topluluklar\u0131n geli\u015fiminde giderek daha \u00f6nemli bir rol almakta ve d\u00fcnya, bilgiye dayal\u0131 ekonomiye do\u011fru gitmektedir. kapsaml\u0131 ve s\u00fcrd\u00fcr\u00fclebilir kalk\u0131nma genellikle teknoloji geli\u015fimine ba\u011fl\u0131d\u0131r, teknoloji geli\u015fimi de yarat\u0131c\u0131l\u0131k ,yenilik\u00e7ilik ve bilimsel geli\u015fime dayan\u0131r. bilimsel geli\u015fim ancak okumak \u00e7al\u0131\u015fmak ve \u00e7al\u0131\u015ft\u0131rmakla sa\u011flanabilir.<\/span><\/p>\n<p dir=\"ltr\"><span style=\"font-family: 'times new roman', times, serif;\">Yurti\u00e7i ve yurtd\u0131\u015f\u0131 piyasas\u0131nda aktif olarak bulunmak ve geli\u015fmek isteyen \u015eehit bahoner bak\u0131r Sanayi \u015firketi gibi b\u00fcy\u00fck \u015firketlerde ara\u015ft\u0131rma ve geli\u015ftirme gerekli bir birimdir ve Hayati bir \u00f6nem ta\u015f\u0131r. ara\u015ft\u0131rma ve geli\u015ftirme departman\u0131 piyasadaki \u00e7evrimleri a\u00e7mak, s\u00fcre\u00e7, \u00fcr\u00fcn ve \u00fcretim bilgisini y\u00fckseltmek i\u00e7in di\u011fer departmanlara\u00a0 yard\u0131mc\u0131 olmak amac\u0131yla Hatta \u00e7al\u0131\u015fanlar\u0131n ve y\u00f6neticilerin mesleki becerilerini y\u00fckseltmek i\u00e7in kurulmu\u015ftur. <a ref=\"magnificPopup\" href=\"https:\/\/www.csp.ir\/wp-content\/uploads\/2020\/04\/RD1.jpg\"><img loading=\"lazy\" decoding=\"async\" class=\"size-medium wp-image-10337 alignright\" src=\"https:\/\/www.csp.ir\/wp-content\/uploads\/2020\/04\/RD1-300x206.jpg\" alt=\"\" width=\"300\" height=\"206\" srcset=\"https:\/\/csp.ir\/wp-content\/uploads\/2020\/04\/RD1-300x206.jpg 300w, https:\/\/csp.ir\/wp-content\/uploads\/2020\/04\/RD1.jpg 413w\" sizes=\"(max-width: 300px) 100vw, 300px\" \/><\/a><\/span><\/p>\n<p dir=\"ltr\"><span style=\"font-family: 'times new roman', times, serif;\">bak\u0131r bazl\u0131 \u00fcr\u00fcnler ve ala\u015f\u0131mlar\u0131n standartlar\u0131n\u0131n de\u011fi\u015ftirildi\u011fine ra\u011fmen ara\u015ft\u0131rmalar piyasan\u0131n mevcut durumuna g\u00f6re m\u00fc\u015fterilerin ihtiya\u00e7lar\u0131n\u0131 kar\u015f\u0131lamak i\u00e7in yap\u0131lmakta, Biz E\u011fitimi ve ara\u015ft\u0131rmac\u0131lar\u0131 desteklemeye taahh\u00fct ediyoruz. bu birim, \u00e7al\u0131\u015fanlar\u0131, yarat\u0131c\u0131 d\u00fc\u015f\u00fcnmeye, Teknik, yenilik, s\u00fcrd\u00fcrebilirlik ve b\u00fcy\u00fcme aray\u0131\u015f\u0131n\u0131 te\u015fvik eder. bu <strong>s\u00fcre\u00e7 kapsaml\u0131 ara\u015ft\u0131rma ve geli\u015ftirme faaliyetleri ile geli\u015ftirilmi\u015ftir. ara\u015ft\u0131rma-geli\u015ftirme departman\u0131n\u0131n g\u00f6rev ve hedefleri:<\/strong><\/span><\/p>\n<p dir=\"ltr\"><span style=\"font-family: 'times new roman', times, serif;\">\u00fcr\u00fcnlerin performans\u0131n\u0131 ve verimlili\u011fini ayr\u0131ca \u00fcretim y\u00f6ntemlerinin art\u0131r\u0131lmas\u0131<\/span><\/p>\n<p dir=\"ltr\"><span style=\"font-family: 'times new roman', times, serif;\">\u00fcretim sorunlar\u0131n\u0131n giderilmesi<a ref=\"magnificPopup\" href=\"https:\/\/www.csp.ir\/wp-content\/uploads\/2020\/04\/RD2-300x141.jpg\"><img loading=\"lazy\" decoding=\"async\" class=\"size-medium wp-image-10338 alignright\" src=\"https:\/\/www.csp.ir\/wp-content\/uploads\/2020\/04\/RD2-300x141-300x141.jpg\" alt=\"\" width=\"300\" height=\"141\" \/><\/a><\/span><\/p>\n<p dir=\"ltr\"><span style=\"font-family: 'times new roman', times, serif;\">\u00fcr\u00fcn kalitesinin art\u0131r\u0131lmas\u0131<\/span><\/p>\n<p dir=\"ltr\"><span style=\"font-family: 'times new roman', times, serif;\">at\u0131klar\u0131n azalt\u0131lmas\u0131, bilimsel y\u00f6ntemler ile d\u00f6n\u00fc\u015ft\u00fcr\u00fclmeleri ve tekrar kullan\u0131lmalar\u0131<\/span><\/p>\n<p dir=\"ltr\"><span style=\"font-family: 'times new roman', times, serif;\">bilgi ve Ara\u015ft\u0131rma sistemlerinin olu\u015fturulmas\u0131<\/span><\/p>\n<p dir=\"ltr\"><span style=\"font-family: 'times new roman', times, serif;\">hammaddelerin daha iyi ve daha kalitelileri ile de\u011fi\u015ftirilmesi<\/span><\/p>\n<p dir=\"ltr\"><span style=\"font-family: 'times new roman', times, serif;\">i\u015f zorlu\u011fu ve potansiyel riskleri azaltmak i\u00e7in \u00fcretim prosesinin kolayla\u015ft\u0131r\u0131lmas\u0131<\/span><\/p>\n<p dir=\"ltr\"><span style=\"font-family: 'times new roman', times, serif;\">piyasan\u0131n ihtiyac\u0131n\u0131 kar\u015f\u0131lamak i\u00e7in yeni \u00fcretim prosesi ve yeni \u00fcr\u00fcnlerin geli\u015ftirilmesi ve olu\u015fturulmas\u0131<\/span><\/p>\n<p dir=\"ltr\"><span style=\"font-family: 'times new roman', times, serif;\">yerli ve yabanc\u0131 \u00fcreticilerle ileti\u015fimde olmak<\/span><\/p>\n<p dir=\"ltr\"><span style=\"font-family: 'times new roman', times, serif;\">\u00fcretim birimlerinde faaliyet ve ara\u015ft\u0131rma sonu\u00e7lar\u0131n\u0131 uygulamak ve \u00fcretime ge\u00e7irmek<\/span><\/p>\n<p dir=\"ltr\"><span style=\"font-family: 'times new roman', times, serif;\">di\u011fer ara\u015ft\u0131rma geli\u015ftirme organizasyonlar ile i\u015fbirli\u011fi yapmak<\/span><\/p>\n\r\n\t\t<\/div>\r\n\t<\/div>\r\n<\/div><\/div><\/div><\/div><\/div><\/section>\n<\/div>","protected":false},"excerpt":{"rendered":"bak\u0131r insan dostu bir metal g\u00fcn\u00fcm\u00fczde bilim ve teknolojiyi topluluklar\u0131n geli\u015fiminde giderek daha \u00f6nemli bir rol almakta ve d\u00fcnya, bilgiye dayal\u0131 ekonomiye do\u011fru gitmektedir. kapsaml\u0131 ve s\u00fcrd\u00fcr\u00fclebilir kalk\u0131nma genellikle teknoloji geli\u015fimine ba\u011fl\u0131d\u0131r, teknoloji geli\u015fimi de yarat\u0131c\u0131l\u0131k ,yenilik\u00e7ilik ve bilimsel geli\u015fime dayan\u0131r. bilimsel geli\u015fim ancak okumak \u00e7al\u0131\u015fmak ve \u00e7al\u0131\u015ft\u0131rmakla sa\u011flanabilir. Yurti\u00e7i ve yurtd\u0131\u015f\u0131 piyasas\u0131nda aktif olarak...","protected":false},"author":16,"featured_media":0,"parent":0,"menu_order":0,"comment_status":"closed","ping_status":"closed","template":"","meta":{"footnotes":""},"class_list":["post-8632","page","type-page","status-publish","hentry"],"_links":{"self":[{"href":"https:\/\/csp.ir\/tr\/wp-json\/wp\/v2\/pages\/8632"}],"collection":[{"href":"https:\/\/csp.ir\/tr\/wp-json\/wp\/v2\/pages"}],"about":[{"href":"https:\/\/csp.ir\/tr\/wp-json\/wp\/v2\/types\/page"}],"author":[{"embeddable":true,"href":"https:\/\/csp.ir\/tr\/wp-json\/wp\/v2\/users\/16"}],"replies":[{"embeddable":true,"href":"https:\/\/csp.ir\/tr\/wp-json\/wp\/v2\/comments?post=8632"}],"version-history":[{"count":6,"href":"https:\/\/csp.ir\/tr\/wp-json\/wp\/v2\/pages\/8632\/revisions"}],"predecessor-version":[{"id":10709,"href":"https:\/\/csp.ir\/tr\/wp-json\/wp\/v2\/pages\/8632\/revisions\/10709"}],"wp:attachment":[{"href":"https:\/\/csp.ir\/tr\/wp-json\/wp\/v2\/media?parent=8632"}],"curies":[{"name":"wp","href":"https:\/\/api.w.org\/{rel}","templated":true}]}}