{"id":8520,"date":"2019-06-23T08:30:22","date_gmt":"2019-06-23T08:30:22","guid":{"rendered":"http:\/\/www.csp.ir\/?page_id=8520"},"modified":"2020-04-20T10:02:33","modified_gmt":"2020-04-20T10:02:33","slug":"tube-shop","status":"publish","type":"page","link":"https:\/\/csp.ir\/tr\/tube-shop\/","title":{"rendered":"Bak\u0131r boru fabrikas\u0131"},"content":{"rendered":"<div class=\"wpb-content-wrapper\"><section class=\"l-section wpb_row height_medium\"><div class=\"l-section-h i-cf\"><div class=\"g-cols vc_row type_default valign_top\"><div class=\"vc_col-sm-12 wpb_column vc_column_container\"><div class=\"vc_column-inner\"><div class=\"wpb_wrapper\">\r\n\t<div class=\"wpb_text_column \">\r\n\t\t<div class=\"wpb_wrapper\">\r\n\t\t\t<p dir=\"ltr\"><strong><span style=\"font-family: 'times new roman', times, serif; font-size: 18pt;\">Bak\u0131r boru fabrikas\u0131<\/span><\/strong><\/p>\n<p dir=\"ltr\"><span style=\"font-family: 'times new roman', times, serif;\">bak\u0131r boru fabrikas\u0131 2007 y\u0131l\u0131nda 17000 metrekarelik bir alanda ve 32 milyon Euro&#8217;luk yat\u0131r\u0131m ile kurulmu\u015ftur. bu fabrika y\u0131lda 15000 ton bak\u0131r boru \u00fcretmek amac\u0131yla \u00fcretime ge\u00e7mi\u015ftir. fabrikan\u0131n \u00fcretim teknolojisi, bak\u0131r boru \u00fcretiminin en geli\u015fmi\u015f y\u00f6ntemi olan Cast &#038; Roll&#8217;dur.<a ref=\"magnificPopup\" href=\"https:\/\/www.csp.ir\/wp-content\/uploads\/2020\/04\/tube-1-300x225.jpg\"><img loading=\"lazy\" decoding=\"async\" class=\"size-medium wp-image-10313 alignright\" src=\"https:\/\/www.csp.ir\/wp-content\/uploads\/2020\/04\/tube-1-300x225-300x225.jpg\" alt=\"\" width=\"300\" height=\"225\" \/><\/a><\/span><\/p>\n<p dir=\"ltr\"><span style=\"font-family: 'times new roman', times, serif;\">bu fabrikan\u0131n ekipmanlar\u0131n\u0131n t\u00fcm\u00fc d\u00fcnyan\u0131n en b\u00fcy\u00fck Bak\u0131r\u00a0 boru \u00fcretim Ekipmanlar \u00fcreticisi olan Alman SMS-MEER \u015firketinden sat\u0131n al\u0131nm\u0131\u015ft\u0131r. Bu fabrika ergitme ve d\u00f6k\u00fcm (iki ergitme f\u0131r\u0131n\u0131 bir tutma f\u0131r\u0131n\u0131 ve D\u00f6k\u00fcm makineleri) s\u0131y\u0131rma makinesi 0.4\u00a0 (mm kal\u0131nl\u0131\u011f\u0131nda parlak ve oksitsiz bir y\u00fczeye sahip bir \u00fcr\u00fcn i\u00e7in) haddeleme (PSW veya Planet haddeleme makinesi yard\u0131m\u0131yla) \u00e7ekme (spinner block ve DDS \u00e7ekme makineleri yard\u0131m\u0131yla) oluk makinesi (\u0131s\u0131 transfer katsay\u0131s\u0131n\u0131 art\u0131rmak i\u00e7in) nivelman (Borunun Eddy current tahribats\u0131z test makinesi ile incelenmesi) anneal (\u00fcr\u00fcn\u00fcn gerekli mekanik ve metalurji \u00f6zellikleri i\u00e7in)<\/span><\/p>\n\r\n\t\t<\/div>\r\n\t<\/div>\r\n<\/div><\/div><\/div><\/div><\/div><\/section>\n<\/div>","protected":false},"excerpt":{"rendered":"Bak\u0131r boru fabrikas\u0131 bak\u0131r boru fabrikas\u0131 2007 y\u0131l\u0131nda 17000 metrekarelik bir alanda ve 32 milyon Euro'luk yat\u0131r\u0131m ile kurulmu\u015ftur. bu fabrika y\u0131lda 15000 ton bak\u0131r boru \u00fcretmek amac\u0131yla \u00fcretime ge\u00e7mi\u015ftir. fabrikan\u0131n \u00fcretim teknolojisi, bak\u0131r boru \u00fcretiminin en geli\u015fmi\u015f y\u00f6ntemi olan Cast & Roll'dur. bu fabrikan\u0131n ekipmanlar\u0131n\u0131n t\u00fcm\u00fc d\u00fcnyan\u0131n en b\u00fcy\u00fck Bak\u0131r\u00a0 boru \u00fcretim Ekipmanlar \u00fcreticisi...","protected":false},"author":16,"featured_media":0,"parent":0,"menu_order":0,"comment_status":"closed","ping_status":"closed","template":"","meta":{"footnotes":""},"class_list":["post-8520","page","type-page","status-publish","hentry"],"_links":{"self":[{"href":"https:\/\/csp.ir\/tr\/wp-json\/wp\/v2\/pages\/8520"}],"collection":[{"href":"https:\/\/csp.ir\/tr\/wp-json\/wp\/v2\/pages"}],"about":[{"href":"https:\/\/csp.ir\/tr\/wp-json\/wp\/v2\/types\/page"}],"author":[{"embeddable":true,"href":"https:\/\/csp.ir\/tr\/wp-json\/wp\/v2\/users\/16"}],"replies":[{"embeddable":true,"href":"https:\/\/csp.ir\/tr\/wp-json\/wp\/v2\/comments?post=8520"}],"version-history":[{"count":7,"href":"https:\/\/csp.ir\/tr\/wp-json\/wp\/v2\/pages\/8520\/revisions"}],"predecessor-version":[{"id":10541,"href":"https:\/\/csp.ir\/tr\/wp-json\/wp\/v2\/pages\/8520\/revisions\/10541"}],"wp:attachment":[{"href":"https:\/\/csp.ir\/tr\/wp-json\/wp\/v2\/media?parent=8520"}],"curies":[{"name":"wp","href":"https:\/\/api.w.org\/{rel}","templated":true}]}}