{"id":8510,"date":"2019-06-23T08:19:05","date_gmt":"2019-06-23T08:19:05","guid":{"rendered":"http:\/\/www.csp.ir\/?page_id=8510"},"modified":"2020-04-20T10:17:10","modified_gmt":"2020-04-20T10:17:10","slug":"coin-shop-2","status":"publish","type":"page","link":"https:\/\/csp.ir\/tr\/coin-shop-2\/","title":{"rendered":"Darphane"},"content":{"rendered":"<div class=\"wpb-content-wrapper\"><section class=\"l-section wpb_row height_medium\"><div class=\"l-section-h i-cf\"><div class=\"g-cols vc_row type_default valign_top\"><div class=\"vc_col-sm-12 wpb_column vc_column_container\"><div class=\"vc_column-inner\"><div class=\"wpb_wrapper\">\r\n\t<div class=\"wpb_text_column \">\r\n\t\t<div class=\"wpb_wrapper\">\r\n\t\t\t<p dir=\"ltr\"><strong><span style=\"font-size: 18pt; font-family: 'times new roman', times, serif;\">Darphane<\/span><\/strong><\/p>\n<p dir=\"ltr\"><span style=\"font-family: 'times new roman', times, serif;\">Uzun y\u0131llardan beri Bak\u0131r ala\u015f\u0131mlar, madeni para yapmak i\u00e7in kullan\u0131lm\u0131\u015ft\u0131r.bak\u0131r sikkeler \u00e7ok dayan\u0131kl\u0131 ve \u00fcretimi nispeten kolayd\u0131r. farkl\u0131 Bak\u0131r ala\u015f\u0131m bile\u015fimleri farkl\u0131 <a ref=\"magnificPopup\" href=\"https:\/\/www.csp.ir\/wp-content\/uploads\/2020\/04\/coin98-300x188.jpg\"><img loading=\"lazy\" decoding=\"async\" class=\"size-medium wp-image-10309 alignright\" src=\"https:\/\/www.csp.ir\/wp-content\/uploads\/2020\/04\/coin98-300x188-300x188.jpg\" alt=\"\" width=\"300\" height=\"188\" \/><\/a>renklere sahiptir Bu nedenle farkl\u0131 ala\u015f\u0131mlardan yap\u0131lm\u0131\u015f madeni paralar\u0131n de\u011feri farkl\u0131d\u0131r. nakit ak\u0131\u015f\u0131 d\u00f6ng\u00fcs\u00fcnde madeni paralar, Ka\u011f\u0131t paralara g\u00f6re daha uzun s\u00fcre dayan\u0131r ve bu nedenle ATM&#8217;ler, i\u00e7ecek sat\u0131\u015f makineleri, gazete bayileri vb. gibi yerlerde kullan\u0131lmaktad\u0131rlar. her y\u0131l binlerce ton Bak\u0131r, madeni paraya d\u00f6n\u00fc\u015ft\u00fcr\u00fclmektedir. \u015firketimizin darphanesi 3000 metrekarelik altyap\u0131s\u0131yla 2 \u00fcretim hatt\u0131na sahiptir ve bu hatlar en iyi Alman ve Frans\u0131z makineleri ile donat\u0131lm\u0131\u015ft\u0131r. bu iki hat y\u0131lda toplam 6000 ton kapasiteye sahiptir. madeni para \u00fcretiminde, \u00fcr\u00fcn kalitesi, renk, boyut y\u00fczey p\u00fcr\u00fczl\u00fcl\u00fc\u011f\u00fc, sertlik gibi farkl\u0131 y\u00f6nler b\u00fcy\u00fck bir \u00f6neme ta\u015f\u0131r ve kalite kontrol departman\u0131 taraf\u0131ndan denetlenir.<\/span><\/p>\n\r\n\t\t<\/div>\r\n\t<\/div>\r\n<\/div><\/div><\/div><\/div><\/div><\/section>\n<\/div>","protected":false},"excerpt":{"rendered":"Darphane Uzun y\u0131llardan beri Bak\u0131r ala\u015f\u0131mlar, madeni para yapmak i\u00e7in kullan\u0131lm\u0131\u015ft\u0131r.bak\u0131r sikkeler \u00e7ok dayan\u0131kl\u0131 ve \u00fcretimi nispeten kolayd\u0131r. farkl\u0131 Bak\u0131r ala\u015f\u0131m bile\u015fimleri farkl\u0131 renklere sahiptir Bu nedenle farkl\u0131 ala\u015f\u0131mlardan yap\u0131lm\u0131\u015f madeni paralar\u0131n de\u011feri farkl\u0131d\u0131r. nakit ak\u0131\u015f\u0131 d\u00f6ng\u00fcs\u00fcnde madeni paralar, Ka\u011f\u0131t paralara g\u00f6re daha uzun s\u00fcre dayan\u0131r ve bu nedenle ATM'ler, i\u00e7ecek sat\u0131\u015f makineleri, gazete bayileri...","protected":false},"author":16,"featured_media":0,"parent":0,"menu_order":0,"comment_status":"closed","ping_status":"closed","template":"","meta":{"footnotes":""},"class_list":["post-8510","page","type-page","status-publish","hentry"],"_links":{"self":[{"href":"https:\/\/csp.ir\/tr\/wp-json\/wp\/v2\/pages\/8510"}],"collection":[{"href":"https:\/\/csp.ir\/tr\/wp-json\/wp\/v2\/pages"}],"about":[{"href":"https:\/\/csp.ir\/tr\/wp-json\/wp\/v2\/types\/page"}],"author":[{"embeddable":true,"href":"https:\/\/csp.ir\/tr\/wp-json\/wp\/v2\/users\/16"}],"replies":[{"embeddable":true,"href":"https:\/\/csp.ir\/tr\/wp-json\/wp\/v2\/comments?post=8510"}],"version-history":[{"count":9,"href":"https:\/\/csp.ir\/tr\/wp-json\/wp\/v2\/pages\/8510\/revisions"}],"predecessor-version":[{"id":10543,"href":"https:\/\/csp.ir\/tr\/wp-json\/wp\/v2\/pages\/8510\/revisions\/10543"}],"wp:attachment":[{"href":"https:\/\/csp.ir\/tr\/wp-json\/wp\/v2\/media?parent=8510"}],"curies":[{"name":"wp","href":"https:\/\/api.w.org\/{rel}","templated":true}]}}