{"id":8506,"date":"2019-06-23T08:14:32","date_gmt":"2019-06-23T08:14:32","guid":{"rendered":"http:\/\/www.csp.ir\/?page_id=8506"},"modified":"2020-04-29T08:26:16","modified_gmt":"2020-04-29T08:26:16","slug":"rolling","status":"publish","type":"page","link":"https:\/\/csp.ir\/tr\/rolling\/","title":{"rendered":"Haddehane"},"content":{"rendered":"<div class=\"wpb-content-wrapper\"><section class=\"l-section wpb_row height_medium\"><div class=\"l-section-h i-cf\"><div class=\"g-cols vc_row type_default valign_top\"><div class=\"vc_col-sm-12 wpb_column vc_column_container\"><div class=\"vc_column-inner\"><div class=\"wpb_wrapper\">\r\n\t<div class=\"wpb_text_column \">\r\n\t\t<div class=\"wpb_wrapper\">\r\n\t\t\t<p dir=\"ltr\"><span style=\"font-size: 18pt;\"><strong><span style=\"font-family: 'times new roman', times, serif;\">Haddehane<\/span><\/strong><\/span><\/p>\n<p dir=\"ltr\"><span style=\"font-family: 'times new roman', times, serif; font-size: 12pt;\">32000 metrekarelik altyap\u0131da olan haddehanemizde \u00e7e\u015fitli so\u011fuk ve s\u0131cak haddeleme makineleri, tavlama ve \u00f6n \u0131s\u0131tma f\u0131r\u0131nlar\u0131, asit temizleme ve kesme makineleri <a ref=\"magnificPopup\" href=\"https:\/\/www.csp.ir\/wp-content\/uploads\/2020\/04\/roll-300x202.jpg\"><img loading=\"lazy\" decoding=\"async\" class=\"size-medium wp-image-10305 alignright\" src=\"https:\/\/www.csp.ir\/wp-content\/uploads\/2020\/04\/roll-300x202-300x202.jpg\" alt=\"\" width=\"300\" height=\"202\" \/><\/a>bulunmaktad\u0131r. Bu fabrikan\u0131n teknolojisi, teknik bilgisi ve makineleri, Japon Kobe Steel \u015firketinden sat\u0131n al\u0131nm\u0131\u015ft\u0131r. \u015fu anda haddehanenin \u00fcretim kapasitesi y\u0131lda 35050 tondur ve 0.004 milimetre kal\u0131nl\u0131\u011f\u0131ndan ba\u015flayan ve maksimum 660 milimetre geni\u015fli\u011fi olan \u00e7e\u015fitli Bak\u0131r,pirin\u00e7 ve ala\u015f\u0131ml\u0131 levha ve \u015feritler \u00fcretmektedir. geli\u015fmi\u015f makine, ekipman, kal\u0131nl\u0131k(AGC) ve y\u00fczey p\u00fcr\u00fczl\u00fc\u011f\u00fc(AFC) otomatik kontrol sistemi ve 20 silindir ile donat\u0131lm\u0131\u015f so\u011fuk haddeleme makinesi ile, kal\u0131nl\u0131\u011f\u0131, belirlenen \u00f6l\u00e7\u00fcye kadar azalatmak m\u00fcmk\u00fcn.<\/span><\/p>\n<p dir=\"ltr\"><span style=\"font-family: 'times new roman', times, serif; font-size: 12pt;\">fabrikam\u0131zda \u00fcretilen bak\u0131r bazl\u0131 ala\u015f\u0131mlar, pirin\u00e7,bak\u0131r ve di\u011fer bak\u0131r bazl\u0131 ala\u015f\u0131ml\u0131 folyo, levha ve \u015feritler, end\u00fcstriler so\u011futma ekipmanlar\u0131, \u00fcretim sanayisi, Derin \u00e7ekme sanayisi, elektrik sanayisi, Otomotiv sanayisi, el sanatlar\u0131 gibi sanayilerde kullan\u0131lmaktad\u0131r ve \u00fc\u00e7 gruba ayr\u0131larak \u00fcretilir ve sat\u0131l\u0131r.<\/span><\/p>\n<p dir=\"ltr\"><strong><a href=\"https:\/\/www.csp.ir\/tr\/bakir-levha-ve-serit\/\"><span style=\"font-family: 'times new roman', times, serif; font-size: 12pt;\">bak\u0131r levha ve \u015ferit<\/span><\/a><\/strong><\/p>\n<p dir=\"ltr\"><strong><a href=\"https:\/\/www.csp.ir\/tr\/pirinc-levha-ve-serit\/\"><span style=\"font-family: 'times new roman', times, serif; font-size: 12pt;\">pirin\u00e7 levha ve \u015ferit<\/span><\/a><\/strong><\/p>\n<p dir=\"ltr\"><strong><a href=\"https:\/\/www.csp.ir\/tr\/alasimlar-ile-levha-ve-serit\/\"><span style=\"font-family: 'times new roman', times, serif; font-size: 12pt;\">ala\u015f\u0131ml\u0131 levha ve \u015ferit<\/span><\/a><\/strong><\/p>\n\r\n\t\t<\/div>\r\n\t<\/div>\r\n<\/div><\/div><\/div><\/div><\/div><\/section><!-- Row Backgrounds --><section class=\"l-section wpb_row height_medium\"><div class=\"l-section-h i-cf\"><div class=\"g-cols vc_row type_default valign_top\"><div class=\"vc_col-sm-12 wpb_column vc_column_container\"><div class=\"vc_column-inner\"><div class=\"wpb_wrapper\"><\/div><\/div><\/div><\/div><\/div><\/section>\n<\/div>","protected":false},"excerpt":{"rendered":"Haddehane 32000 metrekarelik altyap\u0131da olan haddehanemizde \u00e7e\u015fitli so\u011fuk ve s\u0131cak haddeleme makineleri, tavlama ve \u00f6n \u0131s\u0131tma f\u0131r\u0131nlar\u0131, asit temizleme ve kesme makineleri bulunmaktad\u0131r. Bu fabrikan\u0131n teknolojisi, teknik bilgisi ve makineleri, Japon Kobe Steel \u015firketinden sat\u0131n al\u0131nm\u0131\u015ft\u0131r. \u015fu anda haddehanenin \u00fcretim kapasitesi y\u0131lda 35050 tondur ve 0.004 milimetre kal\u0131nl\u0131\u011f\u0131ndan ba\u015flayan ve maksimum 660 milimetre geni\u015fli\u011fi olan...","protected":false},"author":16,"featured_media":0,"parent":0,"menu_order":0,"comment_status":"closed","ping_status":"closed","template":"","meta":{"footnotes":""},"class_list":["post-8506","page","type-page","status-publish","hentry"],"_links":{"self":[{"href":"https:\/\/csp.ir\/tr\/wp-json\/wp\/v2\/pages\/8506"}],"collection":[{"href":"https:\/\/csp.ir\/tr\/wp-json\/wp\/v2\/pages"}],"about":[{"href":"https:\/\/csp.ir\/tr\/wp-json\/wp\/v2\/types\/page"}],"author":[{"embeddable":true,"href":"https:\/\/csp.ir\/tr\/wp-json\/wp\/v2\/users\/16"}],"replies":[{"embeddable":true,"href":"https:\/\/csp.ir\/tr\/wp-json\/wp\/v2\/comments?post=8506"}],"version-history":[{"count":10,"href":"https:\/\/csp.ir\/tr\/wp-json\/wp\/v2\/pages\/8506\/revisions"}],"predecessor-version":[{"id":10658,"href":"https:\/\/csp.ir\/tr\/wp-json\/wp\/v2\/pages\/8506\/revisions\/10658"}],"wp:attachment":[{"href":"https:\/\/csp.ir\/tr\/wp-json\/wp\/v2\/media?parent=8506"}],"curies":[{"name":"wp","href":"https:\/\/api.w.org\/{rel}","templated":true}]}}