{"id":8491,"date":"2019-06-23T07:47:07","date_gmt":"2019-06-23T07:47:07","guid":{"rendered":"http:\/\/www.csp.ir\/?page_id=8491"},"modified":"2020-04-20T09:10:17","modified_gmt":"2020-04-20T09:10:17","slug":"foundry","status":"publish","type":"page","link":"https:\/\/csp.ir\/tr\/foundry\/","title":{"rendered":"ergitme ve d\u00f6k\u00fcm fabrikas\u0131"},"content":{"rendered":"<p dir=\"ltr\"><span style=\"font-size: 18pt; font-family: 'times new roman', times, serif;\"><strong>Ergitme ve d\u00f6k\u00fcm fabrikas\u0131<\/strong><\/span><\/p>\n<p dir=\"ltr\"><span style=\"font-family: 'times new roman', times, serif; font-size: 14pt;\">d\u00f6k\u00fcm fabrikas\u0131 Alman Krup teknolojisi ve Auto Kompo \u015firketinin teknik bilgisinden yararlanarak 13500 metrekarelik bir alanda tasarlan\u0131p in\u015fa edilmi\u015ftir ve \u00fcretim kapasitesi y\u0131lda 64000 tondur. bu fabrika 4 d\u00f6k\u00fcm hatt\u0131na sahiptir ve f\u0131r\u0131nlar\u0131, kanal ve end\u00fcktif f\u0131r\u0131nlar\u0131d\u0131r.<\/span><\/p>\n<p><span style=\"font-family: 'times new roman', times, serif; font-size: 14pt;\"><img loading=\"lazy\" decoding=\"async\" class=\"size-medium wp-image-9921 alignright\" src=\"https:\/\/www.csp.ir\/wp-content\/uploads\/2020\/03\/foun-298x300-298x300.jpg\" alt=\"\" width=\"298\" height=\"300\" srcset=\"https:\/\/csp.ir\/wp-content\/uploads\/2020\/03\/foun-298x300.jpg 298w, https:\/\/csp.ir\/wp-content\/uploads\/2020\/03\/foun-298x300-150x150.jpg 150w, https:\/\/csp.ir\/wp-content\/uploads\/2020\/03\/foun-298x300-100x100.jpg 100w\" sizes=\"(max-width: 298px) 100vw, 298px\" \/><\/span><\/p>\n<p dir=\"ltr\"><span style=\"font-family: 'times new roman', times, serif; font-size: 14pt;\">bu fabrikan\u0131n \u00fcr\u00fcnleri Slab,billet, bak\u0131r \u015ferit ve pirin\u00e7 Kur\u015funlu pirin\u00e7, bak\u0131r nikel, nikel G\u00fcm\u00fc\u015f ve nikel pirin\u00e7 gibi ala\u015f\u0131mlara ayr\u0131lm\u0131\u015ft\u0131r. ki asl\u0131nda 2 ekstr\u00fczyon ve haddehane fabrikalar\u0131n\u0131n hammaddelerini temin etmektedir.<\/span><\/p>\n<p dir=\"ltr\"><span style=\"font-family: 'times new roman', times, serif; font-size: 14pt;\">Ayr\u0131ca fabrikada <\/span><span style=\"font-family: 'times new roman', times, serif; font-size: 14pt;\">m\u00fc\u015fterilere \u00f6zel olarak slab ve billet \u00fcretebiliriz. fabrikan\u0131n 1,2 ve 3 numaral\u0131 hatlar\u0131 190 ve 250 milimetre \u00e7ap\u0131nda billet ve 127 x 660 slab \u00fcretebilmekte. bu fabrikan\u0131n 4 numaral\u0131 hatt\u0131 14 milimetre kal\u0131nl\u0131\u011f\u0131nda ve 500 milimetre geni\u015fli\u011findeki \u015ferit D\u00f6k\u00fcm\u00fc yapabilir, B\u00f6ylece s\u0131cak haddeleme ile \u00fcretilmesi zor olan ala\u015f\u0131mlar ve kur\u015funlu levha ve \u015ferit, fosfor bronz, Kalayl\u0131 pirin\u00e7 gibi donmas\u0131 uzun s\u00fcren ala\u015f\u0131mlara d\u00f6k\u00fcm i\u015flemi yap\u0131labilir.<\/span><\/p>\n<p dir=\"ltr\"><span style=\"font-family: 'times new roman', times, serif; font-size: 14pt;\">ala\u015f\u0131mlama i\u00e7in hammadde se\u00e7imi ve bile\u015fimi uluslararas\u0131 standartlara g\u00f6re se\u00e7ilir, son yap\u0131land\u0131rmalardan sonra f\u0131r\u0131na g\u00f6nderilir ,ergitme i\u015fleminden sonra elde edilen eriyi pn\u00f6matik posta yoluyla laboratuvara g\u00f6nderilir ve Optik emisyon Spark ve x-\u0131\u015f\u0131n\u0131 spektrometre cihazlar\u0131yla analiz edildikten sonra d\u00f6k\u00fcm i\u015flemi tamamlan\u0131r.<\/span><span style=\"font-family: 'times new roman', times, serif; font-size: 14pt;\">son olarak kalite kontrol birimi d\u00f6k\u00fcm \u00fcr\u00fcnlerini uluslararas\u0131 standartlarla kontrol ve kar\u015f\u0131la\u015ft\u0131r\u0131r e\u015fle\u015firse onaylan\u0131r.<\/span><\/p>\n<p style=\"text-align: left;\">\n","protected":false},"excerpt":{"rendered":"<p>Ergitme ve d\u00f6k\u00fcm fabrikas\u0131 d\u00f6k\u00fcm fabrikas\u0131 Alman Krup teknolojisi ve Auto Kompo \u015firketinin teknik bilgisinden yararlanarak 13500 metrekarelik bir alanda tasarlan\u0131p in\u015fa edilmi\u015ftir ve \u00fcretim kapasitesi y\u0131lda 64000 tondur. bu fabrika 4 d\u00f6k\u00fcm hatt\u0131na sahiptir ve f\u0131r\u0131nlar\u0131, kanal ve end\u00fcktif f\u0131r\u0131nlar\u0131d\u0131r. bu fabrikan\u0131n \u00fcr\u00fcnleri Slab,billet, bak\u0131r \u015ferit ve pirin\u00e7 Kur\u015funlu pirin\u00e7, bak\u0131r nikel, nikel G\u00fcm\u00fc\u015f&#8230;<\/p>\n","protected":false},"author":16,"featured_media":0,"parent":0,"menu_order":0,"comment_status":"closed","ping_status":"closed","template":"","meta":{"footnotes":""},"class_list":["post-8491","page","type-page","status-publish","hentry"],"_links":{"self":[{"href":"https:\/\/csp.ir\/tr\/wp-json\/wp\/v2\/pages\/8491"}],"collection":[{"href":"https:\/\/csp.ir\/tr\/wp-json\/wp\/v2\/pages"}],"about":[{"href":"https:\/\/csp.ir\/tr\/wp-json\/wp\/v2\/types\/page"}],"author":[{"embeddable":true,"href":"https:\/\/csp.ir\/tr\/wp-json\/wp\/v2\/users\/16"}],"replies":[{"embeddable":true,"href":"https:\/\/csp.ir\/tr\/wp-json\/wp\/v2\/comments?post=8491"}],"version-history":[{"count":15,"href":"https:\/\/csp.ir\/tr\/wp-json\/wp\/v2\/pages\/8491\/revisions"}],"predecessor-version":[{"id":10533,"href":"https:\/\/csp.ir\/tr\/wp-json\/wp\/v2\/pages\/8491\/revisions\/10533"}],"wp:attachment":[{"href":"https:\/\/csp.ir\/tr\/wp-json\/wp\/v2\/media?parent=8491"}],"curies":[{"name":"wp","href":"https:\/\/api.w.org\/{rel}","templated":true}]}}