{"id":8487,"date":"2019-06-23T07:39:20","date_gmt":"2019-06-23T07:39:20","guid":{"rendered":"http:\/\/www.csp.ir\/?page_id=8487"},"modified":"2020-03-14T17:05:06","modified_gmt":"2020-03-14T17:05:06","slug":"alasimlar-ile-levha-ve-serit","status":"publish","type":"page","link":"https:\/\/csp.ir\/tr\/alasimlar-ile-levha-ve-serit\/","title":{"rendered":"Ala\u015f\u0131mlar"},"content":{"rendered":"<div class=\"wpb-content-wrapper\"><section class=\"l-section wpb_row height_medium\"><div class=\"l-section-h i-cf\"><div class=\"g-cols vc_row type_default valign_top\"><div class=\"vc_col-sm-12 wpb_column vc_column_container\"><div class=\"vc_column-inner\"><div class=\"wpb_wrapper\">\r\n\t<div class=\"wpb_text_column \">\r\n\t\t<div class=\"wpb_wrapper\">\r\n\t\t\t<p dir=\"ltr\"><span style=\"font-size: 18pt;\"><strong><span style=\"font-family: 'times new roman', times, serif;\">Di\u011fer bak\u0131r bazl\u0131 ala\u015f\u0131mlar ile levha ve \u015ferit<\/span><\/strong><\/span><\/p>\n<p dir=\"ltr\"><span style=\"font-family: 'times new roman', times, serif; font-size: 14pt;\">\u015eehit bahoner bak\u0131r Sanayi \u015firketinde pirin\u00e7 ala\u015f\u0131mlar\u0131n\u0131n yan\u0131s\u0131ra levha ve \u015feritler di\u011fer ala\u015f\u0131mlar ile de \u00fcretilmektedir. bak\u0131r bazl\u0131 ala\u015f\u0131mlar yani pirin\u00e7 olmayan bak\u0131r bazl\u0131 ala\u015f\u0131mlar, bronz ve bak\u0131r nikel olarak da bilinir.<\/span><\/p>\n\r\n\t\t<\/div>\r\n\t<\/div>\r\n<\/div><\/div><\/div><div class=\"vc_col-sm-12 wpb_column vc_column_container\"><div class=\"vc_column-inner\"><div class=\"wpb_wrapper\"><div class=\"w-tabs layout_default icon_chevron iconpos_right \"><div class=\"w-tabs-list items_4\"><div class=\"w-tabs-list-h\"><div class=\"w-tabs-item active\"><a href=\"#1552725373410-264eb1d7-9d21\" class=\"w-tabs-item-h\"><span class=\"w-tabs-item-title\">Kullan\u0131m \u00f6zellikleri<\/span><\/a><\/div>\n<div class=\"w-tabs-item\"><a href=\"#1552725373436-6a10f2d8-7975\" class=\"w-tabs-item-h\"><span class=\"w-tabs-item-title\">Boyutlar<\/span><\/a><\/div>\n<div class=\"w-tabs-item\"><a href=\"#1552725376104-11f096c9-9d3b\" class=\"w-tabs-item-h\"><span class=\"w-tabs-item-title\">kimyasal \u00f6zellikleri<\/span><\/a><\/div>\n<div class=\"w-tabs-item\"><a href=\"#1552725376390-8ad53dd2-e714\" class=\"w-tabs-item-h\"><span class=\"w-tabs-item-title\">Standartlar<\/span><\/a><\/div>\n<\/div><\/div><div class=\"w-tabs-sections\"><div class=\"w-tabs-sections-h\"><div class=\"w-tabs-section active\" id=\"1552725373410-264eb1d7-9d21\"><a href=\"#1552725373410-264eb1d7-9d21\" class=\"w-tabs-section-header\"><div class=\"w-tabs-section-header-h\"><div class=\"w-tabs-section-title\">Kullan\u0131m \u00f6zellikleri<\/div><div class=\"w-tabs-section-control\"><\/div><\/div><\/a><div class=\"w-tabs-section-content\"><div class=\"w-tabs-section-content-h i-cf\">\r\n\t<div class=\"wpb_text_column \">\r\n\t\t<div class=\"wpb_wrapper\">\r\n\t\t\t<p dir=\"ltr\"><span style=\"font-family: 'times new roman', times, serif; font-size: 14pt;\">Bu \u00fcr\u00fcnler fosfor bronz, al\u00fcminyum broz ve bak\u0131r nikel levha ve \u015feritlerdir.<\/span><\/p>\n<p dir=\"ltr\"><span style=\"font-family: 'times new roman', times, serif; font-size: 14pt;\"><strong>fosfor bronz levha ve \u015ferit:<\/strong> Bu \u00fcr\u00fcn y\u00fcksek s\u0131cakl\u0131klarda mekanik \u00f6zelliklerini korumas\u0131 nedeniyle \u00fcr\u00fcn\u00fcn elastikli\u011fini korunmas\u0131 gerekli olan yerlerde kullan\u0131l\u0131r. Bu \u00fcr\u00fcn elektrik end\u00fcstrisinde kullan\u0131lmaktad\u0131r.<\/span><\/p>\n<p dir=\"ltr\"><span style=\"font-family: 'times new roman', times, serif; font-size: 14pt;\"><strong>al\u00fcminyum bronz levha ve \u015ferit:<\/strong> Bu \u00fcr\u00fcn al\u00fcminyum i\u00e7erdi\u011fi i\u00e7in korozyon ve Oksidasyona kar\u015f\u0131 daha diren\u00e7lidir ve en \u00e7ok madeni para \u00fcretiminde kullan\u0131lmaktad\u0131r.<\/span><\/p>\n<p dir=\"ltr\"><span style=\"font-family: 'times new roman', times, serif; font-size: 14pt;\"><strong>bak\u0131r nikel levha ve \u015ferit:<\/strong> Bu \u00fcr\u00fcn nikel i\u00e7erdi\u011fi i\u00e7in y\u00fcksek s\u0131cakl\u0131klarda dayan\u0131kl\u0131l\u0131\u011f\u0131 di\u011fer bak\u0131r bazl\u0131 ala\u015f\u0131mlara g\u00f6re daha y\u00fcksektir Bu \u00fcr\u00fcn Denizcilik, Telekom\u00fcnikasyon ve madeni para end\u00fcstrilerinde kullan\u0131lmakta.<\/span><\/p>\n<p dir=\"ltr\"><span style=\"font-family: 'times new roman', times, serif; font-size: 14pt;\"><strong>pirin\u00e7 nikel levha ve \u015ferit:<\/strong> korozyona kar\u015f\u0131 \u00e7ok dayan\u0131kl\u0131d\u0131r ve madeni para \u00fcretiminde kullan\u0131lmaktad\u0131r.<\/span><\/p>\n<p dir=\"ltr\"><span style=\"font-family: 'times new roman', times, serif; font-size: 14pt;\"><strong>g\u00fcm\u00fc\u015f nikel levha ve \u015ferit:<\/strong> Bu \u00fcr\u00fcn\u00fcn kullan\u0131m \u00f6zellikleri pirin\u00e7 nikel gibidir Bir Tek farkla, bu \u00fcr\u00fcn\u00fcn dayan\u0131kl\u0131l\u0131\u011f\u0131 pirin\u00e7 nikele g\u00f6re daha fazlad\u0131r ve madeni para \u00fcretiminde kullan\u0131lmaktad\u0131r.<\/span><\/p>\n<p dir=\"ltr\"><span style=\"font-family: 'times new roman', times, serif; font-size: 14pt;\">m\u00fc\u015fterinin iste\u011fine g\u00f6re levha ve \u015ferit di\u011fer ala\u015f\u0131mlarla da \u00fcretilir.<\/span><\/p>\n\r\n\t\t<\/div>\r\n\t<\/div>\r\n<\/div><\/div><\/div><div class=\"w-tabs-section\" id=\"1552725373436-6a10f2d8-7975\"><a href=\"#1552725373436-6a10f2d8-7975\" class=\"w-tabs-section-header\"><div class=\"w-tabs-section-header-h\"><div class=\"w-tabs-section-title\">Boyutlar<\/div><div class=\"w-tabs-section-control\"><\/div><\/div><\/a><div class=\"w-tabs-section-content\"><div class=\"w-tabs-section-content-h i-cf\">\r\n\t<div class=\"wpb_text_column \">\r\n\t\t<div class=\"wpb_wrapper\">\r\n\t\t\t<p dir=\"ltr\" style=\"text-align: left;\"><span style=\"font-family: 'times new roman', times, serif; font-size: 14pt;\">\u00fcr\u00fcnler farkl\u0131 kal\u0131nl\u0131klarda ve geni\u015fliklerde \u00fcretilmekte. A\u015fa\u011f\u0131daki tabloda \u00fcretilebilecek boyut aral\u0131klar\u0131 g\u00f6sterilmekte:<\/span><\/p>\n<table class=\" alignleft\" style=\"width: 387px; height: 129px;\" align=\"center\">\n<tbody>\n<tr>\n<td dir=\"ltr\" style=\"border: 1px solid #000000; text-align: center;\"><span style=\"font-family: 'times new roman', times, serif; font-size: 14pt;\"><strong>kal\u0131nl\u0131k(mm)\u00a0\u00a0 <\/strong><\/span><\/td>\n<td dir=\"ltr\" style=\"border: 1px solid #000000; text-align: center;\"><span style=\"font-size: 14pt; font-family: 'times new roman', times, serif;\"><strong>Geni\u015flik(mm)<\/strong><\/span><\/td>\n<\/tr>\n<tr>\n<td dir=\"ltr\" style=\"border: 1px solid #000000; text-align: center;\"><span style=\"font-family: 'times new roman', times, serif;\">0.1 &#8211; 0.15\u00a0<\/span><\/td>\n<td style=\"border: 1px solid #000000; text-align: center;\"><span style=\"font-family: 'times new roman', times, serif;\">15-200<\/span><\/td>\n<\/tr>\n<tr>\n<td dir=\"ltr\" style=\"border: 1px solid #000000; text-align: center;\"><span style=\"font-family: 'times new roman', times, serif;\">0.15 &#8211; 2\u00a0<\/span><\/td>\n<td style=\"border: 1px solid #000000; text-align: center;\"><span style=\"font-family: 'times new roman', times, serif;\">15-500<\/span><\/td>\n<\/tr>\n<tr>\n<td dir=\"ltr\" style=\"border: 1px solid #000000; text-align: center;\"><span style=\"font-family: 'times new roman', times, serif;\">2 &#8211; 6\u00a0<\/span><\/td>\n<td style=\"border: 1px solid #000000; text-align: center;\"><span style=\"font-family: 'times new roman', times, serif;\">20-500<\/span><\/td>\n<\/tr>\n<\/tbody>\n<\/table>\n\r\n\t\t<\/div>\r\n\t<\/div>\r\n<\/div><\/div><\/div><div class=\"w-tabs-section\" id=\"1552725376104-11f096c9-9d3b\"><a href=\"#1552725376104-11f096c9-9d3b\" class=\"w-tabs-section-header\"><div class=\"w-tabs-section-header-h\"><div class=\"w-tabs-section-title\">kimyasal \u00f6zellikleri<\/div><div class=\"w-tabs-section-control\"><\/div><\/div><\/a><div class=\"w-tabs-section-content\"><div class=\"w-tabs-section-content-h i-cf\">\r\n\t<div class=\"wpb_text_column \">\r\n\t\t<div class=\"wpb_wrapper\">\r\n\t\t\t<p dir=\"ltr\"><span style=\"font-family: 'times new roman', times, serif; font-size: 14pt;\">kimyasal Analizi ve standart uygunlu\u011fu \u015f\u00f6yledir:<\/span><\/p>\n<p><a ref=\"magnificPopup\" href=\"http:\/\/nonegar7.ir\/esm\/wp-content\/uploads\/2019\/03\/91-4.jpg\"><img loading=\"lazy\" decoding=\"async\" class=\" wp-image-6591 aligncenter\" src=\"http:\/\/nonegar7.ir\/esm\/wp-content\/uploads\/2019\/03\/91-4-300x108.jpg\" alt=\"\" width=\"563\" height=\"203\" srcset=\"https:\/\/csp.ir\/wp-content\/uploads\/2019\/03\/91-4-300x108.jpg 300w, https:\/\/csp.ir\/wp-content\/uploads\/2019\/03\/91-4.jpg 723w\" sizes=\"(max-width: 563px) 100vw, 563px\" \/><\/a><\/p>\n<p dir=\"ltr\"><span style=\"font-family: 'times new roman', times, serif; font-size: 14pt;\">M\u00fc\u015fterinin iste\u011fine g\u00f6re bak\u0131r ala\u015f\u0131mlar\u0131 ile de levha \u00fcretilebilir.<\/span><\/p>\n\r\n\t\t<\/div>\r\n\t<\/div>\r\n<\/div><\/div><\/div><div class=\"w-tabs-section\" id=\"1552725376390-8ad53dd2-e714\"><a href=\"#1552725376390-8ad53dd2-e714\" class=\"w-tabs-section-header\"><div class=\"w-tabs-section-header-h\"><div class=\"w-tabs-section-title\">Standartlar<\/div><div class=\"w-tabs-section-control\"><\/div><\/div><\/a><div class=\"w-tabs-section-content\"><div class=\"w-tabs-section-content-h i-cf\">\r\n\t<div class=\"wpb_text_column \">\r\n\t\t<div class=\"wpb_wrapper\">\r\n\t\t\t<p dir=\"ltr\"><span style=\"font-family: 'times new roman', times, serif; font-size: 14pt;\">\u015firketimiz \u00fcr\u00fcnlerini uluslararas\u0131 standartlara uygun olarak sunmaktan gurur duyar. bak\u0131r levha ve \u015ferit i\u00e7in standartlar:<\/span><\/p>\n<p style=\"text-align: left;\"><span style=\"font-family: 'times new roman', times, serif; font-size: 14pt;\"><strong>DIN 1787<\/strong><\/span><br \/>\n<span style=\"font-family: 'times new roman', times, serif; font-size: 14pt;\">Copper-Half-finished Products<\/span><\/p>\n<p style=\"text-align: left;\"><span style=\"font-family: 'times new roman', times, serif; font-size: 14pt;\"><strong>DIN 17670<\/strong><\/span><br \/>\n<span style=\"font-family: 'times new roman', times, serif; font-size: 14pt;\">Wrought copper and copper alloy plate, sheet and strip<\/span><\/p>\n<p style=\"text-align: left;\"><span style=\"font-family: 'times new roman', times, serif; font-size: 14pt;\"><strong>DIN EN 1653<\/strong><\/span><br \/>\n<span style=\"font-family: 'times new roman', times, serif; font-size: 14pt;\">Copper and copper alloys &#8211; Plate, sheet and circles for boilers, pressure vessels and hot water storage units<\/span><\/p>\n<p style=\"text-align: left;\"><span style=\"font-family: 'times new roman', times, serif; font-size: 14pt;\"><strong>ASTM B248M-07<\/strong><\/span><br \/>\n<span style=\"font-family: 'times new roman', times, serif; font-size: 14pt;\">Standard Specification for General Requirements for Wrought Copper and Copper-Alloy Plate, Sheet, Strip, and Rolled Bar<\/span><\/p>\n<p style=\"text-align: left;\"><span style=\"font-family: 'times new roman', times, serif; font-size: 14pt;\"><strong>JIS H 3100:2006-02-20<\/strong><\/span><br \/>\n<span style=\"font-family: 'times new roman', times, serif; font-size: 14pt;\">Copper and copper alloy sheets, plates and strips<\/span><\/p>\n<p style=\"text-align: left;\"><span style=\"font-family: 'times new roman', times, serif; font-size: 14pt;\"><strong>BS<\/strong> <strong>2875:1969<\/strong><\/span><br \/>\n<span style=\"font-family: 'times new roman', times, serif; font-size: 14pt;\">Specification for copper and copper alloys. Plate<\/span><\/p>\n<p style=\"text-align: left;\"><span style=\"font-family: 'times new roman', times, serif; font-size: 14pt;\"><strong>BS EN 1652:1998<\/strong><\/span><br \/>\n<span style=\"font-family: 'times new roman', times, serif; font-size: 14pt;\">Copper and copper alloys. Plate, sheet, strip and circles for general purposes<\/span><\/p>\n<p style=\"text-align: left;\"><span style=\"font-family: 'times new roman', times, serif; font-size: 14pt;\"><strong>BS EN 1653:1998<\/strong><\/span><br \/>\n<span style=\"font-family: 'times new roman', times, serif; font-size: 14pt;\">Copper and copper alloys. Plate, sheet and cir cles for boilers, pressure vessels and hot water storage units<\/span><\/p>\n\r\n\t\t<\/div>\r\n\t<\/div>\r\n<\/div><\/div><\/div><\/div><\/div><\/div><\/div><\/div><\/div><\/div><\/div><\/section><section class=\"l-section wpb_row height_medium\"><div class=\"l-section-h i-cf\"><div class=\"g-cols vc_row type_default valign_top\"><div class=\"vc_col-sm-12 wpb_column vc_column_container\"><div class=\"vc_column-inner\"><div class=\"wpb_wrapper\">\r\n\t<div class=\"wpb_text_column \">\r\n\t\t<div class=\"wpb_wrapper\">\r\n\t\t\t<p>\u00a0<\/p>\n\r\n\t\t<\/div>\r\n\t<\/div>\r\n<\/div><\/div><\/div><\/div><\/div><\/section>\n<\/div>","protected":false},"excerpt":{"rendered":"Di\u011fer bak\u0131r bazl\u0131 ala\u015f\u0131mlar ile levha ve \u015ferit \u015eehit bahoner bak\u0131r Sanayi \u015firketinde pirin\u00e7 ala\u015f\u0131mlar\u0131n\u0131n yan\u0131s\u0131ra levha ve \u015feritler di\u011fer ala\u015f\u0131mlar ile de \u00fcretilmektedir. bak\u0131r bazl\u0131 ala\u015f\u0131mlar yani pirin\u00e7 olmayan bak\u0131r bazl\u0131 ala\u015f\u0131mlar, bronz ve bak\u0131r nikel olarak da bilinir. Kullan\u0131m \u00f6zellikleri Boyutlar kimyasal \u00f6zellikleri Standartlar Kullan\u0131m \u00f6zellikleri Bu \u00fcr\u00fcnler fosfor bronz, al\u00fcminyum broz ve...","protected":false},"author":16,"featured_media":0,"parent":0,"menu_order":0,"comment_status":"closed","ping_status":"closed","template":"","meta":{"footnotes":""},"class_list":["post-8487","page","type-page","status-publish","hentry"],"_links":{"self":[{"href":"https:\/\/csp.ir\/tr\/wp-json\/wp\/v2\/pages\/8487"}],"collection":[{"href":"https:\/\/csp.ir\/tr\/wp-json\/wp\/v2\/pages"}],"about":[{"href":"https:\/\/csp.ir\/tr\/wp-json\/wp\/v2\/types\/page"}],"author":[{"embeddable":true,"href":"https:\/\/csp.ir\/tr\/wp-json\/wp\/v2\/users\/16"}],"replies":[{"embeddable":true,"href":"https:\/\/csp.ir\/tr\/wp-json\/wp\/v2\/comments?post=8487"}],"version-history":[{"count":4,"href":"https:\/\/csp.ir\/tr\/wp-json\/wp\/v2\/pages\/8487\/revisions"}],"predecessor-version":[{"id":9856,"href":"https:\/\/csp.ir\/tr\/wp-json\/wp\/v2\/pages\/8487\/revisions\/9856"}],"wp:attachment":[{"href":"https:\/\/csp.ir\/tr\/wp-json\/wp\/v2\/media?parent=8487"}],"curies":[{"name":"wp","href":"https:\/\/api.w.org\/{rel}","templated":true}]}}