{"id":8473,"date":"2019-06-23T06:31:01","date_gmt":"2019-06-23T06:31:01","guid":{"rendered":"http:\/\/www.csp.ir\/?page_id=8473"},"modified":"2026-02-28T06:35:37","modified_gmt":"2026-02-28T06:35:37","slug":"kerman-manager","status":"publish","type":"page","link":"https:\/\/csp.ir\/tr\/kerman-manager\/","title":{"rendered":"M\u00fcd\u00fcrleri ve Entegre M\u00fcd\u00fcrleri"},"content":{"rendered":"<div class=\"wpb-content-wrapper\"><section class=\"l-section wpb_row height_medium\"><div class=\"l-section-h i-cf\"><div class=\"g-cols vc_row type_default valign_top\"><div class=\"vc_col-sm-12 wpb_column vc_column_container\"><div class=\"vc_column-inner\"><div class=\"wpb_wrapper\">\r\n\t<div class=\"wpb_text_column \">\r\n\t\t<div class=\"wpb_wrapper\">\r\n\t\t\t<table width=\"882\">\n<tbody>\n<tr>\n<td colspan=\"4\" width=\"878\">\n<p style=\"text-align: center;\">M\u00fcd\u00fcr Yard\u0131mc\u0131lar\u0131 ve Entegre M\u00fcd\u00fcrleri<\/p>\n<\/td>\n<\/tr>\n<tr>\n<td width=\"205\"><strong>Ad ve soyad<\/strong><\/td>\n<td width=\"272\"><strong>Pozisyonu\u00a0\u00a0\u00a0\u00a0 <\/strong><\/td>\n<td width=\"244\"><strong>E-posta\u00a0\u00a0\u00a0\u00a0\u00a0\u00a0 <\/strong><\/td>\n<td width=\"152\"><strong>Telefonu<\/strong><\/td>\n<\/tr>\n<tr>\n<td width=\"205\">Muhammed Cevad Maksudi<\/td>\n<td width=\"272\">Geli\u015ftirme ve Teknoloji M\u00fcd\u00fcr Yard\u0131mc\u0131s\u0131<\/td>\n<td width=\"244\"><a href=\"mailto:Maghsoudi@csp.ir\">Maghsoudi@csp.ir<\/a><\/td>\n<td width=\"152\">034-31227007<\/td>\n<\/tr>\n<tr>\n<td width=\"205\">Muhammed Ali H\u00fcsrev Ma\u015fizi<\/td>\n<td width=\"272\">\u00dcretim ve \u0130\u015fletme Ba\u015fkan Yard\u0131mc\u0131s\u0131<\/td>\n<td width=\"244\"><a href=\"mailto:Khosravi@csp.ir\">Khosravi@csp.ir<\/a><\/td>\n<td width=\"152\">034-31227009<\/td>\n<\/tr>\n<tr>\n<td width=\"205\">Muhammet R\u0131za asna a\u015far\u0131<\/td>\n<td width=\"272\">Y\u00f6netici Asistan\u0131<\/td>\n<td width=\"244\"><a href=\"mailto:Ghezelbash@csp.ir\">Esnaashari@csp.ir<\/a><\/td>\n<td width=\"152\">034-31227019<\/td>\n<\/tr>\n<tr>\n<td width=\"205\">Amir h\u00fcseyin Nuriyan<\/td>\n<td width=\"272\">Ticaret Ba\u015fkan Yard\u0131mc\u0131s\u0131<\/td>\n<td width=\"244\"><a href=\"mailto:Noorian@csp.ir\">Noorian@csp.ir<\/a><\/td>\n<td width=\"152\">034-31227160<\/td>\n<\/tr>\n<tr>\n<td width=\"205\">K\u0131t\u0131 H\u00fcrsh\u0131d\u0131<\/td>\n<td width=\"272\">Ara\u015ft\u0131rma ve Geli\u015ftirme M\u00fcd\u00fcr\u00fc<\/td>\n<td width=\"244\"><u><a href=\"mailto:Khorshidi@csp.ir\">Khorshidi@csp.ir<\/a><\/u><\/td>\n<td width=\"152\">034-31227131<\/td>\n<\/tr>\n<tr>\n<td width=\"205\">H\u00fcseyin Mican\u0131<\/td>\n<td width=\"272\">i\u00e7 denetim y\u00f6neticisi<\/td>\n<td width=\"244\"><a href=\"mailto:Jahanara@csp.ir\">H.Mijani@csp.ir<\/a><\/td>\n<td width=\"152\">034-31227140<\/td>\n<\/tr>\n<tr>\n<td width=\"205\">Ali Haydar Zade<\/td>\n<td width=\"272\">yurti\u00e7i \u00a0Sat\u0131\u015f M\u00fcd\u00fcr\u00fc<\/td>\n<td width=\"244\"><a href=\"mailto:Salecsp@csp.ir\">Heidarzadeh@csp.ir<\/a><\/td>\n<td width=\"152\">021-82166601<\/td>\n<\/tr>\n<tr>\n<td width=\"205\">Muhammet Salih halatbari<\/td>\n<td width=\"272\">\u0130hracat M\u00fcd\u00fcr\u00fc<\/td>\n<td width=\"244\"><a href=\"mailto:Export@csp.ir\">Export@csp.ir<\/a><\/td>\n<td width=\"152\">021-82166707<\/td>\n<\/tr>\n<tr>\n<td width=\"205\">Cafer Ekrami Nak\u015f<\/td>\n<td width=\"272\">Bili\u015fim Y\u00f6neticisi<\/td>\n<td width=\"244\"><a href=\"mailto:Ekrami@csp.ir\">Ekrami@csp.ir<\/a><\/td>\n<td width=\"152\">034-31227788<\/td>\n<\/tr>\n<tr>\n<td width=\"205\">Muhammet\u00a0 R\u0131za K\u0131z\u0131lba\u015f<\/td>\n<td width=\"272\">Ara\u015ft\u0131rma ve Geli\u015ftirme M\u00fcd\u00fcr\u00fc<\/td>\n<td width=\"244\"><a href=\"mailto:Ghezelbash@csp.ir\">Ghezelbash@csp.ir<\/a><\/td>\n<td width=\"152\">034-31227260<\/td>\n<\/tr>\n<tr>\n<td width=\"205\">Muhammet\u00a0 Momeni<\/td>\n<td width=\"272\">\u0130\u00e7 Tedarik Direkt\u00f6r\u00fc<\/td>\n<td width=\"244\"><a href=\"mailto:Nfarzanehfar@csp.ir\">m.momeni@csp.ir<\/a><\/td>\n<td width=\"152\">034-31227150<\/td>\n<\/tr>\n<tr>\n<td width=\"205\">H\u00fcseyin Mohaghegh<\/td>\n<td width=\"272\">Kalite kontrol ve laboratuvar y\u00f6neticisi<\/td>\n<td width=\"244\"><a href=\"Mohaghegh@csp.ir\">Mohaghegh@csp.ir<\/a><\/td>\n<td width=\"152\">034-31227260<\/td>\n<\/tr>\n<tr>\n<td width=\"205\">Monci Z\u00fclk\u0131yas<\/td>\n<td width=\"272\">D\u0131\u015f Al\u0131m ve Tedarik Ba\u015fkan\u0131<\/td>\n<td width=\"244\"><a href=\"mailto:Nfarzanehfar@csp.ir\">Zolghiyas@csp.ir<\/a><\/td>\n<td width=\"152\">021-82166150<\/td>\n<\/tr>\n<tr>\n<td width=\"205\">Ahmet\u00a0 Kolahduz<\/td>\n<td width=\"272\">G\u00fcvenlik y\u00f6neticisi<\/td>\n<td width=\"244\"><a href=\"mailto:Nfarzanehfar@csp.ir\">kolahdooz@csp.ir<\/a><\/td>\n<td width=\"152\">034-31227100<\/td>\n<\/tr>\n<\/tbody>\n<\/table>\n\r\n\t\t<\/div>\r\n\t<\/div>\r\n<\/div><\/div><\/div><\/div><\/div><\/section>\n<\/div>","protected":false},"excerpt":{"rendered":"M\u00fcd\u00fcr Yard\u0131mc\u0131lar\u0131 ve Entegre M\u00fcd\u00fcrleri Ad ve soyad Pozisyonu\u00a0\u00a0\u00a0\u00a0 E-posta\u00a0\u00a0\u00a0\u00a0\u00a0\u00a0 Telefonu Muhammed Cevad Maksudi Geli\u015ftirme ve Teknoloji M\u00fcd\u00fcr Yard\u0131mc\u0131s\u0131 Maghsoudi@csp.ir 034-31227007 Muhammed Ali H\u00fcsrev Ma\u015fizi \u00dcretim ve \u0130\u015fletme Ba\u015fkan Yard\u0131mc\u0131s\u0131 Khosravi@csp.ir 034-31227009 Muhammet R\u0131za asna a\u015far\u0131 Y\u00f6netici Asistan\u0131 Esnaashari@csp.ir 034-31227019 Amir h\u00fcseyin Nuriyan Ticaret Ba\u015fkan Yard\u0131mc\u0131s\u0131 Noorian@csp.ir 034-31227160 K\u0131t\u0131 H\u00fcrsh\u0131d\u0131 Ara\u015ft\u0131rma ve Geli\u015ftirme M\u00fcd\u00fcr\u00fc Khorshidi@csp.ir...","protected":false},"author":16,"featured_media":0,"parent":0,"menu_order":0,"comment_status":"closed","ping_status":"closed","template":"","meta":{"footnotes":""},"class_list":["post-8473","page","type-page","status-publish","hentry"],"_links":{"self":[{"href":"https:\/\/csp.ir\/tr\/wp-json\/wp\/v2\/pages\/8473"}],"collection":[{"href":"https:\/\/csp.ir\/tr\/wp-json\/wp\/v2\/pages"}],"about":[{"href":"https:\/\/csp.ir\/tr\/wp-json\/wp\/v2\/types\/page"}],"author":[{"embeddable":true,"href":"https:\/\/csp.ir\/tr\/wp-json\/wp\/v2\/users\/16"}],"replies":[{"embeddable":true,"href":"https:\/\/csp.ir\/tr\/wp-json\/wp\/v2\/comments?post=8473"}],"version-history":[{"count":109,"href":"https:\/\/csp.ir\/tr\/wp-json\/wp\/v2\/pages\/8473\/revisions"}],"predecessor-version":[{"id":13756,"href":"https:\/\/csp.ir\/tr\/wp-json\/wp\/v2\/pages\/8473\/revisions\/13756"}],"wp:attachment":[{"href":"https:\/\/csp.ir\/tr\/wp-json\/wp\/v2\/media?parent=8473"}],"curies":[{"name":"wp","href":"https:\/\/api.w.org\/{rel}","templated":true}]}}