{"id":8440,"date":"2019-06-23T05:38:49","date_gmt":"2019-06-23T05:38:49","guid":{"rendered":"http:\/\/www.csp.ir\/?page_id=8440"},"modified":"2025-04-28T12:10:57","modified_gmt":"2025-04-28T12:10:57","slug":"the-board","status":"publish","type":"page","link":"https:\/\/csp.ir\/tr\/the-board\/","title":{"rendered":"The_board_tr"},"content":{"rendered":"<div class=\"wpb-content-wrapper\"><section class=\"l-section wpb_row height_small\"><div class=\"l-section-h i-cf\"><div class=\"g-cols vc_row type_default valign_top\"><div class=\"vc_col-sm-12 wpb_column vc_column_container\"><div class=\"vc_column-inner\"><div class=\"wpb_wrapper\">\r\n\t<div class=\"wpb_text_column \">\r\n\t\t<div class=\"wpb_wrapper\">\r\n\t\t\t<h1 style=\"text-align: left;\"><strong><span style=\"font-family: 'times new roman', times, serif;\">Y\u00f6netim kuru ve CEO<\/span><\/strong><\/h1>\n\r\n\t\t<\/div>\r\n\t<\/div>\r\n<\/div><\/div><\/div><\/div><\/div><\/section><section class=\"l-section wpb_row height_auto\"><div class=\"l-section-h i-cf\"><div class=\"g-cols vc_row type_default valign_middle\"><div class=\"vc_col-sm-1\/5 wpb_column vc_column_container\"><div class=\"vc_column-inner\"><div class=\"wpb_wrapper\"><div class=\"w-separator type_invisible size_medium\"><\/div><\/div><\/div><\/div><div class=\"vc_col-sm-1\/5 wpb_column vc_column_container\"><div class=\"vc_column-inner\"><div class=\"wpb_wrapper\"><div class=\"w-separator type_invisible size_medium\"><\/div><\/div><\/div><\/div><div class=\"vc_col-sm-1\/5 wpb_column vc_column_container\"><div class=\"vc_column-inner\"><div class=\"wpb_wrapper\"><div class=\"w-person layout_simple with_desc\" itemscope itemtype=\"https:\/\/schema.org\/Person\"><div class=\"w-person-image\"><img loading=\"lazy\" decoding=\"async\" src=\"https:\/\/csp.ir\/wp-content\/uploads\/2024\/06\/\u0622\u0642\u0627\u06cc-\u0646\u0645\u0627\u0632\u06cc-\u0632\u0627\u062f\u0647.jpg\" width=\"1080\" height=\"1080\" alt=\"\u0130hsan Namazizadeh\" itemprop=\"image\"><div class=\"img_hover\" style=\"background-image:url(https:\/\/csp.ir\/wp-content\/uploads\/2024\/06\/\u0622\u0642\u0627\u06cc-\u0646\u0645\u0627\u0632\u06cc-\u0632\u0627\u062f\u0647.jpg)\"><\/div><\/div><div class=\"w-person-content\"><h4 class=\"w-person-name\" itemprop=\"name\"><span>\u0130hsan Namazizadeh<\/span><\/h4><div class=\"w-person-role\" itemprop=\"jobTitle\">CEO<\/div><div class=\"w-person-description\" itemprop=\"description\">e.namazi@csp.ir<\/div><\/div><\/div><\/div><\/div><\/div><div class=\"vc_col-sm-1\/5 wpb_column vc_column_container\"><div class=\"vc_column-inner\"><div class=\"wpb_wrapper\"><div class=\"w-separator type_invisible size_medium\"><\/div><\/div><\/div><\/div><div class=\"vc_col-sm-1\/5 wpb_column vc_column_container\"><div class=\"vc_column-inner\"><div class=\"wpb_wrapper\"><div class=\"w-separator type_invisible size_medium\"><\/div><\/div><\/div><\/div><\/div><\/div><\/section><section class=\"l-section wpb_row height_small\"><div class=\"l-section-h i-cf\"><div class=\"g-cols vc_row type_default valign_top\"><div class=\"vc_col-sm-3 wpb_column vc_column_container\"><div class=\"vc_column-inner\"><div class=\"wpb_wrapper\"><div class=\"w-person layout_simple with_desc\" itemscope itemtype=\"https:\/\/schema.org\/Person\"><div class=\"w-person-image\"><img loading=\"lazy\" decoding=\"async\" src=\"https:\/\/csp.ir\/wp-content\/uploads\/2023\/07\/photo5621782002.jpg\" width=\"1280\" height=\"1280\" alt=\"Arde\u015fir Fazl\u0131\" itemprop=\"image\"><div class=\"img_hover\" style=\"background-image:url(https:\/\/csp.ir\/wp-content\/uploads\/2023\/07\/photo5621782002.jpg)\"><\/div><\/div><div class=\"w-person-content\"><h4 class=\"w-person-name\" itemprop=\"name\"><span>Arde\u015fir Fazl\u0131<\/span><\/h4><div class=\"w-person-role\" itemprop=\"jobTitle\">Y\u00f6netim Kurulu \u00dcyesi<\/div><div class=\"w-person-description\" itemprop=\"description\"> fazeli@csp.ir<br \/>\n<\/div><\/div><\/div><\/div><\/div><\/div><div class=\"vc_col-sm-3 wpb_column vc_column_container\"><div class=\"vc_column-inner\"><div class=\"wpb_wrapper\"><div class=\"w-person layout_simple with_desc\" itemscope itemtype=\"https:\/\/schema.org\/Person\"><div class=\"w-person-image\"><img loading=\"lazy\" decoding=\"async\" src=\"https:\/\/csp.ir\/wp-content\/uploads\/2023\/07\/photo5621781705.jpg\" width=\"1280\" height=\"1280\" alt=\"H\u00fcseyin Safabine\u015f\" itemprop=\"image\"><div class=\"img_hover\" style=\"background-image:url(https:\/\/csp.ir\/wp-content\/uploads\/2023\/07\/photo5621781705.jpg)\"><\/div><\/div><div class=\"w-person-content\"><h4 class=\"w-person-name\" itemprop=\"name\"><span>H\u00fcseyin Safabine\u015f<\/span><\/h4><div class=\"w-person-role\" itemprop=\"jobTitle\">Y\u00f6netim Kurulu \u00dcyesi<\/div><div class=\"w-person-description\" itemprop=\"description\">safabinesh@csp.ir<br \/>\n<\/div><\/div><\/div><\/div><\/div><\/div><div class=\"vc_col-sm-3 wpb_column vc_column_container\"><div class=\"vc_column-inner\"><div class=\"wpb_wrapper\"><div class=\"w-person layout_simple with_desc\" itemscope itemtype=\"https:\/\/schema.org\/Person\"><div class=\"w-person-image\"><img loading=\"lazy\" decoding=\"async\" src=\"https:\/\/csp.ir\/wp-content\/uploads\/2023\/02\/\u062f\u06a9\u062a\u0631-\u0645\u0642\u0635\u0648\u062f\u06cc-Copy.jpg\" width=\"1080\" height=\"1080\" alt=\"M. Maksudi\" itemprop=\"image\"><div class=\"img_hover\" style=\"background-image:url(https:\/\/csp.ir\/wp-content\/uploads\/2023\/02\/\u062f\u06a9\u062a\u0631-\u0645\u0642\u0635\u0648\u062f\u06cc-Copy.jpg)\"><\/div><\/div><div class=\"w-person-content\"><h4 class=\"w-person-name\" itemprop=\"name\"><span>M. Maksudi<\/span><\/h4><div class=\"w-person-role\" itemprop=\"jobTitle\">Y\u00f6netim Kurulu \u00dcyesi<\/div><div class=\"w-person-description\" itemprop=\"description\"> maghsoudi@csp.ir<br \/>\n<\/div><\/div><\/div><\/div><\/div><\/div><div class=\"vc_col-sm-3 wpb_column vc_column_container\"><div class=\"vc_column-inner\"><div class=\"wpb_wrapper\"><div class=\"w-person layout_simple with_desc\" itemscope itemtype=\"https:\/\/schema.org\/Person\"><div class=\"w-person-image\"><img loading=\"lazy\" decoding=\"async\" src=\"https:\/\/csp.ir\/wp-content\/uploads\/2023\/07\/photo5621781397.jpg\" width=\"1280\" height=\"1280\" alt=\"H\u00fcseyin Saberi\" itemprop=\"image\"><div class=\"img_hover\" style=\"background-image:url(https:\/\/csp.ir\/wp-content\/uploads\/2023\/07\/photo5621781397.jpg)\"><\/div><\/div><div class=\"w-person-content\"><h4 class=\"w-person-name\" itemprop=\"name\"><span>H\u00fcseyin Saberi<\/span><\/h4><div class=\"w-person-role\" itemprop=\"jobTitle\">Y\u00f6netim Kurulu Ba\u015fkan\u0131<\/div><div class=\"w-person-description\" itemprop=\"description\">h.saberi@csp.ir<\/div><\/div><\/div><\/div><\/div><\/div><\/div><\/div><\/section>\n<\/div>","protected":false},"excerpt":{"rendered":"Y\u00f6netim kuru ve CEO \u0130hsan NamazizadehCEOe.namazi@csp.irArde\u015fir Fazl\u0131Y\u00f6netim Kurulu \u00dcyesi fazeli@csp.ir H\u00fcseyin Safabine\u015fY\u00f6netim Kurulu \u00dcyesisafabinesh@csp.ir M. MaksudiY\u00f6netim Kurulu \u00dcyesi maghsoudi@csp.ir H\u00fcseyin SaberiY\u00f6netim Kurulu Ba\u015fkan\u0131h.saberi@csp.ir","protected":false},"author":16,"featured_media":0,"parent":0,"menu_order":0,"comment_status":"closed","ping_status":"closed","template":"","meta":{"footnotes":""},"class_list":["post-8440","page","type-page","status-publish","hentry"],"_links":{"self":[{"href":"https:\/\/csp.ir\/tr\/wp-json\/wp\/v2\/pages\/8440"}],"collection":[{"href":"https:\/\/csp.ir\/tr\/wp-json\/wp\/v2\/pages"}],"about":[{"href":"https:\/\/csp.ir\/tr\/wp-json\/wp\/v2\/types\/page"}],"author":[{"embeddable":true,"href":"https:\/\/csp.ir\/tr\/wp-json\/wp\/v2\/users\/16"}],"replies":[{"embeddable":true,"href":"https:\/\/csp.ir\/tr\/wp-json\/wp\/v2\/comments?post=8440"}],"version-history":[{"count":128,"href":"https:\/\/csp.ir\/tr\/wp-json\/wp\/v2\/pages\/8440\/revisions"}],"predecessor-version":[{"id":13457,"href":"https:\/\/csp.ir\/tr\/wp-json\/wp\/v2\/pages\/8440\/revisions\/13457"}],"wp:attachment":[{"href":"https:\/\/csp.ir\/tr\/wp-json\/wp\/v2\/media?parent=8440"}],"curies":[{"name":"wp","href":"https:\/\/api.w.org\/{rel}","templated":true}]}}