{"id":8410,"date":"2019-06-22T10:14:14","date_gmt":"2019-06-22T10:14:14","guid":{"rendered":"http:\/\/www.csp.ir\/?page_id=8410"},"modified":"2020-05-10T05:53:17","modified_gmt":"2020-05-10T05:53:17","slug":"quality-control","status":"publish","type":"page","link":"https:\/\/csp.ir\/tr\/quality-control\/","title":{"rendered":"kalite kontrol\u00fc"},"content":{"rendered":"<div class=\"wpb-content-wrapper\"><section class=\"l-section wpb_row height_medium\"><div class=\"l-section-h i-cf\"><div class=\"g-cols vc_row type_default valign_top\"><div class=\"vc_col-sm-12 wpb_column vc_column_container\"><div class=\"vc_column-inner\"><div class=\"wpb_wrapper\">\r\n\t<div class=\"wpb_text_column \">\r\n\t\t<div class=\"wpb_wrapper\">\r\n\t\t\t<p dir=\"ltr\"><span style=\"font-family: 'times new roman', times, serif;\">bir kalite kontrol birimi olarak uluslararas\u0131 standartlar, yerli y\u00f6nerge ve direktifler kullanarak ve m\u00fc\u015fterilerimizin ihtiya\u00e7lar\u0131n\u0131 g\u00f6z \u00f6n\u00fcnde bulundurarak, \u00fcr\u00fcn ve hizmetler sunmay\u0131 taahh\u00fct ediyoruz Ayr\u0131ca \u00fcr\u00fcn ve hizmetlerimizin kalitesini y\u00fckseltmek i\u00e7in \u00e7abalamak temel hedeflerimizden biridir. \u00fcretilen T\u00fcm \u00fcr\u00fcnler uluslararas\u0131 standartlar ve yerli teknik \u00f6zelliklere g\u00f6re \u00fcretilmektedir Ayr\u0131ca \u00fcretilen T\u00fcm \u00fcr\u00fcnler mekanik, kimyasal ve fiziksel \u00f6zellikler de dahil olmak \u00fczere eksiksiz bilgi i\u00e7erir.<\/span><\/p>\n<p dir=\"ltr\"><span style=\"font-family: 'times new roman', times, serif;\">ham maddeler ve giri\u015f maddeler, d\u00f6k\u00fcmlenen maddeler ve bitmi\u015f olan \u00fcr\u00fcnler olmak \u00fczere t\u00fcm \u00fcretim s\u00fcre\u00e7tekindeki \u00fcr\u00fcnler dikkatlice seri numaralar\u0131 belirlenip etiketlenir. son olarak t\u00fcm malzemeler m\u00fc\u015fteriye teslim edilmeden \u00f6nce analiz ve kontrol edilir. Bu s\u00fcre\u00e7teki fiziksel ve kimyasal testler \u015funlard\u0131r:<\/span><\/p>\n<p dir=\"ltr\"><span style=\"font-family: 'times new roman', times, serif;\">kimyasal Bile\u015fim analizi \u00e7ekme ve dayan\u0131kl\u0131l\u0131k testi, tane b\u00fcy\u00fckl\u00fc\u011f\u00fc testi, Ericsson testi, elektriksel iletkenlik, gerilme dayan\u0131m\u0131 g\u00fcc\u00fc,uzunluk testi<\/span><\/p>\n<p dir=\"ltr\"><span style=\"font-family: 'times new roman', times, serif;\">bu birimi sorumluluklar\u0131 \u015funlard\u0131r:<\/span><\/p>\n<p dir=\"ltr\"><span style=\"font-family: 'times new roman', times, serif;\">m\u00fc\u015fterilerin sipari\u015f etti\u011fi \u00fcr\u00fcn\u00fcn \u00fcretiminde kaliteli hammaddeler ve giri\u015f maddeler kullan\u0131ld\u0131\u011f\u0131ndan emin olmak<\/span><\/p>\n<p dir=\"ltr\"><span style=\"font-family: 'times new roman', times, serif;\">\u00fcr\u00fcnlerin uygun kaliteli olmas\u0131 ve uluslararas\u0131 standartlar ve m\u00fc\u015fterinin isteklerine dayal\u0131 \u00fcretildi\u011finden emin olmak<\/span><\/p>\n<p dir=\"ltr\"><span style=\"font-family: 'times new roman', times, serif;\">cihazlar\u0131n ve test ara\u00e7lar\u0131n\u0131n d\u00fczg\u00fcn ve verimli \u00e7al\u0131\u015fmas\u0131ndan emin olmak<\/span><\/p>\n<p dir=\"ltr\"><span style=\"font-family: 'times new roman', times, serif;\">Personelin teknik a\u00e7\u0131s\u0131ndan nitelikli olmalar\u0131ndan emin olmak<\/span><\/p>\n<p dir=\"ltr\"><span style=\"font-family: 'times new roman', times, serif;\">kay\u0131t sisteminin uygulanmas\u0131ndan, sonu\u00e7 raporlar\u0131, testler ve denetimlerin ar\u015fivlenmesinden emin olmak<\/span><\/p>\n<p dir=\"ltr\"><span style=\"font-family: 'times new roman', times, serif;\">\u00fcr\u00fcn sipari\u015fi al\u0131rken m\u00fc\u015fterinin ihtiya\u00e7lar\u0131n\u0131n kar\u015f\u0131lanmas\u0131 ve \u00fcr\u00fcn teslimat\u0131ndan sonra dilek ve \u015fikayetlerinin dikkate al\u0131nmas\u0131ndan emin olmak<\/span><\/p>\n\r\n\t\t<\/div>\r\n\t<\/div>\r\n<\/div><\/div><\/div><\/div><\/div><\/section>\n<\/div>","protected":false},"excerpt":{"rendered":"bir kalite kontrol birimi olarak uluslararas\u0131 standartlar, yerli y\u00f6nerge ve direktifler kullanarak ve m\u00fc\u015fterilerimizin ihtiya\u00e7lar\u0131n\u0131 g\u00f6z \u00f6n\u00fcnde bulundurarak, \u00fcr\u00fcn ve hizmetler sunmay\u0131 taahh\u00fct ediyoruz Ayr\u0131ca \u00fcr\u00fcn ve hizmetlerimizin kalitesini y\u00fckseltmek i\u00e7in \u00e7abalamak temel hedeflerimizden biridir. \u00fcretilen T\u00fcm \u00fcr\u00fcnler uluslararas\u0131 standartlar ve yerli teknik \u00f6zelliklere g\u00f6re \u00fcretilmektedir Ayr\u0131ca \u00fcretilen T\u00fcm \u00fcr\u00fcnler mekanik, kimyasal ve fiziksel \u00f6zellikler...","protected":false},"author":16,"featured_media":0,"parent":0,"menu_order":0,"comment_status":"closed","ping_status":"closed","template":"","meta":{"footnotes":""},"class_list":["post-8410","page","type-page","status-publish","hentry"],"_links":{"self":[{"href":"https:\/\/csp.ir\/tr\/wp-json\/wp\/v2\/pages\/8410"}],"collection":[{"href":"https:\/\/csp.ir\/tr\/wp-json\/wp\/v2\/pages"}],"about":[{"href":"https:\/\/csp.ir\/tr\/wp-json\/wp\/v2\/types\/page"}],"author":[{"embeddable":true,"href":"https:\/\/csp.ir\/tr\/wp-json\/wp\/v2\/users\/16"}],"replies":[{"embeddable":true,"href":"https:\/\/csp.ir\/tr\/wp-json\/wp\/v2\/comments?post=8410"}],"version-history":[{"count":8,"href":"https:\/\/csp.ir\/tr\/wp-json\/wp\/v2\/pages\/8410\/revisions"}],"predecessor-version":[{"id":10704,"href":"https:\/\/csp.ir\/tr\/wp-json\/wp\/v2\/pages\/8410\/revisions\/10704"}],"wp:attachment":[{"href":"https:\/\/csp.ir\/tr\/wp-json\/wp\/v2\/media?parent=8410"}],"curies":[{"name":"wp","href":"https:\/\/api.w.org\/{rel}","templated":true}]}}