{"id":8399,"date":"2019-06-22T09:54:35","date_gmt":"2019-06-22T09:54:35","guid":{"rendered":"https:\/\/192.168.100.85\/?page_id=8399"},"modified":"2023-02-26T06:11:50","modified_gmt":"2023-02-26T06:11:50","slug":"csp-in-short","status":"publish","type":"page","link":"https:\/\/csp.ir\/tr\/csp-in-short\/","title":{"rendered":"\u015eirket hakk\u0131nda"},"content":{"rendered":"<div class=\"wpb-content-wrapper\"><section class=\"l-section wpb_row height_medium\"><div class=\"l-section-h i-cf\"><div class=\"g-cols vc_row type_default valign_top\"><div class=\"vc_col-sm-12 wpb_column vc_column_container\"><div class=\"vc_column-inner\"><div class=\"wpb_wrapper\">\r\n\t<div class=\"wpb_text_column \">\r\n\t\t<div class=\"wpb_wrapper\">\r\n\t\t\t<h2 dir=\"ltr\"><span style=\"font-family: 'times new roman', times, serif;\">\u015eehit bahoner bak\u0131r Sanayi<\/span><\/h2>\n<p dir=\"ltr\"><span style=\"font-family: 'times new roman', times, serif;\">\u015eehit bahoner bak\u0131r Sanayi \u015firketi Kerman&#8217;a 12 kilometre uzakl\u0131ktaki Ortado\u011fu&#8217;nun en b\u00fcy\u00fck bak\u0131r madenlerinin yak\u0131n\u0131nda yer almaktad\u0131r. \u015firketimiz 1991 senesinde yap\u0131ld\u0131. \u00fclkenin bak\u0131r ve \u00e7inko madenlerini \u00dcretim end\u00fcstrilerine ba\u011flayan piyasadaki en b\u00fcy\u00fck sanayi\u00a0 entegre tesisidir. sanayimiz 5 ergitme ve d\u00f6k\u00fcm, ekstr\u00fczyon, haddeleme ve madeni para fabrikalar\u0131ndan olu\u015fmakta. \u015firketimiz en kapsaml\u0131 bak\u0131r ve ala\u015f\u0131mlar\u0131, levha (\u015ferit, folyo, bobin) boru (g\u00f6zleme, bobin,dal)\u00a0 profiller ( \u00fc\u00e7gen, d\u00f6rtgen, alt\u0131gen, i\u00e7i bo\u015f ve dolu donat\u0131) \u015feklinde \u00fcretmektedir.<\/span><\/p>\n<p dir=\"ltr\"><span style=\"font-family: 'times new roman', times, serif;\">\u015eehit bahoner bak\u0131r Sanayi \u015firketi \u00fcr\u00fcnlerini D\u00fcnya standartlar\u0131na g\u00f6re sunan deneyimlerini payla\u015fan ve di\u011fer \u015firketlerle i\u015fbirli\u011fi yapan bir \u015firkettir. profesyonel personel ve geli\u015fmi\u015f makineler kullanarak m\u00fc\u015fterilerine en iyi hizmeti sunmaktad\u0131r.<\/span><\/p>\n\r\n\t\t<\/div>\r\n\t<\/div>\r\n<\/div><\/div><\/div><\/div><\/div><\/section>\n<\/div>","protected":false},"excerpt":{"rendered":"\u015eehit bahoner bak\u0131r Sanayi \u015eehit bahoner bak\u0131r Sanayi \u015firketi Kerman'a 12 kilometre uzakl\u0131ktaki Ortado\u011fu'nun en b\u00fcy\u00fck bak\u0131r madenlerinin yak\u0131n\u0131nda yer almaktad\u0131r. \u015firketimiz 1991 senesinde yap\u0131ld\u0131. \u00fclkenin bak\u0131r ve \u00e7inko madenlerini \u00dcretim end\u00fcstrilerine ba\u011flayan piyasadaki en b\u00fcy\u00fck sanayi\u00a0 entegre tesisidir. sanayimiz 5 ergitme ve d\u00f6k\u00fcm, ekstr\u00fczyon, haddeleme ve madeni para fabrikalar\u0131ndan olu\u015fmakta. \u015firketimiz en kapsaml\u0131 bak\u0131r...","protected":false},"author":16,"featured_media":0,"parent":0,"menu_order":0,"comment_status":"closed","ping_status":"closed","template":"","meta":{"footnotes":""},"class_list":["post-8399","page","type-page","status-publish","hentry"],"_links":{"self":[{"href":"https:\/\/csp.ir\/tr\/wp-json\/wp\/v2\/pages\/8399"}],"collection":[{"href":"https:\/\/csp.ir\/tr\/wp-json\/wp\/v2\/pages"}],"about":[{"href":"https:\/\/csp.ir\/tr\/wp-json\/wp\/v2\/types\/page"}],"author":[{"embeddable":true,"href":"https:\/\/csp.ir\/tr\/wp-json\/wp\/v2\/users\/16"}],"replies":[{"embeddable":true,"href":"https:\/\/csp.ir\/tr\/wp-json\/wp\/v2\/comments?post=8399"}],"version-history":[{"count":24,"href":"https:\/\/csp.ir\/tr\/wp-json\/wp\/v2\/pages\/8399\/revisions"}],"predecessor-version":[{"id":12314,"href":"https:\/\/csp.ir\/tr\/wp-json\/wp\/v2\/pages\/8399\/revisions\/12314"}],"wp:attachment":[{"href":"https:\/\/csp.ir\/tr\/wp-json\/wp\/v2\/media?parent=8399"}],"curies":[{"name":"wp","href":"https:\/\/api.w.org\/{rel}","templated":true}]}}