{"id":7626,"date":"2019-05-15T07:29:31","date_gmt":"2019-05-15T07:29:31","guid":{"rendered":"http:\/\/nonegar7.ir\/esm\/en\/?page_id=7626"},"modified":"2024-06-01T08:18:43","modified_gmt":"2024-06-01T08:18:43","slug":"busbars","status":"publish","type":"page","link":"https:\/\/csp.ir\/tr\/busbars\/","title":{"rendered":"Bak\u0131r Lama"},"content":{"rendered":"<div class=\"wpb-content-wrapper\"><section class=\"l-section wpb_row height_medium\"><div class=\"l-section-h i-cf\"><div class=\"g-cols vc_row type_default valign_top\"><div class=\"vc_col-sm-12 wpb_column vc_column_container\"><div class=\"vc_column-inner\"><div class=\"wpb_wrapper\">\r\n\t<div class=\"wpb_text_column \">\r\n\t\t<div class=\"wpb_wrapper\">\r\n\t\t\t<h3 dir=\"ltr\" style=\"text-align: left;\"><span style=\"font-family: 'times new roman', times, serif;\">Bak\u0131r Lama<\/span><\/h3>\n<p dir=\"ltr\"><span style=\"font-family: 'times new roman', times, serif; font-size: 14pt;\">Bak\u0131r Lamalar Elektrik ak\u0131m\u0131, aktar\u0131m\u0131 ve enerji da\u011f\u0131t\u0131m\u0131 i\u00e7in kullan\u0131l\u0131r ve en \u00e7ok elektrik panolar\u0131nda kullan\u0131lmakta.bu busbarlardaki elektrik ak\u0131m\u0131 y\u00fcksek oldu\u011fu i\u00e7in \u00fcr\u00fcn\u00fcn Elektrik iletkenli\u011fi \u00f6nceliktir<\/span><\/p>\n\r\n\t\t<\/div>\r\n\t<\/div>\r\n<div class=\"w-tabs layout_default icon_chevron iconpos_right \"><div class=\"w-tabs-list items_4\"><div class=\"w-tabs-list-h\"><div class=\"w-tabs-item active\"><a href=\"#1552722214403-d5740417-add5bb06-ba42\" class=\"w-tabs-item-h\"><span class=\"w-tabs-item-title\">kullan\u0131m \u00f6zellikleri<\/span><\/a><\/div>\n<div class=\"w-tabs-item\"><a href=\"#1552722214428-07f6deb7-97b2bb06-ba42\" class=\"w-tabs-item-h\"><span class=\"w-tabs-item-title\">Boyutlar<\/span><\/a><\/div>\n<div class=\"w-tabs-item\"><a href=\"#1557905335176-9315349c-86bd\" class=\"w-tabs-item-h\"><span class=\"w-tabs-item-title\">kimyasal \u00f6zellikleri<\/span><\/a><\/div>\n<div class=\"w-tabs-item\"><a href=\"#1552722251989-39e7885a-ce87bb06-ba42\" class=\"w-tabs-item-h\"><span class=\"w-tabs-item-title\">Standartlar<\/span><\/a><\/div>\n<\/div><\/div><div class=\"w-tabs-sections\"><div class=\"w-tabs-sections-h\"><div class=\"w-tabs-section active\" id=\"1552722214403-d5740417-add5bb06-ba42\"><a href=\"#1552722214403-d5740417-add5bb06-ba42\" class=\"w-tabs-section-header\"><div class=\"w-tabs-section-header-h\"><div class=\"w-tabs-section-title\">kullan\u0131m \u00f6zellikleri<\/div><div class=\"w-tabs-section-control\"><\/div><\/div><\/a><div class=\"w-tabs-section-content\"><div class=\"w-tabs-section-content-h i-cf\">\r\n\t<div class=\"wpb_text_column \">\r\n\t\t<div class=\"wpb_wrapper\">\r\n\t\t\t<p dir=\"ltr\"><span style=\"font-family: 'times new roman', times, serif; font-size: 14pt;\">Bak\u0131r Lamalar Elektrik ak\u0131m\u0131, aktar\u0131m\u0131 ve enerji da\u011f\u0131t\u0131m\u0131 i\u00e7in kullan\u0131l\u0131r ve en \u00e7ok elektrik panolar\u0131nda kullan\u0131lmakta.bu lamalardaki elektrik ak\u0131m\u0131 y\u00fcksek oldu\u011fu i\u00e7in \u00fcr\u00fcn\u00fcn Elektrik iletkenli\u011fi \u00f6nceliktir<\/span><\/p>\n\r\n\t\t<\/div>\r\n\t<\/div>\r\n<\/div><\/div><\/div><div class=\"w-tabs-section\" id=\"1552722214428-07f6deb7-97b2bb06-ba42\"><a href=\"#1552722214428-07f6deb7-97b2bb06-ba42\" class=\"w-tabs-section-header\"><div class=\"w-tabs-section-header-h\"><div class=\"w-tabs-section-title\">Boyutlar<\/div><div class=\"w-tabs-section-control\"><\/div><\/div><\/a><div class=\"w-tabs-section-content\"><div class=\"w-tabs-section-content-h i-cf\">\r\n\t<div class=\"wpb_text_column \">\r\n\t\t<div class=\"wpb_wrapper\">\r\n\t\t\t<div id=\"left\" class=\"col-lg-8\">\n<div class=\"tab-content\" dir=\"rtl\">\n<div id=\"tab2\" class=\"tab-pane active\">\n<p dir=\"ltr\"><span style=\"font-family: 'times new roman', times, serif; font-size: 14pt;\">bak\u0131r lamalar \u015firketimizde 2 dik k\u00f6\u015feli d\u00f6rtgen ve yuvarlak k\u00f6\u015feli d\u00f6rtgen olarak \u00fcretilmekte. \u00fcretilebilecek boyut aral\u0131klar\u0131 20 x 2 den 125 x 20 ye kadar 2 ila 10 metre uzunlu\u011fundad\u0131r.<\/span><\/p>\n<p dir=\"ltr\"><span style=\"font-family: 'times new roman', times, serif; font-size: 14pt;\">lamalar boyutlar\u0131:<\/span><\/p>\n<p><a ref=\"magnificPopup\" href=\"http:\/\/www.csp.ir\/wp-content\/uploads\/2019\/03\/Busbar.jpg\"><img loading=\"lazy\" decoding=\"async\" class=\"alignnone wp-image-7204\" src=\"http:\/\/www.csp.ir\/wp-content\/uploads\/2019\/03\/Busbar-300x220.jpg\" alt=\"\" width=\"591\" height=\"434\" \/><\/a><\/p>\n<p dir=\"ltr\"><span style=\"font-family: 'times new roman', times, serif; font-size: 14pt;\">di\u011fer ebatlarda da \u00fcretim yap\u0131labilir<\/span><\/p>\n<\/div>\n<\/div>\n<\/div>\n\r\n\t\t<\/div>\r\n\t<\/div>\r\n<\/div><\/div><\/div><div class=\"w-tabs-section\" id=\"1557905335176-9315349c-86bd\"><a href=\"#1557905335176-9315349c-86bd\" class=\"w-tabs-section-header\"><div class=\"w-tabs-section-header-h\"><div class=\"w-tabs-section-title\">kimyasal \u00f6zellikleri<\/div><div class=\"w-tabs-section-control\"><\/div><\/div><\/a><div class=\"w-tabs-section-content\"><div class=\"w-tabs-section-content-h i-cf\">\r\n\t<div class=\"wpb_text_column \">\r\n\t\t<div class=\"wpb_wrapper\">\r\n\t\t\t<p dir=\"ltr\" style=\"text-align: left;\"><span style=\"font-family: 'times new roman', times, serif; font-size: 14pt;\">kimyasal \u00a0Analizi ve standart uygunlu\u011fu bak\u0131r lamalar i\u00e7in:<\/span><\/p>\n<table class=\" alignleft\" style=\"height: 147px; width: 1113px;\" width=\"638\">\n<tbody>\n<tr style=\"height: 18px;\">\n<td style=\"width: 90px; height: 36px; text-align: center;\" rowspan=\"2\"><strong><span style=\"font-family: 'times new roman', times, serif; font-size: 12pt;\">ala\u015f\u0131m<\/span><\/strong><\/td>\n<td style=\"width: 168px; height: 36px; text-align: center;\" rowspan=\"2\"><strong><span style=\"font-family: 'times new roman', times, serif; font-size: 12pt;\">ad\u0131<\/span><\/strong><\/td>\n<td style=\"width: 545px; height: 18px; text-align: center;\" colspan=\"5\"><strong><span style=\"font-family: 'times new roman', times, serif; font-size: 12pt;\">Standart uygunlu\u011fu\u00a0\u00a0 <\/span><\/strong><\/td>\n<td style=\"width: 282px; height: 18px; text-align: center;\" colspan=\"2\"><strong><span style=\"font-family: 'times new roman', times, serif; font-size: 12pt;\">kimyasal bile\u015fimi<\/span><\/strong><\/td>\n<\/tr>\n<tr style=\"height: 18px;\">\n<td style=\"width: 123px; height: 18px; text-align: center;\"><strong><span style=\"font-family: 'times new roman', times, serif; font-size: 12pt;\">ISO<\/span><\/strong><\/td>\n<td style=\"width: 90px; height: 18px; text-align: center;\"><strong><span style=\"font-family: 'times new roman', times, serif; font-size: 12pt;\">ASTM<\/span><\/strong><\/td>\n<td style=\"width: 100px; height: 18px; text-align: center;\"><strong><span style=\"font-family: 'times new roman', times, serif; font-size: 12pt;\">\u00a0 DIN<\/span><\/strong><\/td>\n<td style=\"width: 112px; height: 18px; text-align: center;\"><strong><span style=\"font-family: 'times new roman', times, serif; font-size: 12pt;\">JIS<br \/>\n<\/span><\/strong><\/td>\n<td style=\"width: 96px; height: 18px; text-align: center;\"><strong><span style=\"font-family: 'times new roman', times, serif; font-size: 12pt;\">\u00a0BS<\/span><\/strong><\/td>\n<td dir=\"ltr\" style=\"width: 140px; height: 18px; text-align: center;\"><strong><span style=\"font-family: 'times new roman', times, serif; font-size: 12pt;\">bak\u0131r (min)<\/span><\/strong><\/td>\n<td dir=\"ltr\" style=\"width: 136px; height: 18px; text-align: center;\"><strong><span style=\"font-family: 'times new roman', times, serif; font-size: 12pt;\">fosfor\u00a0\u00a0 <\/span><\/strong><\/td>\n<\/tr>\n<tr style=\"height: 36px;\">\n<td style=\"width: 90px; height: 36px; text-align: center;\"><span style=\"font-family: 'times new roman', times, serif; font-size: 12pt;\">TPC<\/span><\/td>\n<td style=\"width: 168px; height: 36px; text-align: center;\"><span style=\"font-family: 'times new roman', times, serif; font-size: 12pt;\">Tough Pitch Copper<\/span><\/td>\n<td style=\"width: 123px; height: 36px; text-align: center;\"><span style=\"font-family: 'times new roman', times, serif; font-size: 12pt;\">Cu-ETP<\/span><\/td>\n<td style=\"width: 90px; height: 36px; text-align: center;\"><span style=\"font-family: 'times new roman', times, serif; font-size: 12pt;\">C 11000<\/span><\/td>\n<td style=\"width: 100px; height: 36px; text-align: center;\"><span style=\"font-family: 'times new roman', times, serif; font-size: 12pt;\">E Cu 58<\/span><\/td>\n<td style=\"width: 112px; height: 36px; text-align: center;\"><span style=\"font-family: 'times new roman', times, serif; font-size: 12pt;\">C 1100<\/span><\/td>\n<td style=\"width: 96px; height: 36px; text-align: center;\"><span style=\"font-family: 'times new roman', times, serif; font-size: 12pt;\">C 101<\/span><\/td>\n<td style=\"width: 140px; height: 36px; text-align: center;\"><span style=\"font-family: 'times new roman', times, serif; font-size: 12pt;\">99.90<\/span><\/td>\n<td style=\"width: 136px; height: 36px; text-align: center;\"><span style=\"font-family: 'times new roman', times, serif; font-size: 12pt;\">0.004 max<\/span><\/td>\n<\/tr>\n<\/tbody>\n<\/table>\n\r\n\t\t<\/div>\r\n\t<\/div>\r\n<\/div><\/div><\/div><div class=\"w-tabs-section\" id=\"1552722251989-39e7885a-ce87bb06-ba42\"><a href=\"#1552722251989-39e7885a-ce87bb06-ba42\" class=\"w-tabs-section-header\"><div class=\"w-tabs-section-header-h\"><div class=\"w-tabs-section-title\">Standartlar<\/div><div class=\"w-tabs-section-control\"><\/div><\/div><\/a><div class=\"w-tabs-section-content\"><div class=\"w-tabs-section-content-h i-cf\">\r\n\t<div class=\"wpb_text_column \">\r\n\t\t<div class=\"wpb_wrapper\">\r\n\t\t\t<p dir=\"ltr\"><span style=\"font-family: 'times new roman', times, serif; font-size: 14pt;\">\u015firketimiz \u00fcr\u00fcnlerini uluslararas\u0131 standartlara uygun olarak sunmaktan gurur duyar. standartlar bak\u0131r lamalar i\u00e7in \u015f\u00f6yle:<\/span><\/p>\n<p style=\"text-align: left;\"><span style=\"font-family: 'times new roman', times, serif; font-size: 14pt;\">DIN 1787<\/span><br \/>\n<span style=\"font-family: 'times new roman', times, serif; font-size: 14pt;\">Copper &#8211; Half-finished Products<\/span><\/p>\n<p style=\"text-align: left;\"><span style=\"font-family: 'times new roman', times, serif; font-size: 14pt;\">DIN 1759<\/span><br \/>\n<span style=\"font-family: 'times new roman', times, serif; font-size: 14pt;\">Rectangular Bars of Copper and Wrought Copper Alloys, Drawn, with Sharp Edges; Dimensions, Permissible Variations, Static Values<\/span><\/p>\n<p style=\"text-align: left;\"><span style=\"font-family: 'times new roman', times, serif; font-size: 14pt;\">ASTM B133M-93A<\/span><br \/>\n<span style=\"font-family: 'times new roman', times, serif; font-size: 14pt;\">Specification for Copper Rod, Bar, And Shapes Metric<\/span><\/p>\n<p style=\"text-align: left;\"><span style=\"font-family: 'times new roman', times, serif; font-size: 14pt;\">JIS H 3250<\/span><br \/>\n<span style=\"font-family: 'times new roman', times, serif; font-size: 14pt;\">Copper and copper alloy rods and bars<\/span><\/p>\n\r\n\t\t<\/div>\r\n\t<\/div>\r\n<\/div><\/div><\/div><\/div><\/div><\/div><\/div><\/div><\/div><\/div><\/div><\/section>\n<\/div>","protected":false},"excerpt":{"rendered":"Bak\u0131r Lama Bak\u0131r Lamalar Elektrik ak\u0131m\u0131, aktar\u0131m\u0131 ve enerji da\u011f\u0131t\u0131m\u0131 i\u00e7in kullan\u0131l\u0131r ve en \u00e7ok elektrik panolar\u0131nda kullan\u0131lmakta.bu busbarlardaki elektrik ak\u0131m\u0131 y\u00fcksek oldu\u011fu i\u00e7in \u00fcr\u00fcn\u00fcn Elektrik iletkenli\u011fi \u00f6nceliktir kullan\u0131m \u00f6zellikleri Boyutlar kimyasal \u00f6zellikleri Standartlar kullan\u0131m \u00f6zellikleri Bak\u0131r Lamalar Elektrik ak\u0131m\u0131, aktar\u0131m\u0131 ve enerji da\u011f\u0131t\u0131m\u0131 i\u00e7in kullan\u0131l\u0131r ve en \u00e7ok elektrik panolar\u0131nda kullan\u0131lmakta.bu lamalardaki elektrik ak\u0131m\u0131...","protected":false},"author":16,"featured_media":0,"parent":0,"menu_order":0,"comment_status":"closed","ping_status":"closed","template":"","meta":{"footnotes":""},"class_list":["post-7626","page","type-page","status-publish","hentry"],"_links":{"self":[{"href":"https:\/\/csp.ir\/tr\/wp-json\/wp\/v2\/pages\/7626"}],"collection":[{"href":"https:\/\/csp.ir\/tr\/wp-json\/wp\/v2\/pages"}],"about":[{"href":"https:\/\/csp.ir\/tr\/wp-json\/wp\/v2\/types\/page"}],"author":[{"embeddable":true,"href":"https:\/\/csp.ir\/tr\/wp-json\/wp\/v2\/users\/16"}],"replies":[{"embeddable":true,"href":"https:\/\/csp.ir\/tr\/wp-json\/wp\/v2\/comments?post=7626"}],"version-history":[{"count":32,"href":"https:\/\/csp.ir\/tr\/wp-json\/wp\/v2\/pages\/7626\/revisions"}],"predecessor-version":[{"id":12997,"href":"https:\/\/csp.ir\/tr\/wp-json\/wp\/v2\/pages\/7626\/revisions\/12997"}],"wp:attachment":[{"href":"https:\/\/csp.ir\/tr\/wp-json\/wp\/v2\/media?parent=7626"}],"curies":[{"name":"wp","href":"https:\/\/api.w.org\/{rel}","templated":true}]}}