{"id":7615,"date":"2019-05-15T07:10:50","date_gmt":"2019-05-15T07:10:50","guid":{"rendered":"http:\/\/nonegar7.ir\/esm\/en\/?page_id=7615"},"modified":"2020-09-21T07:45:48","modified_gmt":"2020-09-21T07:45:48","slug":"bakir-boru","status":"publish","type":"page","link":"https:\/\/csp.ir\/tr\/bakir-boru\/","title":{"rendered":"Bak\u0131r boru"},"content":{"rendered":"<div class=\"wpb-content-wrapper\"><section class=\"l-section wpb_row height_medium\"><div class=\"l-section-h i-cf\"><div class=\"g-cols vc_row type_default valign_top\"><div class=\"vc_col-sm-12 wpb_column vc_column_container\"><div class=\"vc_column-inner\"><div class=\"wpb_wrapper\">\r\n\t<div class=\"wpb_text_column \">\r\n\t\t<div class=\"wpb_wrapper\">\r\n\t\t\t<h3 dir=\"ltr\" style=\"text-align: left;\"><span style=\"font-family: 'times new roman', times, serif;\">Bak\u0131r boru<\/span><\/h3>\n\r\n\t\t<\/div>\r\n\t<\/div>\r\n<div class=\"w-tabs layout_default icon_chevron iconpos_right \"><div class=\"w-tabs-list items_4\"><div class=\"w-tabs-list-h\"><div class=\"w-tabs-item active\"><a href=\"#1552722214403-d5740417-add56ee5-f287586f-0743\" class=\"w-tabs-item-h\"><span class=\"w-tabs-item-title\">kullan\u0131m \u00f6zellikleri<\/span><\/a><\/div>\n<div class=\"w-tabs-item\"><a href=\"#1552722214428-07f6deb7-97b26ee5-f287586f-0743\" class=\"w-tabs-item-h\"><span class=\"w-tabs-item-title\">Boyutlar<\/span><\/a><\/div>\n<div class=\"w-tabs-item\"><a href=\"#1557902942193-85c9cc3c-f1de586f-0743\" class=\"w-tabs-item-h\"><span class=\"w-tabs-item-title\">kimyasal \u00f6zellikleri<\/span><\/a><\/div>\n<div class=\"w-tabs-item\"><a href=\"#1552722251989-39e7885a-ce876ee5-f287586f-0743\" class=\"w-tabs-item-h\"><span class=\"w-tabs-item-title\">Standartlar<\/span><\/a><\/div>\n<\/div><\/div><div class=\"w-tabs-sections\"><div class=\"w-tabs-sections-h\"><div class=\"w-tabs-section active\" id=\"1552722214403-d5740417-add56ee5-f287586f-0743\"><a href=\"#1552722214403-d5740417-add56ee5-f287586f-0743\" class=\"w-tabs-section-header\"><div class=\"w-tabs-section-header-h\"><div class=\"w-tabs-section-title\">kullan\u0131m \u00f6zellikleri<\/div><div class=\"w-tabs-section-control\"><\/div><\/div><\/a><div class=\"w-tabs-section-content\"><div class=\"w-tabs-section-content-h i-cf\">\r\n\t<div class=\"wpb_text_column \">\r\n\t\t<div class=\"wpb_wrapper\">\r\n\t\t\t<p dir=\"ltr\"><span style=\"font-family: 'times new roman', times, serif; font-size: 14pt;\">bak\u0131r borular piyasadaki talebi de de\u011ferlendirerek 3 DLP,TPC ve DHP gruplarda \u00fcretilir. kullan\u0131m alanlar\u0131 da \u015f\u00f6yledir:<\/span><\/p>\n<p dir=\"ltr\"><span style=\"font-family: 'times new roman', times, serif; font-size: 14pt;\"><strong>TPC bak\u0131r boru:<\/strong> bu borular ola\u011fan\u00fcst\u00fc elektrik iletkenli\u011fine sahipler. Bu y\u00fczden elektrik \u00fcr\u00fcnlerinde kullan\u0131lmaktad\u0131rlar. bu borular kablo Pabucu \u00fcretiminde kullan\u0131l\u0131r.<\/span><\/p>\n<p dir=\"ltr\"><strong><span style=\"font-family: 'times new roman', times, serif; font-size: 14pt;\">DLP ve DHP bak\u0131r boru:<\/span><\/strong><span style=\"font-family: 'times new roman', times, serif; font-size: 14pt;\">bu t\u00fcr borular y\u00fcksek \u0131s\u0131 iletkenli\u011finin yan\u0131s\u0131ra kaynak i\u015flemi i\u00e7in de \u00e7ok uygunlar. Bu nedenle \u0131s\u0131 e\u015fanj\u00f6rlerinin \u00fcretiminde kullan\u0131l\u0131r. \u0131s\u0131 e\u015fanj\u00f6rleri iki ak\u0131\u015fkan aras\u0131ndaki \u0131s\u0131y\u0131 aktarmak i\u00e7in kullan\u0131l\u0131r ve genellikle \u0131s\u0131tma, so\u011futma ve iklimlendirme sistemlerinde kullan\u0131l\u0131r.<\/span><\/p>\n\r\n\t\t<\/div>\r\n\t<\/div>\r\n<\/div><\/div><\/div><div class=\"w-tabs-section\" id=\"1552722214428-07f6deb7-97b26ee5-f287586f-0743\"><a href=\"#1552722214428-07f6deb7-97b26ee5-f287586f-0743\" class=\"w-tabs-section-header\"><div class=\"w-tabs-section-header-h\"><div class=\"w-tabs-section-title\">Boyutlar<\/div><div class=\"w-tabs-section-control\"><\/div><\/div><\/a><div class=\"w-tabs-section-content\"><div class=\"w-tabs-section-content-h i-cf\">\r\n\t<div class=\"wpb_text_column \">\r\n\t\t<div class=\"wpb_wrapper\">\r\n\t\t\t<p dir=\"ltr\"><span style=\"font-family: 'times new roman', times, serif; font-size: 14pt;\">\u015firketimiz piyasan\u0131n talebini de de\u011ferlendirerek bak\u0131r borular\u0131 Farkl\u0131 boyutlarda ve g\u00f6zleme, bobin(LWS) ve dal \u015fekillerinde \u00fcretmekte.<\/span><\/p>\n<p style=\"text-align: justify;\"><img decoding=\"async\" class=\"img-responsive\" src=\"http:\/\/www.csp.ir\/img\/91_5.jpg\" alt=\"\" \/><a ref=\"magnificPopup\" href=\"http:\/\/www.csp.ir\/wp-content\/uploads\/2019\/06\/91_5.jpg\"><img loading=\"lazy\" decoding=\"async\" class=\"alignnone wp-image-8319\" src=\"http:\/\/www.csp.ir\/wp-content\/uploads\/2019\/06\/91_5-300x258.jpg\" alt=\"\" width=\"569\" height=\"489\" srcset=\"https:\/\/csp.ir\/wp-content\/uploads\/2019\/06\/91_5-300x258.jpg 300w, https:\/\/csp.ir\/wp-content\/uploads\/2019\/06\/91_5.jpg 597w\" sizes=\"(max-width: 569px) 100vw, 569px\" \/><\/a><\/p>\n\r\n\t\t<\/div>\r\n\t<\/div>\r\n<\/div><\/div><\/div><div class=\"w-tabs-section\" id=\"1557902942193-85c9cc3c-f1de586f-0743\"><a href=\"#1557902942193-85c9cc3c-f1de586f-0743\" class=\"w-tabs-section-header\"><div class=\"w-tabs-section-header-h\"><div class=\"w-tabs-section-title\">kimyasal \u00f6zellikleri<\/div><div class=\"w-tabs-section-control\"><\/div><\/div><\/a><div class=\"w-tabs-section-content\"><div class=\"w-tabs-section-content-h i-cf\">\r\n\t<div class=\"wpb_text_column \">\r\n\t\t<div class=\"wpb_wrapper\">\r\n\t\t\t<p dir=\"ltr\"><span style=\"font-family: 'times new roman', times, serif; font-size: 14pt;\">kimyasal \u00f6zellikleri ve Standart uygunlu\u011fu bak\u0131r borular i\u00e7in \u015f\u00f6yledir:<\/span><\/p>\n<table style=\"height: 211px; width: 1092px;\" width=\"941\">\n<tbody>\n<tr style=\"height: 18px;\">\n<td style=\"height: 54px; width: 64px; text-align: center;\" rowspan=\"3\"><strong><span style=\"font-family: 'times new roman', times, serif;\">Ala\u015f\u0131m<\/span><\/strong><\/td>\n<td style=\"height: 54px; width: 185px; text-align: center;\" rowspan=\"3\"><strong><span style=\"font-family: 'times new roman', times, serif; font-size: 14pt;\">Adi<\/span><\/strong><\/td>\n<td style=\"text-align: center; height: 18px; width: 557px;\" colspan=\"5\"><strong><span style=\"font-family: 'times new roman', times, serif; font-size: 14pt;\">Standart uygunlu\u011fu<\/span><\/strong><\/td>\n<td style=\"height: 18px; width: 258px; text-align: center;\" colspan=\"2\"><span style=\"font-family: 'times new roman', times, serif; font-size: 14pt;\"><strong>kimyasal bile\u015fimi<\/strong><\/span><\/td>\n<\/tr>\n<tr style=\"height: 18px;\">\n<td style=\"text-align: center; height: 18px; width: 109px;\"><strong><span style=\"font-family: 'times new roman', times, serif; font-size: 14pt;\">ISO<\/span><\/strong><\/td>\n<td style=\"text-align: center; height: 18px; width: 105px;\"><strong><span style=\"font-family: 'times new roman', times, serif; font-size: 14pt;\">USA<\/span><\/strong><\/td>\n<td style=\"text-align: center; height: 18px; width: 119px;\"><strong><span style=\"font-family: 'times new roman', times, serif; font-size: 14pt;\">GERMANY<\/span><\/strong><\/td>\n<td style=\"text-align: center; height: 18px; width: 113px;\"><strong><span style=\"font-family: 'times new roman', times, serif; font-size: 14pt;\">JIS<\/span><\/strong><\/td>\n<td style=\"text-align: center; height: 18px; width: 87px;\"><strong><span style=\"font-family: 'times new roman', times, serif; font-size: 14pt;\">UK<\/span><\/strong><\/td>\n<td dir=\"ltr\" style=\"text-align: center; height: 36px; width: 93px;\" rowspan=\"2\"><strong><span style=\"font-family: 'times new roman', times, serif; font-size: 14pt;\">Bak\u0131r (min)<\/span><\/strong><\/td>\n<td style=\"text-align: center; height: 36px; width: 159px;\" rowspan=\"2\"><strong><span style=\"font-family: 'times new roman', times, serif;\"><span style=\"font-size: 14pt;\">Fosfor <\/span>\u00a0\u00a0<\/span><\/strong><\/td>\n<\/tr>\n<tr style=\"height: 18px;\">\n<td style=\"text-align: center; height: 18px; width: 109px;\"><\/td>\n<td style=\"text-align: center; height: 18px; width: 105px;\"><strong><span style=\"font-family: 'times new roman', times, serif; font-size: 14pt;\">ASTM<\/span><\/strong><\/td>\n<td style=\"text-align: center; height: 18px; width: 119px;\"><strong><span style=\"font-family: 'times new roman', times, serif; font-size: 14pt;\">DIN<\/span><\/strong><\/td>\n<td style=\"text-align: center; height: 18px; width: 113px;\"><strong><span style=\"font-family: 'times new roman', times, serif; font-size: 14pt;\">JAPAN<\/span><\/strong><\/td>\n<td style=\"text-align: center; height: 18px; width: 87px;\"><strong><span style=\"font-family: 'times new roman', times, serif; font-size: 14pt;\">BS<\/span><\/strong><\/td>\n<\/tr>\n<tr style=\"height: 18px;\">\n<td style=\"height: 18px; width: 64px; text-align: center;\"><span style=\"font-family: 'times new roman', times, serif; font-size: 14pt;\">TPC<\/span><\/td>\n<td style=\"height: 18px; width: 185px; text-align: center;\"><span style=\"font-family: 'times new roman', times, serif; font-size: 14pt;\">Tough Pitch Copper<\/span><\/td>\n<td style=\"text-align: center; height: 18px; width: 109px;\"><span style=\"font-family: 'times new roman', times, serif; font-size: 14pt;\">Cu-ETP<\/span><\/td>\n<td style=\"text-align: center; height: 18px; width: 105px;\"><span style=\"font-family: 'times new roman', times, serif; font-size: 14pt;\">C 11000<\/span><\/td>\n<td style=\"text-align: center; height: 18px; width: 119px;\"><span style=\"font-family: 'times new roman', times, serif; font-size: 14pt;\">E Cu 58<\/span><\/td>\n<td style=\"text-align: center; height: 18px; width: 113px;\"><span style=\"font-family: 'times new roman', times, serif; font-size: 14pt;\">C 1100<\/span><\/td>\n<td style=\"text-align: center; height: 18px; width: 87px;\"><span style=\"font-family: 'times new roman', times, serif; font-size: 14pt;\">C 101<\/span><\/td>\n<td style=\"text-align: center; height: 18px; width: 93px;\"><span style=\"font-family: 'times new roman', times, serif; font-size: 14pt;\">99.90<\/span><\/td>\n<td style=\"text-align: center; height: 18px; width: 159px;\"><span style=\"font-family: 'times new roman', times, serif; font-size: 14pt;\">0.004 max<\/span><\/td>\n<\/tr>\n<tr style=\"height: 18px;\">\n<td style=\"height: 18px; width: 64px; text-align: center;\"><span style=\"font-family: 'times new roman', times, serif; font-size: 14pt;\">DLP<\/span><\/td>\n<td style=\"height: 18px; width: 185px; text-align: center;\"><span style=\"font-family: 'times new roman', times, serif; font-size: 14pt;\">Phosphorous<\/span><\/td>\n<td style=\"text-align: center; height: 18px; width: 109px;\"><span style=\"font-family: 'times new roman', times, serif; font-size: 14pt;\">Cu-DLP<\/span><\/td>\n<td style=\"text-align: center; height: 18px; width: 105px;\"><span style=\"font-family: 'times new roman', times, serif; font-size: 14pt;\">C 12000<\/span><\/td>\n<td style=\"text-align: center; height: 18px; width: 119px;\"><span style=\"font-family: 'times new roman', times, serif; font-size: 14pt;\">SW-Cu<\/span><\/td>\n<td style=\"text-align: center; height: 18px; width: 113px;\"><span style=\"font-family: 'times new roman', times, serif; font-size: 14pt;\">C 1201<\/span><\/td>\n<td style=\"text-align: center; height: 18px; width: 87px;\"><span style=\"font-family: 'times new roman', times, serif; font-size: 14pt;\">\u2013<\/span><\/td>\n<td style=\"text-align: center; height: 18px; width: 93px;\"><span style=\"font-family: 'times new roman', times, serif; font-size: 14pt;\">99.90<\/span><\/td>\n<td style=\"text-align: center; height: 18px; width: 159px;\"><span style=\"font-family: 'times new roman', times, serif; font-size: 14pt;\">0.004 &#8211; 0.015<\/span><\/td>\n<\/tr>\n<tr style=\"height: 18px;\">\n<td style=\"height: 18px; width: 64px; text-align: center;\"><span style=\"font-family: 'times new roman', times, serif; font-size: 14pt;\">DHP<\/span><\/td>\n<td style=\"height: 18px; width: 185px; text-align: center;\"><span style=\"font-family: 'times new roman', times, serif; font-size: 14pt;\">Deoxidized Copper<\/span><\/td>\n<td style=\"text-align: center; height: 18px; width: 109px;\"><span style=\"font-family: 'times new roman', times, serif; font-size: 14pt;\">Cu-DHP<\/span><\/td>\n<td style=\"text-align: center; height: 18px; width: 105px;\"><span style=\"font-family: 'times new roman', times, serif; font-size: 14pt;\">C 12200<\/span><\/td>\n<td style=\"text-align: center; height: 18px; width: 119px;\"><span style=\"font-family: 'times new roman', times, serif; font-size: 14pt;\">SF-Cu<\/span><\/td>\n<td style=\"text-align: center; height: 18px; width: 113px;\"><span style=\"font-family: 'times new roman', times, serif; font-size: 14pt;\">C 1220<\/span><\/td>\n<td style=\"text-align: center; height: 18px; width: 87px;\"><span style=\"font-family: 'times new roman', times, serif; font-size: 14pt;\">C 106<\/span><\/td>\n<td style=\"text-align: center; height: 18px; width: 93px;\"><span style=\"font-family: 'times new roman', times, serif; font-size: 14pt;\">99.90<\/span><\/td>\n<td style=\"text-align: center; height: 18px; width: 159px;\"><span style=\"font-family: 'times new roman', times, serif; font-size: 14pt;\">0.015 &#8211; 0.040<\/span><\/td>\n<\/tr>\n<\/tbody>\n<\/table>\n\r\n\t\t<\/div>\r\n\t<\/div>\r\n<\/div><\/div><\/div><div class=\"w-tabs-section\" id=\"1552722251989-39e7885a-ce876ee5-f287586f-0743\"><a href=\"#1552722251989-39e7885a-ce876ee5-f287586f-0743\" class=\"w-tabs-section-header\"><div class=\"w-tabs-section-header-h\"><div class=\"w-tabs-section-title\">Standartlar<\/div><div class=\"w-tabs-section-control\"><\/div><\/div><\/a><div class=\"w-tabs-section-content\"><div class=\"w-tabs-section-content-h i-cf\">\r\n\t<div class=\"wpb_text_column \">\r\n\t\t<div class=\"wpb_wrapper\">\r\n\t\t\t<p dir=\"ltr\"><span style=\"font-family: 'times new roman', times, serif; font-size: 14pt;\">\u015firketimiz \u00fcr\u00fcnlerini uluslararas\u0131 standartlara uygun olarak sunmaktan gurur duyar. bu standartlar bak\u0131r borular i\u00e7in \u015f\u00f6yle:<\/span><\/p>\n<div dir=\"ltr\">\n<p><span style=\"font-family: 'times new roman', times, serif;\"><a href=\"http:\/\/eshop.normservis.cz\/detail\/din\/1787\/1.1.1973\" target=\"_blank\" rel=\"noopener noreferrer\"><strong>DIN 1787<\/strong><\/a><\/span><br \/>\n<span style=\"font-family: 'times new roman', times, serif;\">Copper &#8211; Half-finished Products.<\/span><\/p>\n<p><span style=\"font-family: 'times new roman', times, serif;\"><a href=\"http:\/\/eshop.normservis.cz\/detail\/din\/1785\/1.10.1983\" target=\"_blank\" rel=\"noopener noreferrer\"><strong>DIN 1785<\/strong><\/a><\/span><br \/>\n<span style=\"font-family: 'times new roman', times, serif;\">Wrought copper and copper alloy tubes for condensers and heat exchangers.<\/span><\/p>\n<p><span style=\"font-family: 'times new roman', times, serif;\"><a href=\"http:\/\/eshop.normservis.cz\/detail\/din\/1754-1\/1.8.1969\" target=\"_blank\" rel=\"noopener noreferrer\"><strong>DIN 1754-1<\/strong><\/a><\/span><br \/>\n<span style=\"font-family: 'times new roman', times, serif;\">Copper Tubes &#8211; Seamless Drawn, Dimension Ranges and Coordination of Tolerances.<\/span><\/p>\n<p><span style=\"font-family: 'times new roman', times, serif;\"><a href=\"http:\/\/eshop.normservis.cz\/detail\/din\/1754-2\/1.8.1969\" target=\"_blank\" rel=\"noopener noreferrer\"><strong>DIN 1754-2<\/strong><\/a><\/span><br \/>\n<span style=\"font-family: 'times new roman', times, serif;\">Copper Tubes &#8211; Seamless Drawn, Preferred Dimensions for General Purposes.<\/span><\/p>\n<p><span style=\"font-family: 'times new roman', times, serif;\"><a href=\"http:\/\/eshop.normservis.cz\/detail\/din\/17671-1\/1.12.1983\" target=\"_blank\" rel=\"noopener noreferrer\"><strong>DIN 17671-1<\/strong><\/a><\/span><br \/>\n<span style=\"font-family: 'times new roman', times, serif;\">Wrought copper and copper alloy tu bes; properties.<\/span><\/p>\n<p><span style=\"font-family: 'times new roman', times, serif;\"><a href=\"http:\/\/eshop.normservis.cz\/detail\/dinen\/12449\/1.10.1999\" target=\"_blank\" rel=\"noopener noreferrer\"><strong>DIN EN 12449<\/strong><\/a><\/span><br \/>\n<span style=\"font-family: 'times new roman', times, serif;\">Copper and copper alloys &#8211; Seamless, round tubes for general purposes.<\/span><\/p>\n<p><span style=\"font-family: 'times new roman', times, serif;\"><a href=\"http:\/\/eshop.normservis.cz\/detail\/dinen\/12451\/1.10.1999\" target=\"_blank\" rel=\"noopener noreferrer\"><strong>DIN EN 12451<\/strong><\/a><\/span><br \/>\n<span style=\"font-family: 'times new roman', times, serif;\">Copper and copper alloys &#8211; Seamless, round tubes for heat exchangers.<\/span><\/p>\n<p><span style=\"font-family: 'times new roman', times, serif;\"><a href=\"http:\/\/eshop.normservis.cz\/detail\/dinen\/12735-1\/1.12.2010\" target=\"_blank\" rel=\"noopener noreferrer\"><strong>DIN EN 12735-1<\/strong><\/a><\/span><br \/>\n<span style=\"font-family: 'times new roman', times, serif;\">Copper and copper alloys &#8211; Seamless, round copper tubes for air conditioning and refrigeration &#8211; Part 1: Tubes for piping systems.<\/span><\/p>\n<p><span style=\"font-family: 'times new roman', times, serif;\"><a href=\"http:\/\/eshop.normservis.cz\/detail\/dinen\/12735-2\/1.12.2010\" target=\"_blank\" rel=\"noopener noreferrer\"><strong>DIN EN 12735-2<\/strong><\/a><\/span><br \/>\n<span style=\"font-family: 'times new roman', times, serif;\">Copper and copper alloys &#8211; Seamless, round copper tubes for air conditioning and refrigeration &#8211; Part 2: Tubes for equipment.<\/span><\/p>\n<p><span style=\"font-family: 'times new roman', times, serif;\"><a href=\"http:\/\/eshop.normservis.cz\/detail\/astm\/b111-b111m-11\/1.10.2011\" target=\"_blank\" rel=\"noopener noreferrer\"><strong>ASTM B111M-11<\/strong><\/a><\/span><br \/>\n<span style=\"font-family: 'times new roman', times, serif;\">Standard Specification for Copper and Copper-Alloy Seamless Condenser Tubes and Ferrule S tock<\/span><\/p>\n<p><span style=\"font-family: 'times new roman', times, serif;\"><a href=\"http:\/\/eshop.normservis.cz\/detail\/astm\/b75-b75m-11\/15.10.2011\" target=\"_blank\" rel=\"noopener noreferrer\"><strong>ASTM B75\/B75M-11<\/strong><\/a><\/span><br \/>\n<span style=\"font-family: 'times new roman', times, serif;\">Standard Specification for Seamless Copper Tube<\/span><\/p>\n<p><span style=\"font-family: 'times new roman', times, serif;\"><a href=\"http:\/\/eshop.normservis.cz\/detail\/astm\/b280-08\/15.4.2008\" target=\"_blank\" rel=\"noopener noreferrer\"><strong>ASTM B280-08<\/strong><\/a><\/span><br \/>\n<span style=\"font-family: 'times new roman', times, serif;\">Standard Specification for Seamless Copper Tube for Air Conditioning and Refrigeration Field Service<\/span><\/p>\n<p><span style=\"font-family: 'times new roman', times, serif;\"><a href=\"http:\/\/eshop.normservis.cz\/detail\/astm\/b395-b395m-08\/1.4.2008\" target=\"_blank\" rel=\"noopener noreferrer\"><strong>ASTM B395\/B395M-08<\/strong><\/a><\/span><br \/>\n<span style=\"font-family: 'times new roman', times, serif;\">Standard Specification for U-Bend Seamless Copper and Copper Alloy Heat Exchanger and Condenser Tubes<\/span><\/p>\n<p><span style=\"font-family: 'times new roman', times, serif;\"><strong>JIS H 3300<\/strong><\/span><br \/>\n<span style=\"font-family: 'times new roman', times, serif;\">Copper and copper alloy seamless pipes and tubes<\/span><\/p>\n<p><span style=\"font-family: 'times new roman', times, serif;\"><a href=\"http:\/\/eshop.normservis.cz\/detail\/bs\/2871-2-1972\/29.2.1972\" target=\"_blank\" rel=\"noopener noreferrer\"><strong>BS 2871-2:1972<\/strong><\/a><\/span><br \/>\n<span style=\"font-family: 'times new roman', times, serif;\">Specification for copper and copper alloys. Tubes. Tube s for general purposes<\/span><\/p>\n<p><span style=\"font-family: 'times new roman', times, serif;\"><a href=\"http:\/\/eshop.normservis.cz\/detail\/bs\/2871-3-1972\/29.2.1972\" target=\"_blank\" rel=\"noopener noreferrer\"><strong>BS 2871-3:1972<\/strong><\/a><\/span><br \/>\n<span style=\"font-family: 'times new roman', times, serif;\">Specification for copper and copper alloys. Tubes. Tubes for heat exchangers<\/span><\/p>\n<p><span style=\"font-family: 'times new roman', times, serif;\"><a href=\"http:\/\/eshop.normservis.cz\/detail\/bsen\/12449-1999\/15.11.1999\" target=\"_blank\" rel=\"noopener noreferrer\"><strong>BS EN 12449:1999<\/strong><\/a><\/span><br \/>\n<span style=\"font-family: 'times new roman', times, serif;\">Copper and copper alloys. Seamless, round tubes for general purposes<\/span><\/p>\n<p><span style=\"font-family: 'times new roman', times, serif;\"><a href=\"http:\/\/eshop.normservis.cz\/detail\/bsen\/12451-1999\/15.11.1999\" target=\"_blank\" rel=\"noopener noreferrer\"><strong>BS EN 12451:1999<\/strong><\/a><\/span><br \/>\n<span style=\"font-family: 'times new roman', times, serif;\">Copper and copper alloys. Seamless, round tubes for heat exchangers<\/span><\/p>\n<p><span style=\"font-family: 'times new roman', times, serif;\"><a href=\"http:\/\/eshop.normservis.cz\/detail\/bsen\/12735-2-2010\/31.8.2010\" target=\"_blank\" rel=\"noopener noreferrer\"><strong>BS EN 12735-2:2010<\/strong><\/a><\/span><br \/>\n<span style=\"font-family: 'times new roman', times, serif;\">Copper and copper alloys. Seamless, round copper tubes for air conditioning and refrigeration. Tubes for equipment<\/span><\/p>\n<\/div>\n\r\n\t\t<\/div>\r\n\t<\/div>\r\n<\/div><\/div><\/div><\/div><\/div><\/div><\/div><\/div><\/div><\/div><\/div><\/section>\n<\/div>","protected":false},"excerpt":{"rendered":"Bak\u0131r boru kullan\u0131m \u00f6zellikleri Boyutlar kimyasal \u00f6zellikleri Standartlar kullan\u0131m \u00f6zellikleri bak\u0131r borular piyasadaki talebi de de\u011ferlendirerek 3 DLP,TPC ve DHP gruplarda \u00fcretilir. kullan\u0131m alanlar\u0131 da \u015f\u00f6yledir: TPC bak\u0131r boru: bu borular ola\u011fan\u00fcst\u00fc elektrik iletkenli\u011fine sahipler. Bu y\u00fczden elektrik \u00fcr\u00fcnlerinde kullan\u0131lmaktad\u0131rlar. bu borular kablo Pabucu \u00fcretiminde kullan\u0131l\u0131r. DLP ve DHP bak\u0131r boru:bu t\u00fcr borular y\u00fcksek \u0131s\u0131...","protected":false},"author":16,"featured_media":0,"parent":0,"menu_order":0,"comment_status":"closed","ping_status":"closed","template":"","meta":{"footnotes":""},"class_list":["post-7615","page","type-page","status-publish","hentry"],"_links":{"self":[{"href":"https:\/\/csp.ir\/tr\/wp-json\/wp\/v2\/pages\/7615"}],"collection":[{"href":"https:\/\/csp.ir\/tr\/wp-json\/wp\/v2\/pages"}],"about":[{"href":"https:\/\/csp.ir\/tr\/wp-json\/wp\/v2\/types\/page"}],"author":[{"embeddable":true,"href":"https:\/\/csp.ir\/tr\/wp-json\/wp\/v2\/users\/16"}],"replies":[{"embeddable":true,"href":"https:\/\/csp.ir\/tr\/wp-json\/wp\/v2\/comments?post=7615"}],"version-history":[{"count":28,"href":"https:\/\/csp.ir\/tr\/wp-json\/wp\/v2\/pages\/7615\/revisions"}],"predecessor-version":[{"id":11077,"href":"https:\/\/csp.ir\/tr\/wp-json\/wp\/v2\/pages\/7615\/revisions\/11077"}],"wp:attachment":[{"href":"https:\/\/csp.ir\/tr\/wp-json\/wp\/v2\/media?parent=7615"}],"curies":[{"name":"wp","href":"https:\/\/api.w.org\/{rel}","templated":true}]}}