{"id":7608,"date":"2019-05-15T06:53:35","date_gmt":"2019-05-15T06:53:35","guid":{"rendered":"http:\/\/nonegar7.ir\/esm\/en\/?page_id=7608"},"modified":"2020-04-28T06:27:51","modified_gmt":"2020-04-28T06:27:51","slug":"pirinc-boru","status":"publish","type":"page","link":"https:\/\/csp.ir\/tr\/pirinc-boru\/","title":{"rendered":"Pirin\u00e7 boru"},"content":{"rendered":"<div class=\"wpb-content-wrapper\"><section class=\"l-section wpb_row height_medium\"><div class=\"l-section-h i-cf\"><div class=\"g-cols vc_row type_default valign_top\"><div class=\"vc_col-sm-12 wpb_column vc_column_container\"><div class=\"vc_column-inner\"><div class=\"wpb_wrapper\">\r\n\t<div class=\"wpb_text_column \">\r\n\t\t<div class=\"wpb_wrapper\">\r\n\t\t\t<h3 dir=\"ltr\"><span style=\"font-family: 'times new roman', times, serif;\"><strong>Pirin\u00e7 boru<\/strong><\/span><\/h3>\n\r\n\t\t<\/div>\r\n\t<\/div>\r\n<div class=\"w-tabs layout_default icon_chevron iconpos_right \"><div class=\"w-tabs-list items_4\"><div class=\"w-tabs-list-h\"><div class=\"w-tabs-item active\"><a href=\"#1552722214403-d5740417-add55cef-2102\" class=\"w-tabs-item-h\"><span class=\"w-tabs-item-title\">kullan\u0131m \u00f6zellikleri<\/span><\/a><\/div>\n<div class=\"w-tabs-item\"><a href=\"#1552722214428-07f6deb7-97b25cef-2102\" class=\"w-tabs-item-h\"><span class=\"w-tabs-item-title\">Boyutlar<\/span><\/a><\/div>\n<div class=\"w-tabs-item\"><a href=\"#1557903155090-dbff357c-c077\" class=\"w-tabs-item-h\"><span class=\"w-tabs-item-title\">kimyasal \u00f6zellikleri<\/span><\/a><\/div>\n<div class=\"w-tabs-item\"><a href=\"#1552722251989-39e7885a-ce875cef-2102\" class=\"w-tabs-item-h\"><span class=\"w-tabs-item-title\">Standartlar<\/span><\/a><\/div>\n<\/div><\/div><div class=\"w-tabs-sections\"><div class=\"w-tabs-sections-h\"><div class=\"w-tabs-section active\" id=\"1552722214403-d5740417-add55cef-2102\"><a href=\"#1552722214403-d5740417-add55cef-2102\" class=\"w-tabs-section-header\"><div class=\"w-tabs-section-header-h\"><div class=\"w-tabs-section-title\">kullan\u0131m \u00f6zellikleri<\/div><div class=\"w-tabs-section-control\"><\/div><\/div><\/a><div class=\"w-tabs-section-content\"><div class=\"w-tabs-section-content-h i-cf\">\r\n\t<div class=\"wpb_text_column \">\r\n\t\t<div class=\"wpb_wrapper\">\r\n\t\t\t<p dir=\"ltr\"><span style=\"font-family: 'times new roman', times, serif; font-size: 14pt;\">pirin\u00e7 borular Otomotiv ve dekoratif end\u00fcstrileri de dahil olmak \u00fczere bir\u00e7ok end\u00fcstride kullan\u0131lmakta. pirin\u00e7, musluk, araba radyat\u00f6rleri ve avizelerin \u00fcretiminde kullan\u0131l\u0131r.<\/span><\/p>\n\r\n\t\t<\/div>\r\n\t<\/div>\r\n<\/div><\/div><\/div><div class=\"w-tabs-section\" id=\"1552722214428-07f6deb7-97b25cef-2102\"><a href=\"#1552722214428-07f6deb7-97b25cef-2102\" class=\"w-tabs-section-header\"><div class=\"w-tabs-section-header-h\"><div class=\"w-tabs-section-title\">Boyutlar<\/div><div class=\"w-tabs-section-control\"><\/div><\/div><\/a><div class=\"w-tabs-section-content\"><div class=\"w-tabs-section-content-h i-cf\">\r\n\t<div class=\"wpb_text_column \">\r\n\t\t<div class=\"wpb_wrapper\">\r\n\t\t\t<p dir=\"ltr\"><span style=\"font-family: 'times new roman', times, serif; font-size: 14pt;\">pirin\u00e7 borular\u0131 boyutlar d\u0131\u015f \u00e7ap ve kal\u0131nl\u0131ktan olu\u015fmakta. pirin\u00e7 borular 1&#215;8 ve 3.75 x 75 boyutlar\u0131nda \u00fcretilebilir.<\/span><\/p>\n<p dir=\"ltr\"><span style=\"font-family: 'times new roman', times, serif; font-size: 14pt;\">pirin\u00e7 borular\u0131 i\u00e7in di\u011fer boyutlar :<\/span><\/p>\n<p><img decoding=\"async\" class=\"img-responsive\" src=\"http:\/\/www.csp.ir\/img\/91_2.jpg\" alt=\"\" \/><a ref=\"magnificPopup\" href=\"http:\/\/www.csp.ir\/wp-content\/uploads\/2019\/06\/91_2.jpg\"><img loading=\"lazy\" decoding=\"async\" class=\"alignnone wp-image-8280\" src=\"http:\/\/www.csp.ir\/wp-content\/uploads\/2019\/06\/91_2-300x193.jpg\" alt=\"\" width=\"611\" height=\"393\" srcset=\"https:\/\/csp.ir\/wp-content\/uploads\/2019\/06\/91_2-300x193.jpg 300w, https:\/\/csp.ir\/wp-content\/uploads\/2019\/06\/91_2.jpg 766w\" sizes=\"(max-width: 611px) 100vw, 611px\" \/><\/a><\/p>\n\r\n\t\t<\/div>\r\n\t<\/div>\r\n<\/div><\/div><\/div><div class=\"w-tabs-section\" id=\"1557903155090-dbff357c-c077\"><a href=\"#1557903155090-dbff357c-c077\" class=\"w-tabs-section-header\"><div class=\"w-tabs-section-header-h\"><div class=\"w-tabs-section-title\">kimyasal \u00f6zellikleri<\/div><div class=\"w-tabs-section-control\"><\/div><\/div><\/a><div class=\"w-tabs-section-content\"><div class=\"w-tabs-section-content-h i-cf\">\r\n\t<div class=\"wpb_text_column \">\r\n\t\t<div class=\"wpb_wrapper\">\r\n\t\t\t<p dir=\"ltr\"><span style=\"font-family: 'times new roman', times, serif; font-size: 14pt;\">kimyasal \u00f6zellikleri ve Standart uygunlu\u011fu pirin\u00e7 borular i\u00e7in \u015f\u00f6yledir:<\/span><\/p>\n<table style=\"height: 216px;\" width=\"1173\">\n<tbody>\n<tr style=\"height: 27px;\">\n<td style=\"text-align: center; height: 81px; width: 109px;\" rowspan=\"3\"><strong><span style=\"font-family: 'times new roman', times, serif; font-size: 14pt;\">Ala\u015f\u0131m<\/span><\/strong><\/td>\n<td style=\"text-align: center; height: 81px; width: 112px;\" rowspan=\"3\"><strong><span style=\"font-family: 'times new roman', times, serif; font-size: 14pt;\">Ad\u0131<\/span><\/strong><\/td>\n<td style=\"text-align: center; height: 27px; width: 583px;\" colspan=\"5\"><strong><span style=\"font-family: 'times new roman', times, serif;\"><span style=\"font-size: 14pt;\">Standart uygunlu\u011fu<\/span><\/span><\/strong><\/td>\n<td style=\"text-align: center; height: 27px; width: 341px;\" colspan=\"3\"><strong><span style=\"font-family: 'times new roman', times, serif;\"><span style=\"font-size: 14pt;\">kimyasal bile\u015fimi<\/span><\/span><\/strong><\/td>\n<\/tr>\n<tr style=\"height: 27px;\">\n<td style=\"text-align: center; height: 27px; width: 107px;\"><strong><span style=\"font-family: 'times new roman', times, serif; font-size: 14pt;\">ISO<\/span><\/strong><\/td>\n<td style=\"text-align: center; height: 27px; width: 114px;\"><strong><span style=\"font-family: 'times new roman', times, serif; font-size: 14pt;\">USA<\/span><\/strong><\/td>\n<td style=\"text-align: center; height: 27px; width: 142px;\"><strong><span style=\"font-family: 'times new roman', times, serif; font-size: 14pt;\">GERMANY<\/span><\/strong><\/td>\n<td style=\"text-align: center; height: 27px; width: 99px;\"><strong><span style=\"font-family: 'times new roman', times, serif; font-size: 14pt;\">JIN<\/span><\/strong><\/td>\n<td style=\"text-align: center; height: 27px; width: 97px;\"><strong><span style=\"font-family: 'times new roman', times, serif; font-size: 14pt;\">UK<\/span><\/strong><\/td>\n<td style=\"text-align: center; height: 54px; width: 174px;\" rowspan=\"2\"><strong><span style=\"font-family: 'times new roman', times, serif;\"><span style=\"font-size: 14pt;\">Bak\u0131r<\/span><\/span><\/strong><\/td>\n<td style=\"text-align: center; height: 54px; width: 79px;\" rowspan=\"2\"><strong><span style=\"font-family: 'times new roman', times, serif;\"><span style=\"font-size: 14pt;\">Kur\u015fun<\/span><\/span><\/strong><\/td>\n<td style=\"text-align: center; height: 54px; width: 76px;\" rowspan=\"2\"><strong><span style=\"font-family: 'times new roman', times, serif;\"><span style=\"font-size: 14pt;\">\u00e7inko<\/span><\/span><\/strong><\/td>\n<\/tr>\n<tr style=\"height: 27px;\">\n<td style=\"text-align: center; height: 27px; width: 107px;\"><\/td>\n<td style=\"text-align: center; height: 27px; width: 114px;\"><strong><span style=\"font-family: 'times new roman', times, serif; font-size: 14pt;\">ASTM<\/span><\/strong><\/td>\n<td style=\"text-align: center; height: 27px; width: 142px;\"><strong><span style=\"font-family: 'times new roman', times, serif; font-size: 14pt;\">DIN<\/span><\/strong><\/td>\n<td style=\"text-align: center; height: 27px; width: 99px;\"><strong><span style=\"font-family: 'times new roman', times, serif; font-size: 14pt;\">JAPAN<\/span><\/strong><\/td>\n<td style=\"text-align: center; height: 27px; width: 97px;\"><strong><span style=\"font-family: 'times new roman', times, serif; font-size: 14pt;\">BS<\/span><\/strong><\/td>\n<\/tr>\n<tr style=\"height: 54px;\">\n<td style=\"text-align: center; height: 54px; width: 109px;\"><span style=\"font-family: 'times new roman', times, serif; font-size: 14pt;\">70B<\/span><\/td>\n<td style=\"text-align: center; height: 54px; width: 112px;\"><span style=\"font-family: 'times new roman', times, serif; font-size: 14pt;\">Cartridge Brass<\/span><\/td>\n<td style=\"text-align: center; height: 54px; width: 107px;\"><span style=\"font-family: 'times new roman', times, serif; font-size: 14pt;\">CuZn30<\/span><\/td>\n<td style=\"text-align: center; height: 54px; width: 114px;\"><span style=\"font-family: 'times new roman', times, serif; font-size: 14pt;\">C 26000<\/span><\/td>\n<td style=\"text-align: center; height: 54px; width: 142px;\"><span style=\"font-family: 'times new roman', times, serif; font-size: 14pt;\">CuZn30<\/span><\/td>\n<td style=\"text-align: center; height: 54px; width: 99px;\"><span style=\"font-family: 'times new roman', times, serif; font-size: 14pt;\">C 2600<\/span><\/td>\n<td style=\"text-align: center; height: 54px; width: 97px;\"><span style=\"font-family: 'times new roman', times, serif; font-size: 14pt;\">CZ 106<\/span><\/td>\n<td style=\"text-align: center; height: 54px; width: 174px;\"><span style=\"font-family: 'times new roman', times, serif; font-size: 14pt;\">68.5 &#8211; 71.5<\/span><\/td>\n<td style=\"text-align: center; height: 54px; width: 79px;\"><span style=\"font-family: 'times new roman', times, serif; font-size: 14pt;\">\u2013<\/span><\/td>\n<td style=\"text-align: center; height: 54px; width: 76px;\"><span lang=\"tr\" style=\"font-family: 'times new roman', times, serif; font-size: 14pt;\">kald\u0131<\/span><\/td>\n<\/tr>\n<tr style=\"height: 27px;\">\n<td style=\"text-align: center; height: 27px; width: 109px;\"><span style=\"font-family: 'times new roman', times, serif; font-size: 14pt;\">65B<\/span><\/td>\n<td style=\"text-align: center; height: 27px; width: 112px;\"><span style=\"font-family: 'times new roman', times, serif; font-size: 14pt;\">Yellow Brass<\/span><\/td>\n<td style=\"text-align: center; height: 27px; width: 107px;\"><span style=\"font-family: 'times new roman', times, serif; font-size: 14pt;\">CuZn35<\/span><\/td>\n<td style=\"text-align: center; height: 27px; width: 114px;\"><span style=\"font-family: 'times new roman', times, serif; font-size: 14pt;\">C 27000<\/span><\/td>\n<td style=\"text-align: center; height: 27px; width: 142px;\"><span style=\"font-family: 'times new roman', times, serif; font-size: 14pt;\">CuZn36<\/span><\/td>\n<td style=\"text-align: center; height: 27px; width: 99px;\"><span style=\"font-family: 'times new roman', times, serif; font-size: 14pt;\">C 2700<\/span><\/td>\n<td style=\"text-align: center; height: 27px; width: 97px;\"><span style=\"font-family: 'times new roman', times, serif; font-size: 14pt;\">CZ 107<\/span><\/td>\n<td style=\"text-align: center; height: 27px; width: 174px;\"><span style=\"font-family: 'times new roman', times, serif; font-size: 14pt;\">64.0 &#8211; 66.0<\/span><\/td>\n<td style=\"text-align: center; height: 27px; width: 79px;\"><span style=\"font-family: 'times new roman', times, serif; font-size: 14pt;\">\u2013<\/span><\/td>\n<td style=\"text-align: center; height: 27px; width: 76px;\"><span lang=\"tr\" style=\"font-family: 'times new roman', times, serif; font-size: 14pt;\">kald\u0131<\/span><\/td>\n<\/tr>\n<tr style=\"height: 54px;\">\n<td style=\"text-align: center; height: 54px; width: 109px;\"><span style=\"font-family: 'times new roman', times, serif; font-size: 14pt;\">63B<\/span><\/td>\n<td style=\"text-align: center; height: 54px; width: 112px;\"><span style=\"font-family: 'times new roman', times, serif; font-size: 14pt;\">Common Brass<\/span><\/td>\n<td style=\"text-align: center; height: 54px; width: 107px;\"><span style=\"font-family: 'times new roman', times, serif; font-size: 14pt;\">CuZn37<\/span><\/td>\n<td style=\"text-align: center; height: 54px; width: 114px;\"><span style=\"font-family: 'times new roman', times, serif; font-size: 14pt;\">C 27400<\/span><\/td>\n<td style=\"text-align: center; height: 54px; width: 142px;\"><span style=\"font-family: 'times new roman', times, serif; font-size: 14pt;\">CuZn37<\/span><\/td>\n<td style=\"text-align: center; height: 54px; width: 99px;\"><span style=\"font-family: 'times new roman', times, serif; font-size: 14pt;\">C 2720<\/span><\/td>\n<td style=\"text-align: center; height: 54px; width: 97px;\"><span style=\"font-family: 'times new roman', times, serif; font-size: 14pt;\">CZ 108<\/span><\/td>\n<td style=\"text-align: center; height: 54px; width: 174px;\"><span style=\"font-family: 'times new roman', times, serif; font-size: 14pt;\">62.0 &#8211; 64.0<\/span><\/td>\n<td style=\"text-align: center; height: 54px; width: 79px;\"><span style=\"font-family: 'times new roman', times, serif; font-size: 14pt;\">\u2013<\/span><\/td>\n<td style=\"text-align: center; height: 54px; width: 76px;\">\n<p id=\"tw-target-text\" class=\"tw-data-text tw-text-large tw-ta\" dir=\"ltr\" data-placeholder=\"Translation\"><span lang=\"tr\" style=\"font-family: 'times new roman', times, serif; font-size: 14pt;\">kald\u0131<\/span><\/p>\n<\/td>\n<\/tr>\n<\/tbody>\n<\/table>\n<div class=\"tab-content\" dir=\"rtl\">\n<div id=\"tab3\" class=\"tab-pane active\">\n<p>&nbsp;<\/p>\n<p dir=\"ltr\"><span style=\"font-family: 'times new roman', times, serif; font-size: 14pt;\">iste\u011fe g\u00f6re di\u011fer bak\u0131r baz\u0131 ala\u015f\u0131mlar ile borular \u00fcretilebilir.<\/span><\/p>\n<\/div>\n<\/div>\n\r\n\t\t<\/div>\r\n\t<\/div>\r\n<\/div><\/div><\/div><div class=\"w-tabs-section\" id=\"1552722251989-39e7885a-ce875cef-2102\"><a href=\"#1552722251989-39e7885a-ce875cef-2102\" class=\"w-tabs-section-header\"><div class=\"w-tabs-section-header-h\"><div class=\"w-tabs-section-title\">Standartlar<\/div><div class=\"w-tabs-section-control\"><\/div><\/div><\/a><div class=\"w-tabs-section-content\"><div class=\"w-tabs-section-content-h i-cf\">\r\n\t<div class=\"wpb_text_column \">\r\n\t\t<div class=\"wpb_wrapper\">\r\n\t\t\t<p dir=\"ltr\"><span style=\"font-family: 'times new roman', times, serif; font-size: 14pt;\">\u015firketimiz \u00fcr\u00fcnlerini uluslararas\u0131 standartlara uygun olarak sunmaktan gurur duyar. bu standartlar pirin\u00e7 borular i\u00e7in \u015f\u00f6yle:<\/span><\/p>\n<div dir=\"ltr\"><span style=\"font-family: 'times new roman', times, serif; font-size: 14pt;\"><a href=\"http:\/\/eshop.normservis.cz\/detail\/din\/17660\/1.12.1983\" target=\"_blank\" rel=\"noopener noreferrer\"><strong>DIN 17660<\/strong><\/a><\/span><br \/>\n<span style=\"font-family: 'times new roman', times, serif; font-size: 14pt;\">Wrought copper alloys; copper-zinc alloys; (brass); (special brass); composition.<\/span><\/div>\n<div dir=\"ltr\"><\/div>\n<div dir=\"ltr\"><\/div>\n<div dir=\"ltr\"><span style=\"font-family: 'times new roman', times, serif; font-size: 14pt;\"><a href=\"http:\/\/eshop.normservis.cz\/detail\/din\/17671-1\/1.12.1983\" target=\"_blank\" rel=\"noopener noreferrer\"><strong>DIN 17671-1<\/strong><\/a><\/span><br \/>\n<span style=\"font-family: 'times new roman', times, serif; font-size: 14pt;\">Wrought copper and copper alloy tubes; properties.<\/span><\/div>\n<div dir=\"ltr\"><\/div>\n<div dir=\"ltr\"><\/div>\n<div dir=\"ltr\"><span style=\"font-family: 'times new roman', times, serif; font-size: 14pt;\"><a href=\"http:\/\/eshop.normservis.cz\/detail\/astm\/b135-10\/1.10.2010\" target=\"_blank\" rel=\"noopener noreferrer\"><strong>ASTM B135-10<\/strong><\/a><\/span><br \/>\n<span style=\"font-family: 'times new roman', times, serif; font-size: 14pt;\">Standard Specification for Seamless Brass Tube<\/span><\/div>\n<div dir=\"ltr\"><\/div>\n<div dir=\"ltr\"><\/div>\n<div dir=\"ltr\"><span style=\"font-family: 'times new roman', times, serif; font-size: 14pt;\"><strong>JIS H3300<\/strong>\u00a0Publication date: 2009-07-20<\/span><br \/>\n<span style=\"font-family: 'times new roman', times, serif; font-size: 14pt;\">Copper and copper alloy seamless pipes and tubes<\/span><\/div>\n\r\n\t\t<\/div>\r\n\t<\/div>\r\n<\/div><\/div><\/div><\/div><\/div><\/div><\/div><\/div><\/div><\/div><\/div><\/section>\n<\/div>","protected":false},"excerpt":{"rendered":"Pirin\u00e7 boru kullan\u0131m \u00f6zellikleri Boyutlar kimyasal \u00f6zellikleri Standartlar kullan\u0131m \u00f6zellikleri pirin\u00e7 borular Otomotiv ve dekoratif end\u00fcstrileri de dahil olmak \u00fczere bir\u00e7ok end\u00fcstride kullan\u0131lmakta. pirin\u00e7, musluk, araba radyat\u00f6rleri ve avizelerin \u00fcretiminde kullan\u0131l\u0131r. Boyutlar pirin\u00e7 borular\u0131 boyutlar d\u0131\u015f \u00e7ap ve kal\u0131nl\u0131ktan olu\u015fmakta. pirin\u00e7 borular 1x8 ve 3.75 x 75 boyutlar\u0131nda \u00fcretilebilir. pirin\u00e7 borular\u0131 i\u00e7in di\u011fer boyutlar :...","protected":false},"author":16,"featured_media":0,"parent":0,"menu_order":0,"comment_status":"closed","ping_status":"closed","template":"","meta":{"footnotes":""},"class_list":["post-7608","page","type-page","status-publish","hentry"],"_links":{"self":[{"href":"https:\/\/csp.ir\/tr\/wp-json\/wp\/v2\/pages\/7608"}],"collection":[{"href":"https:\/\/csp.ir\/tr\/wp-json\/wp\/v2\/pages"}],"about":[{"href":"https:\/\/csp.ir\/tr\/wp-json\/wp\/v2\/types\/page"}],"author":[{"embeddable":true,"href":"https:\/\/csp.ir\/tr\/wp-json\/wp\/v2\/users\/16"}],"replies":[{"embeddable":true,"href":"https:\/\/csp.ir\/tr\/wp-json\/wp\/v2\/comments?post=7608"}],"version-history":[{"count":42,"href":"https:\/\/csp.ir\/tr\/wp-json\/wp\/v2\/pages\/7608\/revisions"}],"predecessor-version":[{"id":10630,"href":"https:\/\/csp.ir\/tr\/wp-json\/wp\/v2\/pages\/7608\/revisions\/10630"}],"wp:attachment":[{"href":"https:\/\/csp.ir\/tr\/wp-json\/wp\/v2\/media?parent=7608"}],"curies":[{"name":"wp","href":"https:\/\/api.w.org\/{rel}","templated":true}]}}