{"id":7593,"date":"2019-05-15T06:20:33","date_gmt":"2019-05-15T06:20:33","guid":{"rendered":"http:\/\/nonegar7.ir\/esm\/?page_id=7593"},"modified":"2020-04-28T06:33:04","modified_gmt":"2020-04-28T06:33:04","slug":"alasimli-borular","status":"publish","type":"page","link":"https:\/\/csp.ir\/tr\/alasimli-borular\/","title":{"rendered":"Ala\u015f\u0131ml\u0131 borular"},"content":{"rendered":"<div class=\"wpb-content-wrapper\"><section class=\"l-section wpb_row height_medium\"><div class=\"l-section-h i-cf\"><div class=\"g-cols vc_row type_default valign_top\"><div class=\"vc_col-sm-12 wpb_column vc_column_container\"><div class=\"vc_column-inner\"><div class=\"wpb_wrapper\">\r\n\t<div class=\"wpb_text_column \">\r\n\t\t<div class=\"wpb_wrapper\">\r\n\t\t\t<h3 dir=\"ltr\"><span style=\"font-family: 'times new roman', times, serif;\"><strong>Ala\u015f\u0131ml\u0131 borular<\/strong><\/span><\/h3>\n\r\n\t\t<\/div>\r\n\t<\/div>\r\n<div class=\"w-tabs layout_default icon_chevron iconpos_right \"><div class=\"w-tabs-list items_4\"><div class=\"w-tabs-list-h\"><div class=\"w-tabs-item active\"><a href=\"#1552722214403-d5740417-add54a9f-6cc3\" class=\"w-tabs-item-h\"><span class=\"w-tabs-item-title\">kullan\u0131m \u00f6zellikleri<\/span><\/a><\/div>\n<div class=\"w-tabs-item\"><a href=\"#1552722214428-07f6deb7-97b24a9f-6cc3\" class=\"w-tabs-item-h\"><span class=\"w-tabs-item-title\">Boyutlar<\/span><\/a><\/div>\n<div class=\"w-tabs-item\"><a href=\"#1557901650639-56e8a3fa-80fe\" class=\"w-tabs-item-h\"><span class=\"w-tabs-item-title\">kimyasal \u00f6zellikleri<\/span><\/a><\/div>\n<div class=\"w-tabs-item\"><a href=\"#1552722251989-39e7885a-ce874a9f-6cc3\" class=\"w-tabs-item-h\"><span class=\"w-tabs-item-title\">Standartlar<\/span><\/a><\/div>\n<\/div><\/div><div class=\"w-tabs-sections\"><div class=\"w-tabs-sections-h\"><div class=\"w-tabs-section active\" id=\"1552722214403-d5740417-add54a9f-6cc3\"><a href=\"#1552722214403-d5740417-add54a9f-6cc3\" class=\"w-tabs-section-header\"><div class=\"w-tabs-section-header-h\"><div class=\"w-tabs-section-title\">kullan\u0131m \u00f6zellikleri<\/div><div class=\"w-tabs-section-control\"><\/div><\/div><\/a><div class=\"w-tabs-section-content\"><div class=\"w-tabs-section-content-h i-cf\">\r\n\t<div class=\"wpb_text_column \">\r\n\t\t<div class=\"wpb_wrapper\">\r\n\t\t\t<div id=\"tab1\" class=\"tab-pane active\">\n<p dir=\"ltr\"><span style=\"font-family: 'times new roman', times, serif; font-size: 14pt;\">ala\u015f\u0131ml\u0131 borular bir\u00e7ok end\u00fcstride kullan\u0131lan bak\u0131r nikel ve Amiral pirin\u00e7 borular\u0131ndand\u0131r. ala\u015f\u0131ml\u0131 borular\u0131n kullan\u0131m\u0131 en \u00e7ok petrol ve elektrik santrallerindedir.<\/span><\/p>\n<p dir=\"ltr\"><span style=\"font-family: 'times new roman', times, serif; font-size: 14pt;\">bak\u0131r nikel borular\u0131n\u0131n baz\u0131 faydalar\u0131 ve kullan\u0131m alanlar\u0131:<\/span><\/p>\n<p dir=\"ltr\"><span style=\"font-family: 'times new roman', times, serif; font-size: 14pt;\">bak\u0131ra nikel eklemek, Kirli ve tuzlu sularda a\u015f\u0131nma korozyonu ve kabarc\u0131l\u0131klanmaya kar\u015f\u0131 dayan\u0131kl\u0131l\u0131\u011f\u0131n\u0131 ve direncini art\u0131r\u0131r. bak\u0131r ala\u015f\u0131m\u0131, stres korozyonu ve yorulmal\u0131 korozyona kar\u015f\u0131 da m\u00fckemmel bir diren\u00e7 g\u00f6sterir. bu ala\u015f\u0131m\u0131n antifouling \u00f6zellikleri( mikroorganizmalar\u0131n yosunlar\u0131n\u0131n y\u00fczeyde birikmesini \u00f6nler) onu su ve kimyasal ortamlarda \u00f6zellikle gemilerin g\u00f6vdesinde kullanmak i\u00e7in ideal bir malzeme haline getirir Ayr\u0131ca bak\u0131r nikel borular\u0131 \u0131s\u0131 e\u015fanj\u00f6rlerinde yo\u011fu\u015fturucular, hidrolik sistemli boru hatlar\u0131 ve deniz suyu ar\u0131tma cihazlar\u0131nda kullan\u0131lmaktad\u0131r.<\/span><\/p>\n<\/div>\n\r\n\t\t<\/div>\r\n\t<\/div>\r\n<\/div><\/div><\/div><div class=\"w-tabs-section\" id=\"1552722214428-07f6deb7-97b24a9f-6cc3\"><a href=\"#1552722214428-07f6deb7-97b24a9f-6cc3\" class=\"w-tabs-section-header\"><div class=\"w-tabs-section-header-h\"><div class=\"w-tabs-section-title\">Boyutlar<\/div><div class=\"w-tabs-section-control\"><\/div><\/div><\/a><div class=\"w-tabs-section-content\"><div class=\"w-tabs-section-content-h i-cf\">\r\n\t<div class=\"wpb_text_column \">\r\n\t\t<div class=\"wpb_wrapper\">\r\n\t\t\t<p dir=\"ltr\"><span style=\"font-family: 'times new roman', times, serif; font-size: 14pt;\">ala\u015f\u0131ml\u0131 borular\u0131n boyutlar\u0131 d\u0131\u015f \u00e7ap ve kal\u0131nl\u0131\u011f\u0131d\u0131r. ala\u015f\u0131ml\u0131 borular 1&#215;8 ve 3.75 x 75 boyutlarda \u00fcretilebilir.<\/span><\/p>\n<p><span style=\"font-family: 'times new roman', times, serif; font-size: 14pt;\"><img decoding=\"async\" class=\"img-responsive\" src=\"http:\/\/www.csp.ir\/img\/91_2.jpg\" alt=\"\" \/><\/span><\/p>\n\r\n\t\t<\/div>\r\n\t<\/div>\r\n<\/div><\/div><\/div><div class=\"w-tabs-section\" id=\"1557901650639-56e8a3fa-80fe\"><a href=\"#1557901650639-56e8a3fa-80fe\" class=\"w-tabs-section-header\"><div class=\"w-tabs-section-header-h\"><div class=\"w-tabs-section-title\">kimyasal \u00f6zellikleri<\/div><div class=\"w-tabs-section-control\"><\/div><\/div><\/a><div class=\"w-tabs-section-content\"><div class=\"w-tabs-section-content-h i-cf\">\r\n\t<div class=\"wpb_text_column \">\r\n\t\t<div class=\"wpb_wrapper\">\r\n\t\t\t<p dir=\"ltr\"><span style=\"font-family: 'times new roman', times, serif; font-size: 14pt;\">kimyasal \u00f6zellikleri ve Standart uygunlu\u011fu ala\u015f\u0131ml\u0131 borular<\/span><\/p>\n<p dir=\"ltr\"><span style=\"font-family: 'times new roman', times, serif; font-size: 14pt;\">i\u00e7in \u015f\u00f6yledir:<\/span><\/p>\n<p><span style=\"font-family: 'times new roman', times, serif; font-size: 14pt;\"><img decoding=\"async\" class=\"img-responsive\" src=\"http:\/\/www.csp.ir\/img\/91_6.jpg\" \/><\/span><\/p>\n\r\n\t\t<\/div>\r\n\t<\/div>\r\n<\/div><\/div><\/div><div class=\"w-tabs-section\" id=\"1552722251989-39e7885a-ce874a9f-6cc3\"><a href=\"#1552722251989-39e7885a-ce874a9f-6cc3\" class=\"w-tabs-section-header\"><div class=\"w-tabs-section-header-h\"><div class=\"w-tabs-section-title\">Standartlar<\/div><div class=\"w-tabs-section-control\"><\/div><\/div><\/a><div class=\"w-tabs-section-content\"><div class=\"w-tabs-section-content-h i-cf\">\r\n\t<div class=\"wpb_text_column \">\r\n\t\t<div class=\"wpb_wrapper\">\r\n\t\t\t<p dir=\"ltr\"><span style=\"font-family: 'times new roman', times, serif; font-size: 14pt;\">\u015firketimiz \u00fcr\u00fcnlerini uluslararas\u0131 standartlara uygun olarak sunmaktan gurur duyar. standartlar bak\u0131r levha ve \u015ferit i\u00e7in \u015f\u00f6yledir:<\/span><\/p>\n<p style=\"text-align: left;\"><span style=\"font-family: 'times new roman', times, serif;\">DIN 1787<\/span><br \/>\n<span style=\"font-family: 'times new roman', times, serif;\">Copper &#8211; Half-finished Products<\/span><\/p>\n<p style=\"text-align: left;\"><span style=\"font-family: 'times new roman', times, serif;\">DIN 1 7670<\/span><br \/>\n<span style=\"font-family: 'times new roman', times, serif;\">Wrought copper and copper alloy plate, sheet and strip<\/span><\/p>\n<p style=\"text-align: left;\"><span style=\"font-family: 'times new roman', times, serif;\">DIN 40500-1<\/span><br \/>\n<span style=\"font-family: 'times new roman', times, serif;\">Copper for electrical purposes &#8211; Sheet and strip, technic al terms of delivery<\/span><\/p>\n<p style=\"text-align: left;\"><span style=\"font-family: 'times new roman', times, serif;\">DIN EN 1652<\/span><br \/>\n<span style=\"font-family: 'times new roman', times, serif;\">Copper and copper alloys &#8211; Plate, sheet, strip and circles for general purposes<\/span><\/p>\n<p style=\"text-align: left;\"><span style=\"font-family: 'times new roman', times, serif;\">DIN EN 1653<\/span><br \/>\n<span style=\"font-family: 'times new roman', times, serif;\">Copper and copper alloys &#8211; Plate, sheet and circles for boilers, pressure vessels and hot water storage units<\/span><\/p>\n<p style=\"text-align: left;\"><span style=\"font-family: 'times new roman', times, serif;\">ASTM B152M-09<\/span><br \/>\n<span style=\"font-family: 'times new roman', times, serif;\">Standard Specification for Copper Sheet, Strip, Plate, and Rolled Bar<\/span><\/p>\n<p style=\"text-align: left;\"><span style=\"font-family: 'times new roman', times, serif;\">ASTM B248M-07<\/span><br \/>\n<span style=\"font-family: 'times new roman', times, serif;\">Standard Specification for General Requirements for Wrought Copper and Copper-Alloy Plate, Sheet, Strip, and Rolled Bar<\/span><\/p>\n<p style=\"text-align: left;\"><span style=\"font-family: 'times new roman', times, serif;\">JIS H 3100:2006-02-20<\/span><br \/>\n<span style=\"font-family: 'times new roman', times, serif;\">Copper and copper alloy sheets, plat es and strips<\/span><\/p>\n<p style=\"text-align: left;\"><span style=\"font-family: 'times new roman', times, serif;\">BS 2870:1980<\/span><br \/>\n<span style=\"font-family: 'times new roman', times, serif;\">Specification for rolled copper and copper alloys: sheet, strip and foil<\/span><\/p>\n<p style=\"text-align: left;\"><span style=\"font-family: 'times new roman', times, serif;\">BS 2875:1969<\/span><br \/>\n<span style=\"font-family: 'times new roman', times, serif;\">Specification for copper and copper alloys. Plate<\/span><\/p>\n<p style=\"text-align: left;\"><span style=\"font-family: 'times new roman', times, serif;\">BS EN 1652:1998<\/span><br \/>\n<span style=\"font-family: 'times new roman', times, serif;\">Copper and copper alloys. Plate, sheet, strip and circles for general purposes<\/span><\/p>\n<p style=\"text-align: left;\"><span style=\"font-family: 'times new roman', times, serif;\">BS EN 1653:1998<\/span><br \/>\n<span style=\"font-family: 'times new roman', times, serif;\">Copper and c opper alloys. Plate, sheet and circles for boilers, pressure vessels and hot water storage units<\/span><\/p>\n\r\n\t\t<\/div>\r\n\t<\/div>\r\n<\/div><\/div><\/div><\/div><\/div><\/div><\/div><\/div><\/div><\/div><\/div><\/section>\n<\/div>","protected":false},"excerpt":{"rendered":"Ala\u015f\u0131ml\u0131 borular kullan\u0131m \u00f6zellikleri Boyutlar kimyasal \u00f6zellikleri Standartlar kullan\u0131m \u00f6zellikleri ala\u015f\u0131ml\u0131 borular bir\u00e7ok end\u00fcstride kullan\u0131lan bak\u0131r nikel ve Amiral pirin\u00e7 borular\u0131ndand\u0131r. ala\u015f\u0131ml\u0131 borular\u0131n kullan\u0131m\u0131 en \u00e7ok petrol ve elektrik santrallerindedir. bak\u0131r nikel borular\u0131n\u0131n baz\u0131 faydalar\u0131 ve kullan\u0131m alanlar\u0131: bak\u0131ra nikel eklemek, Kirli ve tuzlu sularda a\u015f\u0131nma korozyonu ve kabarc\u0131l\u0131klanmaya kar\u015f\u0131 dayan\u0131kl\u0131l\u0131\u011f\u0131n\u0131 ve direncini art\u0131r\u0131r. bak\u0131r...","protected":false},"author":16,"featured_media":0,"parent":0,"menu_order":0,"comment_status":"closed","ping_status":"closed","template":"","meta":{"footnotes":""},"class_list":["post-7593","page","type-page","status-publish","hentry"],"_links":{"self":[{"href":"https:\/\/csp.ir\/tr\/wp-json\/wp\/v2\/pages\/7593"}],"collection":[{"href":"https:\/\/csp.ir\/tr\/wp-json\/wp\/v2\/pages"}],"about":[{"href":"https:\/\/csp.ir\/tr\/wp-json\/wp\/v2\/types\/page"}],"author":[{"embeddable":true,"href":"https:\/\/csp.ir\/tr\/wp-json\/wp\/v2\/users\/16"}],"replies":[{"embeddable":true,"href":"https:\/\/csp.ir\/tr\/wp-json\/wp\/v2\/comments?post=7593"}],"version-history":[{"count":30,"href":"https:\/\/csp.ir\/tr\/wp-json\/wp\/v2\/pages\/7593\/revisions"}],"predecessor-version":[{"id":10631,"href":"https:\/\/csp.ir\/tr\/wp-json\/wp\/v2\/pages\/7593\/revisions\/10631"}],"wp:attachment":[{"href":"https:\/\/csp.ir\/tr\/wp-json\/wp\/v2\/media?parent=7593"}],"curies":[{"name":"wp","href":"https:\/\/api.w.org\/{rel}","templated":true}]}}