{"id":7554,"date":"2019-05-15T04:40:15","date_gmt":"2019-05-15T04:40:15","guid":{"rendered":"http:\/\/nonegar7.ir\/esm\/en\/?page_id=7554"},"modified":"2020-04-29T06:23:51","modified_gmt":"2020-04-29T06:23:51","slug":"coin-blank","status":"publish","type":"page","link":"https:\/\/csp.ir\/tr\/coin-blank\/","title":{"rendered":"Madeni Para"},"content":{"rendered":"<div class=\"wpb-content-wrapper\"><section class=\"l-section wpb_row height_medium\"><div class=\"l-section-h i-cf\"><div class=\"g-cols vc_row type_default valign_top\"><div class=\"vc_col-sm-12 wpb_column vc_column_container\"><div class=\"vc_column-inner\"><div class=\"wpb_wrapper\">\r\n\t<div class=\"wpb_text_column \">\r\n\t\t<div class=\"wpb_wrapper\">\r\n\t\t\t<p style=\"text-align: left;\"><span style=\"font-size: 24pt;\"><strong><span style=\"font-family: 'times new roman', times, serif;\">Madeni Para<\/span><\/strong><\/span><\/p>\n<p dir=\"ltr\"><span style=\"font-family: 'times new roman', times, serif; font-size: 14pt;\">\u0130ran&#8217;daki madeni para \u00fcreten tek \u015firket \u015eehit bahoner bak\u0131r Sanayi \u015firketidir. \u015fu anda t\u00fcm yurti\u00e7i ihtiya\u00e7lar\u0131n\u0131 kar\u015f\u0131lanmaktad\u0131r ve en yak\u0131n zamanda ihracata ba\u015flayaca\u011f\u0131z.<\/span><\/p>\n<p dir=\"ltr\"><span style=\"font-family: 'times new roman', times, serif; font-size: 14pt;\">madeni paran\u0131n \u00f6zellikleri:<\/span><\/p>\n<table class=\" alignleft\" style=\"height: 143px;\" width=\"690\">\n<tbody>\n<tr style=\"height: 42px;\">\n<td dir=\"ltr\" style=\"height: 42px; width: 163px; text-align: center;\"><span style=\"font-size: 14pt;\"><strong><span style=\"font-family: 'times new roman', times, serif;\">\u00e7ap (mm)<\/span><\/strong><\/span><\/td>\n<td dir=\"ltr\" style=\"text-align: center; height: 42px; width: 165px;\"><span style=\"font-size: 14pt;\"><strong><span style=\"font-family: 'times new roman', times, serif;\">kal\u0131nl\u0131k (mm)<\/span><\/strong><\/span><\/td>\n<td style=\"text-align: center; height: 42px; width: 168px;\"><span style=\"font-size: 14pt;\"><strong><span style=\"font-family: 'times new roman', times, serif;\">ala\u015f\u0131m<\/span><\/strong><\/span><\/td>\n<td style=\"height: 42px; width: 166px; text-align: center;\"><span style=\"font-size: 14pt;\"><strong><span style=\"font-family: 'times new roman', times, serif;\">T\u00fcr\u00fc\u00a0\u00a0 <\/span><\/strong><\/span><\/td>\n<\/tr>\n<tr style=\"height: 18px;\">\n<td style=\"text-align: center; height: 18px; width: 163px;\"><span style=\"font-family: 'times new roman', times, serif;\">23.4<\/span><\/td>\n<td style=\"text-align: center; height: 18px; width: 165px;\"><span style=\"font-family: 'times new roman', times, serif;\">1.2<\/span><\/td>\n<td style=\"text-align: center; height: 18px; width: 168px;\"><span style=\"font-family: 'times new roman', times, serif;\">CuNi2Zn18<\/span><\/td>\n<td style=\"text-align: center; height: 18px; width: 166px;\"><span style=\"font-family: 'times new roman', times, serif;\">1000<\/span><\/td>\n<\/tr>\n<tr style=\"height: 18px;\">\n<td style=\"text-align: center; height: 18px; width: 163px;\"><span style=\"font-family: 'times new roman', times, serif;\">26<\/span><\/td>\n<td style=\"text-align: center; height: 18px; width: 165px;\"><span style=\"font-family: 'times new roman', times, serif;\">1.44<\/span><\/td>\n<td style=\"text-align: center; height: 18px; width: 168px;\"><span style=\"font-family: 'times new roman', times, serif;\">CuNi12Zn24<\/span><\/td>\n<td style=\"text-align: center; height: 18px; width: 166px;\"><span style=\"font-family: 'times new roman', times, serif;\">2000<\/span><\/td>\n<\/tr>\n<tr style=\"height: 18px;\">\n<td style=\"text-align: center; height: 18px; width: 163px;\"><span style=\"font-family: 'times new roman', times, serif;\">29<\/span><\/td>\n<td style=\"text-align: center; height: 18px; width: 165px;\"><span style=\"font-family: 'times new roman', times, serif;\">1.72<\/span><\/td>\n<td style=\"text-align: center; height: 18px; width: 168px;\"><span style=\"font-family: 'times new roman', times, serif;\">CuNi12Zn24<\/span><\/td>\n<td style=\"text-align: center; height: 18px; width: 166px;\"><span style=\"font-family: 'times new roman', times, serif;\">5000<\/span><\/td>\n<\/tr>\n<\/tbody>\n<\/table>\n\r\n\t\t<\/div>\r\n\t<\/div>\r\n<\/div><\/div><\/div><\/div><\/div><\/section>\n<\/div>","protected":false},"excerpt":{"rendered":"Madeni Para \u0130ran'daki madeni para \u00fcreten tek \u015firket \u015eehit bahoner bak\u0131r Sanayi \u015firketidir. \u015fu anda t\u00fcm yurti\u00e7i ihtiya\u00e7lar\u0131n\u0131 kar\u015f\u0131lanmaktad\u0131r ve en yak\u0131n zamanda ihracata ba\u015flayaca\u011f\u0131z. madeni paran\u0131n \u00f6zellikleri: \u00e7ap (mm) kal\u0131nl\u0131k (mm) ala\u015f\u0131m T\u00fcr\u00fc\u00a0\u00a0 23.4 1.2 CuNi2Zn18 1000 26 1.44 CuNi12Zn24 2000 29 1.72 CuNi12Zn24 5000","protected":false},"author":16,"featured_media":0,"parent":0,"menu_order":0,"comment_status":"closed","ping_status":"closed","template":"","meta":{"footnotes":""},"class_list":["post-7554","page","type-page","status-publish","hentry"],"_links":{"self":[{"href":"https:\/\/csp.ir\/tr\/wp-json\/wp\/v2\/pages\/7554"}],"collection":[{"href":"https:\/\/csp.ir\/tr\/wp-json\/wp\/v2\/pages"}],"about":[{"href":"https:\/\/csp.ir\/tr\/wp-json\/wp\/v2\/types\/page"}],"author":[{"embeddable":true,"href":"https:\/\/csp.ir\/tr\/wp-json\/wp\/v2\/users\/16"}],"replies":[{"embeddable":true,"href":"https:\/\/csp.ir\/tr\/wp-json\/wp\/v2\/comments?post=7554"}],"version-history":[{"count":32,"href":"https:\/\/csp.ir\/tr\/wp-json\/wp\/v2\/pages\/7554\/revisions"}],"predecessor-version":[{"id":10646,"href":"https:\/\/csp.ir\/tr\/wp-json\/wp\/v2\/pages\/7554\/revisions\/10646"}],"wp:attachment":[{"href":"https:\/\/csp.ir\/tr\/wp-json\/wp\/v2\/media?parent=7554"}],"curies":[{"name":"wp","href":"https:\/\/api.w.org\/{rel}","templated":true}]}}