{"id":1546,"date":"2014-10-08T13:39:25","date_gmt":"2014-10-08T13:39:25","guid":{"rendered":"http:\/\/us-themes.com\/wp\/Astra\/?page_id=1546"},"modified":"2025-04-19T12:10:18","modified_gmt":"2025-04-19T12:10:18","slug":"home","status":"publish","type":"page","link":"https:\/\/csp.ir\/tr\/","title":{"rendered":"Ana sayfa"},"content":{"rendered":"<div class=\"wpb-content-wrapper\"><section class=\"l-section wpb_row height_auto width_full color_custom\" style=\"background-color: #212121;\"><div class=\"l-section-h i-cf\"><div class=\"g-cols vc_row type_default valign_top\"><div class=\"vc_col-sm-12 wpb_column vc_column_container has-fill\"><div class=\"vc_column-inner  vc_custom_1438345613151\"><div class=\"wpb_wrapper\">[rev_slider_vc alias=&#8221;ORO|Slider&#8221;]<\/div><\/div><\/div><\/div><\/div><\/section><section class=\"l-section wpb_row height_auto with_img\" style=\"margin-top: -290px !important;\"><div class=\"l-section-img\" style=\"background-image: url(https:\/\/csp.ir\/wp-content\/uploads\/2019\/05\/div1.png);\" data-img-width=\"1349\" data-img-height=\"163\"><\/div><div class=\"l-section-h i-cf\"><div class=\"g-cols vc_row type_default valign_top\"><div class=\"vc_col-sm-12 wpb_column vc_column_container\"><div class=\"vc_column-inner\"><div class=\"wpb_wrapper\">[vc_empty_space height=&#8221;230px&#8221;][vc_empty_space height=&#8221;80px&#8221;]<\/div><\/div><\/div><\/div><\/div><\/section><section class=\"l-section wpb_row height_auto\" id=\"new\" style=\"margin-top: 10px !important;margin-bottom: 10px !important;\"><div class=\"l-section-h i-cf\"><div class=\"g-cols vc_row type_default valign_top\"><div class=\"vc_col-sm-12 wpb_column vc_column_container\"><div class=\"vc_column-inner\"><div class=\"wpb_wrapper\">[vc_empty_space height=&#8221;40px&#8221;]\r\n\t<div class=\"wpb_text_column \">\r\n\t\t<div class=\"wpb_wrapper\">\r\n\t\t\t<p><span style=\"font-size: 18pt;\"><strong><span style=\"font-family: 'times new roman', times, serif;\">\u015eirket hakk\u0131nda<\/span><\/strong><\/span><\/p>\n\r\n\t\t<\/div>\r\n\t<\/div>\r\n[vc_empty_space height=&#8221;20px&#8221;]\r\n\t<div class=\"wpb_text_column \">\r\n\t\t<div class=\"wpb_wrapper\">\r\n\t\t\t<p dir=\"ltr\" style=\"text-align: left;\"><span style=\"font-family: 'times new roman', times, serif; font-size: 14pt;\">\u015eehit bahoner bak\u0131r Sanayi \u015firketi Kerman&#8217;a 12 kilometre uzakl\u0131ktaki Ortado\u011fu&#8217;nun en b\u00fcy\u00fck bak\u0131r madenlerinin yak\u0131n\u0131nda yer almaktad\u0131r. \u015firketimiz 1991 senesinde yap\u0131ld\u0131<\/span><\/p>\n<ul>\n<li dir=\"ltr\" style=\"text-align: left;\"><a href=\"https:\/\/www.csp.ir\/tr\/foundry\/\"><span style=\"font-family: 'times new roman', times, serif; font-size: 14pt;\">Ergitme ve d\u00f6k\u00fcm fabrikas\u0131<\/span><\/a><\/li>\n<li dir=\"ltr\">\n<p style=\"text-align: left;\"><a href=\"https:\/\/www.csp.ir\/tr\/extrusion\/\"><span style=\"font-family: 'times new roman', times, serif; font-size: 14pt;\">Ekstr\u00fczyon fabrikas\u0131<\/span><\/a><\/p>\n<\/li>\n<li dir=\"ltr\" style=\"text-align: left;\"><a href=\"https:\/\/www.csp.ir\/tr\/rolling\/\"><span style=\"font-family: 'times new roman', times, serif; font-size: 14pt;\">Haddehane fabrikas\u0131<\/span><\/a><\/li>\n<li dir=\"ltr\" style=\"text-align: left;\"><a href=\"https:\/\/www.csp.ir\/tr\/coin-shop-2\/\"><span style=\"font-family: 'times new roman', times, serif; font-size: 14pt;\">Darphane fabrikas\u0131<\/span><\/a><\/li>\n<li dir=\"ltr\">\n<p style=\"text-align: left;\"><a href=\"https:\/\/www.csp.ir\/tr\/tube-shop\/\"><span style=\"font-family: 'times new roman', times, serif; font-size: 14pt;\">Bak\u0131r boru fabrikas\u0131<\/span><\/a><\/p>\n<\/li>\n<\/ul>\n\r\n\t\t<\/div>\r\n\t<\/div>\r\n[vc_empty_space height=&#8221;30px&#8221;]<\/div><\/div><\/div><\/div><\/div><\/section><section class=\"l-section wpb_row height_auto\"><div class=\"l-section-h i-cf\"><div class=\"g-cols vc_row type_default valign_top\"><div class=\"vc_col-sm-12 wpb_column vc_column_container\"><div class=\"vc_column-inner\"><div class=\"wpb_wrapper\">[vc_empty_space height=&#8221;15px&#8221;]\r\n\t<div class=\"wpb_text_column \">\r\n\t\t<div class=\"wpb_wrapper\">\r\n\t\t\t<p style=\"text-align: center;\"><span style=\"font-family: 'times new roman', times, serif;\"><strong><span style=\"font-size: 24pt;\"><u>\u00dcr\u00fcnler<\/u><\/span><\/strong><\/span><\/p>\n\r\n\t\t<\/div>\r\n\t<\/div>\r\n[vc_empty_space height=&#8221;5px&#8221;]<\/div><\/div><\/div><\/div><\/div><\/section><!-- Row Backgrounds --><div class=\"upb_color\" data-bg-override=\"0\" data-bg-color=\"#eae5e1\" data-fadeout=\"\" data-fadeout-percentage=\"30\" data-parallax-content=\"\" data-parallax-content-sense=\"30\" data-row-effect-mobile-disable=\"true\" data-img-parallax-mobile-disable=\"true\" data-rtl=\"false\"  data-custom-vc-row=\"\"  data-vc=\"7.8\"  data-is_old_vc=\"\"  data-theme-support=\"\"   data-overlay=\"false\" data-overlay-color=\"\" data-overlay-pattern=\"\" data-overlay-pattern-opacity=\"\" data-overlay-pattern-size=\"\"    ><\/div><section class=\"l-section wpb_row height_auto width_full with_img parallax_ver parallaxdir_reversed\"><div class=\"l-section-img\" style=\"background-image: url(https:\/\/csp.ir\/wp-content\/uploads\/2019\/06\/PIC92.jpg);\" data-img-width=\"1378\" data-img-height=\"908\"><\/div><div class=\"l-section-h i-cf\"><div class=\"g-cols vc_row type_boxes valign_middle\"><div class=\"vc_col-sm-3 wpb_column vc_column_container has-link\"><div class=\"vc_column-inner\"><div class=\"wpb_wrapper\">[vc_empty_space height=&#8221;15px&#8221;]<div class=\"w-slider style_none\"><div class=\"w-slider-h\"><div class=\"royalSlider\"><div class=\"rsContent\"><a class=\"rsImg\" data-rsw=\"413\" data-rsh=\"275\" href=\"https:\/\/csp.ir\/wp-content\/uploads\/2020\/06\/4-1.jpg\"><\/a><\/div><div class=\"rsContent\"><a class=\"rsImg\" data-rsw=\"413\" data-rsh=\"275\" href=\"https:\/\/csp.ir\/wp-content\/uploads\/2020\/06\/22.jpg\"><\/a><\/div><\/div><img decoding=\"async\" src=\"https:\/\/csp.ir\/wp-content\/uploads\/2020\/06\/4-1.jpg\" alt=\"\"><\/div><div class=\"w-slider-json\" onclick='return {&quot;transitionSpeed&quot;:300,&quot;loopRewind&quot;:true,&quot;slidesSpacing&quot;:0,&quot;imageScalePadding&quot;:0,&quot;numImagesToPreload&quot;:2,&quot;arrowsNav&quot;:false,&quot;arrowsNavAutoHide&quot;:false,&quot;transitionType&quot;:&quot;move&quot;,&quot;block&quot;:{&quot;moveEffect&quot;:&quot;none&quot;,&quot;speed&quot;:300},&quot;controlNavigation&quot;:&quot;none&quot;,&quot;autoplay&quot;:{&quot;enabled&quot;:true,&quot;pauseOnHover&quot;:true,&quot;delay&quot;:3000},&quot;imageScaleMode&quot;:&quot;fit-if-smaller&quot;,&quot;autoScaleSlider&quot;:true,&quot;autoScaleSliderWidth&quot;:413,&quot;autoScaleSliderHeight&quot;:275,&quot;fitInViewport&quot;:false}'><\/div><\/div>[vc_empty_space height=&#8221;15px&#8221;]<\/div><a class=\"vc_column-link\" href=\"https:\/\/www.csp.ir\/tr\/rolling\/\" target=\"_blank\"><\/a><\/div><\/div><div class=\"vc_col-sm-3 wpb_column vc_column_container has-link\"><div class=\"vc_column-inner\"><div class=\"wpb_wrapper\">[vc_empty_space height=&#8221;15px&#8221;]<div class=\"w-slider style_none\"><div class=\"w-slider-h\"><div class=\"royalSlider\"><div class=\"rsContent\"><a class=\"rsImg\" data-rsw=\"413\" data-rsh=\"275\" href=\"https:\/\/csp.ir\/wp-content\/uploads\/2019\/06\/hutmen-rod.jpg\"><\/a><\/div><div class=\"rsContent\"><a class=\"rsImg\" data-rsw=\"413\" data-rsh=\"275\" href=\"https:\/\/csp.ir\/wp-content\/uploads\/2020\/06\/6.jpg\"><\/a><\/div><\/div><img decoding=\"async\" src=\"https:\/\/csp.ir\/wp-content\/uploads\/2019\/06\/hutmen-rod.jpg\" alt=\"\"><\/div><div class=\"w-slider-json\" onclick='return {&quot;transitionSpeed&quot;:300,&quot;loopRewind&quot;:true,&quot;slidesSpacing&quot;:0,&quot;imageScalePadding&quot;:0,&quot;numImagesToPreload&quot;:2,&quot;arrowsNav&quot;:false,&quot;arrowsNavAutoHide&quot;:false,&quot;transitionType&quot;:&quot;move&quot;,&quot;block&quot;:{&quot;moveEffect&quot;:&quot;none&quot;,&quot;speed&quot;:300},&quot;controlNavigation&quot;:&quot;none&quot;,&quot;autoplay&quot;:{&quot;enabled&quot;:true,&quot;pauseOnHover&quot;:true,&quot;delay&quot;:3000},&quot;imageScaleMode&quot;:&quot;fit-if-smaller&quot;,&quot;autoScaleSlider&quot;:true,&quot;autoScaleSliderWidth&quot;:413,&quot;autoScaleSliderHeight&quot;:275,&quot;fitInViewport&quot;:false}'><\/div><\/div>[vc_empty_space height=&#8221;15px&#8221;]<\/div><a class=\"vc_column-link\" href=\"https:\/\/www.csp.ir\/tr\/extrusion\/\" target=\"_blank\"><\/a><\/div><\/div><div class=\"vc_col-sm-3 wpb_column vc_column_container has-link\"><div class=\"vc_column-inner\"><div class=\"wpb_wrapper\">[vc_empty_space height=&#8221;15px&#8221;]<div class=\"w-slider style_none\"><div class=\"w-slider-h\"><div class=\"royalSlider\"><div class=\"rsContent\"><a class=\"rsImg\" data-rsw=\"413\" data-rsh=\"275\" href=\"https:\/\/csp.ir\/wp-content\/uploads\/2020\/06\/2-1.jpg\"><\/a><\/div><div class=\"rsContent\"><a class=\"rsImg\" data-rsw=\"413\" data-rsh=\"275\" href=\"https:\/\/csp.ir\/wp-content\/uploads\/2020\/06\/5.jpg\"><\/a><\/div><div class=\"rsContent\"><a class=\"rsImg\" data-rsw=\"397\" data-rsh=\"275\" href=\"https:\/\/csp.ir\/wp-content\/uploads\/2020\/06\/7.jpg\"><\/a><\/div><\/div><img decoding=\"async\" src=\"https:\/\/csp.ir\/wp-content\/uploads\/2020\/06\/2-1.jpg\" alt=\"\"><\/div><div class=\"w-slider-json\" onclick='return {&quot;transitionSpeed&quot;:300,&quot;loopRewind&quot;:true,&quot;slidesSpacing&quot;:0,&quot;imageScalePadding&quot;:0,&quot;numImagesToPreload&quot;:2,&quot;arrowsNav&quot;:false,&quot;arrowsNavAutoHide&quot;:false,&quot;transitionType&quot;:&quot;move&quot;,&quot;block&quot;:{&quot;moveEffect&quot;:&quot;none&quot;,&quot;speed&quot;:300},&quot;controlNavigation&quot;:&quot;none&quot;,&quot;autoplay&quot;:{&quot;enabled&quot;:true,&quot;pauseOnHover&quot;:true,&quot;delay&quot;:3000},&quot;imageScaleMode&quot;:&quot;fit-if-smaller&quot;,&quot;autoScaleSlider&quot;:true,&quot;autoScaleSliderWidth&quot;:413,&quot;autoScaleSliderHeight&quot;:275,&quot;fitInViewport&quot;:false}'><\/div><\/div>[vc_empty_space height=&#8221;15px&#8221;]<\/div><a class=\"vc_column-link\" href=\"https:\/\/www.csp.ir\/tr\/tube-shop\/\" target=\"_blank\"><\/a><\/div><\/div><div class=\"vc_col-sm-3 wpb_column vc_column_container has-link\"><div class=\"vc_column-inner\"><div class=\"wpb_wrapper\">[vc_empty_space height=&#8221;15px&#8221;]<div class=\"w-slider style_none\"><div class=\"w-slider-h\"><div class=\"royalSlider\"><div class=\"rsContent\"><a class=\"rsImg\" data-rsw=\"413\" data-rsh=\"275\" href=\"https:\/\/csp.ir\/wp-content\/uploads\/2020\/06\/33-1.jpg\"><\/a><\/div><div class=\"rsContent\"><a class=\"rsImg\" data-rsw=\"413\" data-rsh=\"275\" href=\"https:\/\/csp.ir\/wp-content\/uploads\/2020\/06\/55-1.jpg\"><\/a><\/div><div class=\"rsContent\"><a class=\"rsImg\" data-rsw=\"413\" data-rsh=\"275\" href=\"https:\/\/csp.ir\/wp-content\/uploads\/2020\/06\/66-1.jpg\"><\/a><\/div><div class=\"rsContent\"><a class=\"rsImg\" data-rsw=\"413\" data-rsh=\"275\" href=\"https:\/\/csp.ir\/wp-content\/uploads\/2020\/06\/99.jpg\"><\/a><\/div><\/div><img decoding=\"async\" src=\"https:\/\/csp.ir\/wp-content\/uploads\/2020\/06\/33-1.jpg\" alt=\"\"><\/div><div class=\"w-slider-json\" onclick='return {&quot;transitionSpeed&quot;:300,&quot;loopRewind&quot;:true,&quot;slidesSpacing&quot;:0,&quot;imageScalePadding&quot;:0,&quot;numImagesToPreload&quot;:2,&quot;arrowsNav&quot;:false,&quot;arrowsNavAutoHide&quot;:false,&quot;transitionType&quot;:&quot;move&quot;,&quot;block&quot;:{&quot;moveEffect&quot;:&quot;none&quot;,&quot;speed&quot;:300},&quot;controlNavigation&quot;:&quot;none&quot;,&quot;autoplay&quot;:{&quot;enabled&quot;:true,&quot;pauseOnHover&quot;:true,&quot;delay&quot;:3000},&quot;imageScaleMode&quot;:&quot;fit-if-smaller&quot;,&quot;autoScaleSlider&quot;:true,&quot;autoScaleSliderWidth&quot;:413,&quot;autoScaleSliderHeight&quot;:275,&quot;fitInViewport&quot;:false}'><\/div><\/div>[vc_empty_space height=&#8221;15px&#8221;]<\/div><a class=\"vc_column-link\" href=\"https:\/\/www.csp.ir\/tr\/coin-shop-2\/\" target=\"_blank\"><\/a><\/div><\/div><\/div><\/div><\/section>\n<\/div>","protected":false},"excerpt":{"rendered":"[rev_slider_vc alias=\"ORO|Slider\"][vc_empty_space height=\"230px\"][vc_empty_space height=\"80px\"][vc_empty_space height=\"40px\"] \u015eirket hakk\u0131nda [vc_empty_space height=\"20px\"] \u015eehit bahoner bak\u0131r Sanayi \u015firketi Kerman'a 12 kilometre uzakl\u0131ktaki Ortado\u011fu'nun en b\u00fcy\u00fck bak\u0131r madenlerinin yak\u0131n\u0131nda yer almaktad\u0131r. \u015firketimiz 1991 senesinde yap\u0131ld\u0131 Ergitme ve d\u00f6k\u00fcm fabrikas\u0131 Ekstr\u00fczyon fabrikas\u0131 Haddehane fabrikas\u0131 Darphane fabrikas\u0131 Bak\u0131r boru fabrikas\u0131 [vc_empty_space height=\"30px\"][vc_empty_space height=\"15px\"] \u00dcr\u00fcnler [vc_empty_space height=\"5px\"][vc_empty_space height=\"15px\"][vc_empty_space height=\"15px\"][vc_empty_space height=\"15px\"][vc_empty_space height=\"15px\"][vc_empty_space height=\"15px\"][vc_empty_space height=\"15px\"][vc_empty_space...","protected":false},"author":16,"featured_media":0,"parent":0,"menu_order":0,"comment_status":"closed","ping_status":"closed","template":"","meta":{"footnotes":""},"class_list":["post-1546","page","type-page","status-publish","hentry"],"_links":{"self":[{"href":"https:\/\/csp.ir\/tr\/wp-json\/wp\/v2\/pages\/1546"}],"collection":[{"href":"https:\/\/csp.ir\/tr\/wp-json\/wp\/v2\/pages"}],"about":[{"href":"https:\/\/csp.ir\/tr\/wp-json\/wp\/v2\/types\/page"}],"author":[{"embeddable":true,"href":"https:\/\/csp.ir\/tr\/wp-json\/wp\/v2\/users\/16"}],"replies":[{"embeddable":true,"href":"https:\/\/csp.ir\/tr\/wp-json\/wp\/v2\/comments?post=1546"}],"version-history":[{"count":455,"href":"https:\/\/csp.ir\/tr\/wp-json\/wp\/v2\/pages\/1546\/revisions"}],"predecessor-version":[{"id":13166,"href":"https:\/\/csp.ir\/tr\/wp-json\/wp\/v2\/pages\/1546\/revisions\/13166"}],"wp:attachment":[{"href":"https:\/\/csp.ir\/tr\/wp-json\/wp\/v2\/media?parent=1546"}],"curies":[{"name":"wp","href":"https:\/\/api.w.org\/{rel}","templated":true}]}}