{"id":10406,"date":"2020-04-13T03:41:54","date_gmt":"2020-04-13T03:41:54","guid":{"rendered":"https:\/\/www.csp.ir\/tr\/?page_id=10406"},"modified":"2020-04-25T07:07:54","modified_gmt":"2020-04-25T07:07:54","slug":"bakir-profilleri","status":"publish","type":"page","link":"https:\/\/csp.ir\/tr\/bakir-profilleri\/","title":{"rendered":"Bak\u0131r profilleri"},"content":{"rendered":"<div class=\"wpb-content-wrapper\"><section class=\"l-section wpb_row height_medium\"><div class=\"l-section-h i-cf\"><div class=\"g-cols vc_row type_default valign_top\"><div class=\"vc_col-sm-12 wpb_column vc_column_container\"><div class=\"vc_column-inner\"><div class=\"wpb_wrapper\">\r\n\t<div class=\"wpb_text_column \">\r\n\t\t<div class=\"wpb_wrapper\">\r\n\t\t\t<p dir=\"ltr\"><span style=\"font-size: 14pt;\"><strong><span style=\"font-family: 'times new roman', times, serif;\">Bak\u0131r profilleri<\/span><\/strong><\/span><\/p>\n<p dir=\"ltr\"><span style=\"font-family: 'times new roman', times, serif;\">\u015eehit bahoner bak\u0131r Sanayi \u015firketi \u0130ran&#8217;daki ilk bak\u0131r profil \u00fcreticisidir. ekstr\u00fcde bak\u0131r \u00fcr\u00fcnleri \u00e7e\u015fitli profil \u015fekilleri ve ala\u015f\u0131mlarla \u00fcretilmektedir.<\/span><\/p>\n\r\n\t\t<\/div>\r\n\t<\/div>\r\n<div class=\"w-tabs layout_default icon_chevron iconpos_right \"><div class=\"w-tabs-list items_4\"><div class=\"w-tabs-list-h\"><div class=\"w-tabs-item active\"><a href=\"#1552722214403-d5740417-add56ee5-f287cd7b-11d2\" class=\"w-tabs-item-h\"><span class=\"w-tabs-item-title\">kullan\u0131m \u00f6zellikleri<\/span><\/a><\/div>\n<div class=\"w-tabs-item\"><a href=\"#1552722214428-07f6deb7-97b26ee5-f287cd7b-11d2\" class=\"w-tabs-item-h\"><span class=\"w-tabs-item-title\">Boyutlar<\/span><\/a><\/div>\n<div class=\"w-tabs-item\"><a href=\"#1557902942193-85c9cc3c-f1decd7b-11d2\" class=\"w-tabs-item-h\"><span class=\"w-tabs-item-title\">kimyasal \u00f6zellikleri<\/span><\/a><\/div>\n<div class=\"w-tabs-item\"><a href=\"#1552722251989-39e7885a-ce876ee5-f287cd7b-11d2\" class=\"w-tabs-item-h\"><span class=\"w-tabs-item-title\">Standartlar<\/span><\/a><\/div>\n<\/div><\/div><div class=\"w-tabs-sections\"><div class=\"w-tabs-sections-h\"><div class=\"w-tabs-section active\" id=\"1552722214403-d5740417-add56ee5-f287cd7b-11d2\"><a href=\"#1552722214403-d5740417-add56ee5-f287cd7b-11d2\" class=\"w-tabs-section-header\"><div class=\"w-tabs-section-header-h\"><div class=\"w-tabs-section-title\">kullan\u0131m \u00f6zellikleri<\/div><div class=\"w-tabs-section-control\"><\/div><\/div><\/a><div class=\"w-tabs-section-content\"><div class=\"w-tabs-section-content-h i-cf\">\r\n\t<div class=\"wpb_text_column \">\r\n\t\t<div class=\"wpb_wrapper\">\r\n\t\t\t<p dir=\"ltr\"><span style=\"font-family: 'times new roman', times, serif;\">bak\u0131r profilleri kullan\u0131mlar\u0131na g\u00f6re \u00e7e\u015fitli ala\u015f\u0131m ve \u015fekillerde teslim edilmektedir. en \u00e7ok transformat\u00f6rlerin imalat\u0131nda kullan\u0131lan d\u00fcz teller i\u00e7in kullan\u0131l\u0131r. di\u011fer kullan\u0131m\u0131 da elektrik end\u00fcstrisinde kullan\u0131lan bak\u0131r vida ve per\u00e7in \u00fcretimi i\u00e7indir.<\/span><\/p>\n\r\n\t\t<\/div>\r\n\t<\/div>\r\n<\/div><\/div><\/div><div class=\"w-tabs-section\" id=\"1552722214428-07f6deb7-97b26ee5-f287cd7b-11d2\"><a href=\"#1552722214428-07f6deb7-97b26ee5-f287cd7b-11d2\" class=\"w-tabs-section-header\"><div class=\"w-tabs-section-header-h\"><div class=\"w-tabs-section-title\">Boyutlar<\/div><div class=\"w-tabs-section-control\"><\/div><\/div><\/a><div class=\"w-tabs-section-content\"><div class=\"w-tabs-section-content-h i-cf\">\r\n\t<div class=\"wpb_text_column \">\r\n\t\t<div class=\"wpb_wrapper\">\r\n\t\t\t<p dir=\"ltr\"><span style=\"font-family: 'times new roman', times, serif;\">bak\u0131r profilleri Farkl\u0131 boyutlarda teslim edilmektedir.<\/span><\/p>\n<p dir=\"ltr\"><span style=\"font-family: 'times new roman', times, serif;\">donat\u0131: 1.5 mm&#8217;den 90 mm&#8217;ye kadar<\/span><\/p>\n<p dir=\"ltr\"><span style=\"font-family: 'times new roman', times, serif;\">d\u00f6rtgen: 4 ila 80 mm&#8217;ye kadar<\/span><\/p>\n<p dir=\"ltr\"><span style=\"font-family: 'times new roman', times, serif;\">alt\u0131gen: 4 ila 80 mm&#8217;ye kadar<\/span><\/p>\n<p dir=\"ltr\"><span style=\"font-family: 'times new roman', times, serif;\">di\u011fer profiller iste\u011fe g\u00f6re \u00fcretilmekte<\/span><\/p>\n\r\n\t\t<\/div>\r\n\t<\/div>\r\n<\/div><\/div><\/div><div class=\"w-tabs-section\" id=\"1557902942193-85c9cc3c-f1decd7b-11d2\"><a href=\"#1557902942193-85c9cc3c-f1decd7b-11d2\" class=\"w-tabs-section-header\"><div class=\"w-tabs-section-header-h\"><div class=\"w-tabs-section-title\">kimyasal \u00f6zellikleri<\/div><div class=\"w-tabs-section-control\"><\/div><\/div><\/a><div class=\"w-tabs-section-content\"><div class=\"w-tabs-section-content-h i-cf\">\r\n\t<div class=\"wpb_text_column \">\r\n\t\t<div class=\"wpb_wrapper\">\r\n\t\t\t<p dir=\"ltr\"><span style=\"font-family: 'times new roman', times, serif;\">kimyasal \u00a0Analizi ve standart uygunlu\u011fu bak\u0131r profiller i\u00e7in \u015f\u00f6yledir:<\/span><\/p>\n<table class=\" alignleft\" style=\"height: 217px; width: 1123px;\" width=\"993\">\n<tbody>\n<tr style=\"height: 32px;\">\n<td style=\"width: 75px; height: 88px; text-align: center;\" rowspan=\"2\"><span style=\"font-family: 'times new roman', times, serif;\"><strong>Ala\u015f\u0131m<\/strong><\/span><\/td>\n<td style=\"width: 161px; height: 88px; text-align: center;\" rowspan=\"2\"><span style=\"font-family: 'times new roman', times, serif;\"><strong>Ad\u0131<\/strong><\/span><\/td>\n<td style=\"width: 521px; height: 32px; text-align: center;\" colspan=\"5\"><span style=\"font-family: 'times new roman', times, serif;\"><strong>Standart Uygunlu\u011fu<\/strong><\/span><\/td>\n<td style=\"width: 338px; height: 32px; text-align: center;\" colspan=\"2\"><span style=\"font-family: 'times new roman', times, serif;\"><strong>kimyasal bile\u015fimi<\/strong><\/span><\/td>\n<\/tr>\n<tr style=\"height: 56px;\">\n<td style=\"width: 113px; height: 56px; text-align: center;\"><span style=\"font-family: 'times new roman', times, serif;\"><strong>ISO<\/strong><\/span><\/td>\n<td style=\"width: 111px; height: 56px; text-align: center;\"><span style=\"font-family: 'times new roman', times, serif;\"><strong>USA<br \/>\nASTM<\/strong><\/span><\/td>\n<td style=\"width: 91px; height: 56px; text-align: center;\"><span style=\"font-family: 'times new roman', times, serif;\"><strong>GERMANY<br \/>\nDIN<\/strong><\/span><\/td>\n<td style=\"width: 102px; height: 56px; text-align: center;\"><span style=\"font-family: 'times new roman', times, serif;\"><strong>JAPAN<br \/>\nJIN<\/strong><\/span><\/td>\n<td style=\"width: 80px; height: 56px; text-align: center;\"><span style=\"font-family: 'times new roman', times, serif;\"><strong>UK<br \/>\nBS<\/strong><\/span><\/td>\n<td dir=\"ltr\" style=\"width: 184px; height: 56px; text-align: center;\"><span style=\"font-family: 'times new roman', times, serif;\"><strong>bak\u0131r (mm) \u00a0<\/strong><\/span><\/td>\n<td style=\"width: 148px; height: 56px; text-align: center;\"><span style=\"font-family: 'times new roman', times, serif;\"><strong>Fosfor<\/strong><\/span><\/td>\n<\/tr>\n<tr style=\"height: 33px;\">\n<td style=\"width: 75px; height: 33px; text-align: center;\"><span style=\"font-family: 'times new roman', times, serif;\">TPC<\/span><\/td>\n<td style=\"width: 161px; height: 33px; text-align: center;\"><span style=\"font-family: 'times new roman', times, serif;\">Tough Pitch Copper<\/span><\/td>\n<td style=\"width: 113px; height: 33px; text-align: center;\"><span style=\"font-family: 'times new roman', times, serif;\">Cu-ETP<\/span><\/td>\n<td style=\"width: 111px; height: 33px; text-align: center;\"><span style=\"font-family: 'times new roman', times, serif;\">C 11000<\/span><\/td>\n<td style=\"width: 91px; height: 33px; text-align: center;\"><span style=\"font-family: 'times new roman', times, serif;\">E Cu 58<\/span><\/td>\n<td style=\"width: 102px; height: 33px; text-align: center;\"><span style=\"font-family: 'times new roman', times, serif;\">C 1100<\/span><\/td>\n<td style=\"width: 80px; height: 33px; text-align: center;\"><span style=\"font-family: 'times new roman', times, serif;\">C 101<\/span><\/td>\n<td style=\"width: 184px; height: 33px; text-align: center;\"><span style=\"font-family: 'times new roman', times, serif;\">99.90<\/span><\/td>\n<td dir=\"ltr\" style=\"width: 148px; height: 33px; text-align: center;\"><span style=\"font-family: 'times new roman', times, serif;\">0.004\u00a0 \u00a0max<\/span><\/td>\n<\/tr>\n<tr style=\"height: 33px;\">\n<td style=\"width: 75px; height: 33px; text-align: center;\"><span style=\"font-family: 'times new roman', times, serif;\">DLP<\/span><\/td>\n<td style=\"width: 161px; height: 33px; text-align: center;\"><span style=\"font-family: 'times new roman', times, serif;\">Phosphorous<\/span><\/td>\n<td style=\"width: 113px; height: 33px; text-align: center;\"><span style=\"font-family: 'times new roman', times, serif;\">Cu-LDP<\/span><\/td>\n<td style=\"width: 111px; height: 33px; text-align: center;\"><span style=\"font-family: 'times new roman', times, serif;\">C 12000<\/span><\/td>\n<td style=\"width: 91px; height: 33px; text-align: center;\"><span style=\"font-family: 'times new roman', times, serif;\">SW-Cu<\/span><\/td>\n<td style=\"width: 102px; height: 33px; text-align: center;\"><span style=\"font-family: 'times new roman', times, serif;\">C 1201<\/span><\/td>\n<td style=\"width: 80px; height: 33px; text-align: center;\"><span style=\"font-family: 'times new roman', times, serif;\">&#8211;<\/span><\/td>\n<td style=\"width: 184px; height: 33px; text-align: center;\"><span style=\"font-family: 'times new roman', times, serif;\">99.90<\/span><\/td>\n<td dir=\"ltr\" style=\"width: 148px; height: 33px; text-align: center;\"><span style=\"font-family: 'times new roman', times, serif;\">0.004 &#8211; 0.015<\/span><\/td>\n<\/tr>\n<tr style=\"height: 33px;\">\n<td style=\"width: 75px; text-align: center; height: 33px;\"><span style=\"font-family: 'times new roman', times, serif;\">DHP<\/span><\/td>\n<td style=\"width: 161px; height: 33px; text-align: center;\"><span style=\"font-family: 'times new roman', times, serif;\">Deoxidized Copper<\/span><\/td>\n<td style=\"width: 113px; height: 33px; text-align: center;\"><span style=\"font-family: 'times new roman', times, serif;\">Cu-DHP<\/span><\/td>\n<td style=\"width: 111px; height: 33px; text-align: center;\"><span style=\"font-family: 'times new roman', times, serif;\">C 12200<\/span><\/td>\n<td style=\"width: 91px; height: 33px; text-align: center;\"><span style=\"font-family: 'times new roman', times, serif;\">SF-Cu<\/span><\/td>\n<td style=\"width: 102px; height: 33px; text-align: center;\"><span style=\"font-family: 'times new roman', times, serif;\">C 1220<\/span><\/td>\n<td style=\"width: 80px; height: 33px; text-align: center;\"><span style=\"font-family: 'times new roman', times, serif;\">C 106<\/span><\/td>\n<td style=\"width: 184px; height: 33px; text-align: center;\"><span style=\"font-family: 'times new roman', times, serif;\">99.90<\/span><\/td>\n<td dir=\"ltr\" style=\"width: 148px; height: 33px; text-align: center;\"><span style=\"font-family: 'times new roman', times, serif;\">0.015 &#8211; 0.040<\/span><\/td>\n<\/tr>\n<\/tbody>\n<\/table>\n\r\n\t\t<\/div>\r\n\t<\/div>\r\n<\/div><\/div><\/div><div class=\"w-tabs-section\" id=\"1552722251989-39e7885a-ce876ee5-f287cd7b-11d2\"><a href=\"#1552722251989-39e7885a-ce876ee5-f287cd7b-11d2\" class=\"w-tabs-section-header\"><div class=\"w-tabs-section-header-h\"><div class=\"w-tabs-section-title\">Standartlar<\/div><div class=\"w-tabs-section-control\"><\/div><\/div><\/a><div class=\"w-tabs-section-content\"><div class=\"w-tabs-section-content-h i-cf\">\r\n\t<div class=\"wpb_text_column \">\r\n\t\t<div class=\"wpb_wrapper\">\r\n\t\t\t<p dir=\"ltr\"><span style=\"font-family: 'times new roman', times, serif;\">\u015firketimiz \u00fcr\u00fcnlerini uluslararas\u0131 standartlara uygun olarak sunmaktan gurur duyar. standartlar bak\u0131r profilleri i\u00e7in \u015f\u00f6yle:<\/span><\/p>\n<p style=\"text-align: left;\"><span style=\"font-family: 'times new roman', times, serif;\"><a href=\"http:\/\/eshop.normservis.cz\/detail\/din\/1787\/1.1.1973\"><strong>DIN 1787<\/strong><\/a><\/span><br \/>\n<span style=\"font-family: 'times new roman', times, serif;\">Copper &#8211; Half-finished Products<\/span><\/p>\n<p style=\"text-align: left;\"><span style=\"font-family: 'times new roman', times, serif;\"><a href=\"http:\/\/eshop.normservis.cz\/detail\/din\/1782\/1.7.1969\"><strong>DIN 1782<\/strong><\/a><strong><br \/>\n<\/strong>Round Rod of Copper and Wrought Copper Alloys; Extruded, Dimensions<\/span><\/p>\n<p style=\"text-align: left;\"><span style=\"font-family: 'times new roman', times, serif;\"><strong><a href=\"http:\/\/eshop.normservis.cz\/detail\/astm\/b133m-93a\/1.1.1900\">ASTM B133M-93A<\/a><\/strong><\/span><br \/>\n<span style=\"font-family: 'times new roman', times, serif;\">Specification for Copper Rod, Bar, And Shapes Metric Withdrawn 1994<\/span><\/p>\n\r\n\t\t<\/div>\r\n\t<\/div>\r\n<\/div><\/div><\/div><\/div><\/div><\/div><\/div><\/div><\/div><\/div><\/div><\/section>\n<\/div>","protected":false},"excerpt":{"rendered":"Bak\u0131r profilleri \u015eehit bahoner bak\u0131r Sanayi \u015firketi \u0130ran'daki ilk bak\u0131r profil \u00fcreticisidir. ekstr\u00fcde bak\u0131r \u00fcr\u00fcnleri \u00e7e\u015fitli profil \u015fekilleri ve ala\u015f\u0131mlarla \u00fcretilmektedir. kullan\u0131m \u00f6zellikleri Boyutlar kimyasal \u00f6zellikleri Standartlar kullan\u0131m \u00f6zellikleri bak\u0131r profilleri kullan\u0131mlar\u0131na g\u00f6re \u00e7e\u015fitli ala\u015f\u0131m ve \u015fekillerde teslim edilmektedir. en \u00e7ok transformat\u00f6rlerin imalat\u0131nda kullan\u0131lan d\u00fcz teller i\u00e7in kullan\u0131l\u0131r. di\u011fer kullan\u0131m\u0131 da elektrik end\u00fcstrisinde kullan\u0131lan bak\u0131r...","protected":false},"author":18,"featured_media":0,"parent":0,"menu_order":0,"comment_status":"closed","ping_status":"closed","template":"","meta":{"footnotes":""},"class_list":["post-10406","page","type-page","status-publish","hentry"],"_links":{"self":[{"href":"https:\/\/csp.ir\/tr\/wp-json\/wp\/v2\/pages\/10406"}],"collection":[{"href":"https:\/\/csp.ir\/tr\/wp-json\/wp\/v2\/pages"}],"about":[{"href":"https:\/\/csp.ir\/tr\/wp-json\/wp\/v2\/types\/page"}],"author":[{"embeddable":true,"href":"https:\/\/csp.ir\/tr\/wp-json\/wp\/v2\/users\/18"}],"replies":[{"embeddable":true,"href":"https:\/\/csp.ir\/tr\/wp-json\/wp\/v2\/comments?post=10406"}],"version-history":[{"count":5,"href":"https:\/\/csp.ir\/tr\/wp-json\/wp\/v2\/pages\/10406\/revisions"}],"predecessor-version":[{"id":10578,"href":"https:\/\/csp.ir\/tr\/wp-json\/wp\/v2\/pages\/10406\/revisions\/10578"}],"wp:attachment":[{"href":"https:\/\/csp.ir\/tr\/wp-json\/wp\/v2\/media?parent=10406"}],"curies":[{"name":"wp","href":"https:\/\/api.w.org\/{rel}","templated":true}]}}