{"id":10397,"date":"2020-04-12T08:52:56","date_gmt":"2020-04-12T08:52:56","guid":{"rendered":"https:\/\/www.csp.ir\/tr\/?page_id=10397"},"modified":"2020-04-25T06:59:16","modified_gmt":"2020-04-25T06:59:16","slug":"bakir-levha-ve-serit","status":"publish","type":"page","link":"https:\/\/csp.ir\/tr\/bakir-levha-ve-serit\/","title":{"rendered":"bak\u0131r levha ve \u015ferit"},"content":{"rendered":"<div class=\"wpb-content-wrapper\"><section class=\"l-section wpb_row height_medium\"><div class=\"l-section-h i-cf\"><div class=\"g-cols vc_row type_default valign_top\"><div class=\"vc_col-sm-12 wpb_column vc_column_container\"><div class=\"vc_column-inner\"><div class=\"wpb_wrapper\">\r\n\t<div class=\"wpb_text_column \">\r\n\t\t<div class=\"wpb_wrapper\">\r\n\t\t\t<h3 dir=\"ltr\"><strong><span style=\"font-family: 'times new roman', times, serif;\">Bak\u0131r levha ve \u015ferit<\/span> <\/strong><\/h3>\n\r\n\t\t<\/div>\r\n\t<\/div>\r\n<div class=\"w-tabs layout_default icon_chevron iconpos_right \"><div class=\"w-tabs-list items_3\"><div class=\"w-tabs-list-h\"><div class=\"w-tabs-item active\"><a href=\"#1552722214403-d5740417-add50930-34d4\" class=\"w-tabs-item-h\"><span class=\"w-tabs-item-title\">kullan\u0131m \u00f6zellikleri<\/span><\/a><\/div>\n<div class=\"w-tabs-item\"><a href=\"#1552722214428-07f6deb7-97b20930-34d4\" class=\"w-tabs-item-h\"><span class=\"w-tabs-item-title\">Boyutlar<\/span><\/a><\/div>\n<div class=\"w-tabs-item\"><a href=\"#1552722251989-39e7885a-ce870930-34d4\" class=\"w-tabs-item-h\"><span class=\"w-tabs-item-title\">Standartlar<\/span><\/a><\/div>\n<\/div><\/div><div class=\"w-tabs-sections\"><div class=\"w-tabs-sections-h\"><div class=\"w-tabs-section active\" id=\"1552722214403-d5740417-add50930-34d4\"><a href=\"#1552722214403-d5740417-add50930-34d4\" class=\"w-tabs-section-header\"><div class=\"w-tabs-section-header-h\"><div class=\"w-tabs-section-title\">kullan\u0131m \u00f6zellikleri<\/div><div class=\"w-tabs-section-control\"><\/div><\/div><\/a><div class=\"w-tabs-section-content\"><div class=\"w-tabs-section-content-h i-cf\">\r\n\t<div class=\"wpb_text_column \">\r\n\t\t<div class=\"wpb_wrapper\">\r\n\t\t\t<p dir=\"ltr\"><span style=\"font-family: 'times new roman', times, serif;\">\u015eehit Bahoner bak\u0131r Sanayi \u015firketi Petrol end\u00fcstrisinin ihtiya\u00e7lar\u0131n\u0131 da g\u00f6z \u00f6n\u00fcnde bulundurarak bak\u0131r haddeleme \u00fcr\u00fcnlerini\u00a0 d\u00f6rt TPC\u060c DHP\u060c DLP ve CuSn ala\u015f\u0131m \u015feklinde sunmaktad\u0131r.<\/span><\/p>\n<p dir=\"ltr\"><span style=\"font-family: 'times new roman', times, serif;\"><strong>TPC ala\u015f\u0131ml\u0131 bak\u0131r levha ve \u015ferit:<\/strong> Bu \u00fcr\u00fcnler \u00e7ok iyi termal ve elektriksel iletkenli\u011fi sahiptir ve daha \u00e7ok elektrik end\u00fcstrisinde kullan\u0131l\u0131r.<\/span><\/p>\n<p dir=\"ltr\"><span style=\"font-family: 'times new roman', times, serif;\"><strong>DHP ve DLP ala\u015f\u0131ml\u0131 bak\u0131r levha ve \u015ferit:<\/strong> Bu \u00fcr\u00fcnler hidrojen gevrekli\u011fine kar\u015f\u0131\u00a0 dayan\u0131kl\u0131d\u0131rlar ve y\u00fcksek kaynaklanabilirli\u011fe sahipler. Bu \u00fcr\u00fcnler daha \u00e7ok so\u011futma, \u0131s\u0131tma ve beyaz e\u015fya end\u00fcstrisinde kullan\u0131lmaktad\u0131r.<\/span><\/p>\n<p dir=\"ltr\"><span style=\"font-family: 'times new roman', times, serif;\"><strong>CUSN ala\u015f\u0131ml\u0131 bak\u0131r levha ve \u015ferit:<\/strong> a\u011f\u0131rl\u0131k y\u00fczdesi 0.12&#8217;den 0.18&#8217;e kadar olan Kalay i\u00e7erikli bu ala\u015f\u0131m mekanik \u00f6zelliklerini 2 \u00b0C&#8217;ye kadar koruyan \u00f6zel bir \u00fcr\u00fcnd\u00fcr ve araba radyat\u00f6r kanatlar\u0131n\u0131n imalat\u0131nda kullan\u0131l\u0131r.<\/span><\/p>\n<p dir=\"ltr\"><span style=\"font-family: 'times new roman', times, serif;\">bu levha ve \u015feritler di\u011fer bak\u0131r ala\u015f\u0131mlar\u0131 ile de m\u00fc\u015fterinin iste\u011fi \u00fczerine \u00fcretilebilir<\/span><\/p>\n\r\n\t\t<\/div>\r\n\t<\/div>\r\n<\/div><\/div><\/div><div class=\"w-tabs-section\" id=\"1552722214428-07f6deb7-97b20930-34d4\"><a href=\"#1552722214428-07f6deb7-97b20930-34d4\" class=\"w-tabs-section-header\"><div class=\"w-tabs-section-header-h\"><div class=\"w-tabs-section-title\">Boyutlar<\/div><div class=\"w-tabs-section-control\"><\/div><\/div><\/a><div class=\"w-tabs-section-content\"><div class=\"w-tabs-section-content-h i-cf\">\r\n\t<div class=\"wpb_text_column \">\r\n\t\t<div class=\"wpb_wrapper\">\r\n\t\t\t<p dir=\"ltr\"><span style=\"font-family: 'times new roman', times, serif;\">bak\u0131r-haddeleme \u00fcr\u00fcnleri farkl\u0131 kal\u0131nl\u0131k ve geni\u015fliklerde \u00fcretilmektedir ve m\u00fc\u015fterilere levha ve \u015ferit olarak teslim edilmektedir.<\/span><\/p>\n<p dir=\"ltr\"><span style=\"font-family: 'times new roman', times, serif;\">A\u015fa\u011f\u0131daki tabloda \u00fcretilebilecek boyut aral\u0131\u011f\u0131 g\u00f6sterilmekte:<\/span><\/p>\n<table class=\" aligncenter\" style=\"height: 265px; width: 800px;\">\n<tbody>\n<tr style=\"height: 18px;\">\n<td dir=\"ltr\" style=\"width: 245px; height: 18px;\"><span style=\"font-family: 'times new roman', times, serif;\"><strong>\u00a0 \u00a0 \u00a0 \u00a0 \u00a0bak\u0131r levha ve \u015eerit <\/strong><\/span><\/td>\n<td dir=\"ltr\" style=\"width: 137px; height: 18px;\"><span style=\"font-family: 'times new roman', times, serif;\"><strong>\u00a0 \u00a0 \u00a0 \u00a0 \u00a0 \u015eerit<\/strong><\/span><\/td>\n<td dir=\"ltr\" style=\"width: 396px; height: 18px;\" colspan=\"2\"><span style=\"font-family: 'times new roman', times, serif;\"><strong>\u00a0 \u00a0 \u00a0 \u00a0 \u00a0 \u00a0 \u00a0 \u00a0 \u00a0 \u00a0 \u00a0 \u00a0 \u00a0 \u00a0 \u00a0 \u00a0 \u00a0 \u00a0 levha<\/strong><\/span><\/td>\n<\/tr>\n<tr style=\"height: 18px;\">\n<td dir=\"ltr\" style=\"text-align: center; width: 245px; height: 18px;\"><span style=\"font-family: 'times new roman', times, serif;\"><strong>kal\u0131nl\u0131k (mm)<\/strong><\/span><\/td>\n<td dir=\"ltr\" style=\"text-align: center; width: 279px; height: 18px;\" colspan=\"2\"><span style=\"font-family: 'times new roman', times, serif;\"><strong>geni\u015flik(mm)<\/strong><\/span><\/td>\n<td dir=\"ltr\" style=\"text-align: center; width: 254px; height: 18px;\"><span style=\"font-family: 'times new roman', times, serif;\"><strong>uzunluk (mm)<\/strong><\/span><\/td>\n<\/tr>\n<tr style=\"height: 18px;\">\n<td dir=\"ltr\" style=\"width: 245px; text-align: center; height: 18px;\"><span style=\"font-family: 'times new roman', times, serif;\">0.04 &#8211; 0.15<\/span><\/td>\n<td dir=\"ltr\" style=\"text-align: center; width: 137px; height: 18px;\"><span style=\"font-family: 'times new roman', times, serif;\">15 &#8211; 200<\/span><\/td>\n<td style=\"text-align: center; width: 396px; height: 36px;\" colspan=\"2\" rowspan=\"2\"><span style=\"font-family: 'times new roman', times, serif;\">_<\/span><\/td>\n<\/tr>\n<tr style=\"height: 18px;\">\n<td dir=\"ltr\" style=\"text-align: center; width: 245px; height: 18px;\"><span style=\"font-family: 'times new roman', times, serif;\">0.3 &#8211; 0.15<\/span><\/td>\n<td dir=\"ltr\" style=\"text-align: center; width: 137px; height: 18px;\"><span style=\"font-family: 'times new roman', times, serif;\">15 &#8211; 610<\/span><\/td>\n<\/tr>\n<tr style=\"height: 18px;\">\n<td style=\"width: 245px; text-align: center; height: 18px;\"><span style=\"font-family: 'times new roman', times, serif;\">0.3<\/span><\/td>\n<td dir=\"ltr\" style=\"width: 137px; text-align: center; height: 36px;\" rowspan=\"2\"><span style=\"font-family: 'times new roman', times, serif;\">15 &#8211; 660<\/span><\/td>\n<td dir=\"ltr\" style=\"width: 136px; height: 54px;\" rowspan=\"3\"><span style=\"font-family: 'times new roman', times, serif;\">\u00a0 \u00a0 600 &#8211; 660<\/span><\/td>\n<td dir=\"ltr\" style=\"width: 254px; height: 54px; text-align: center;\" rowspan=\"3\"><span style=\"font-family: 'times new roman', times, serif;\">700 &#8211; 2000<\/span><\/td>\n<\/tr>\n<tr style=\"height: 18px;\">\n<td dir=\"ltr\" style=\"width: 245px; text-align: center; height: 18px;\"><span style=\"font-family: 'times new roman', times, serif;\">0.3 &#8211; 2<\/span><\/td>\n<\/tr>\n<tr style=\"height: 18px;\">\n<td dir=\"ltr\" style=\"width: 245px; text-align: center; height: 18px;\"><span style=\"font-family: 'times new roman', times, serif;\">2 &#8211; 6<\/span><\/td>\n<td dir=\"ltr\" style=\"width: 137px; text-align: center; height: 18px;\"><span style=\"font-family: 'times new roman', times, serif;\">20 &#8211; 660<\/span><\/td>\n<\/tr>\n<tr style=\"height: 18px;\">\n<td dir=\"ltr\" style=\"width: 245px; text-align: center; height: 18px;\"><span style=\"font-family: 'times new roman', times, serif;\">8 &#8211; 18<\/span><\/td>\n<td style=\"width: 137px; height: 36px; text-align: center;\" rowspan=\"2\"><span style=\"font-family: 'times new roman', times, serif;\">_<\/span><\/td>\n<td style=\"width: 136px; height: 36px; text-align: center;\" rowspan=\"2\"><span style=\"font-family: 'times new roman', times, serif;\">660<\/span><\/td>\n<td dir=\"ltr\" style=\"width: 254px; height: 18px; text-align: center;\"><span style=\"font-family: 'times new roman', times, serif;\">500 &#8211; 4000<\/span><\/td>\n<\/tr>\n<tr style=\"height: 18px;\">\n<td dir=\"ltr\" style=\"width: 245px; text-align: center; height: 18px;\"><span style=\"font-family: 'times new roman', times, serif;\">18 &#8211; 100<\/span><\/td>\n<td dir=\"ltr\" style=\"width: 254px; height: 18px;\"><span style=\"font-family: 'times new roman', times, serif;\">\u00a0 \u00a0 \u00a0 \u00a0 \u00a0 \u00a0 \u00a0 \u00a0 \u00a01000 &#8211; 7000<\/span><\/td>\n<\/tr>\n<\/tbody>\n<\/table>\n<p>&nbsp;<\/p>\n<p dir=\"ltr\"><span style=\"font-family: 'times new roman', times, serif;\">0.12&#8217;den 0.18&#8217;e kadar kalay ve 0.007 den 0.0 18&#8217;e kadar fosfor i\u00e7eren Bak\u0131r, arabalar\u0131n radyat\u00f6r fini i\u00e7in \u00fcretilmekte. m\u00fc\u015fterilerin iste\u011fi \u00fczerine di\u011fer ala\u015f\u0131mlarlarla levha ve \u015ferit \u00fcretimek m\u00fcmk\u00fcn.<\/span><\/p>\n\r\n\t\t<\/div>\r\n\t<\/div>\r\n<\/div><\/div><\/div><div class=\"w-tabs-section\" id=\"1552722251989-39e7885a-ce870930-34d4\"><a href=\"#1552722251989-39e7885a-ce870930-34d4\" class=\"w-tabs-section-header\"><div class=\"w-tabs-section-header-h\"><div class=\"w-tabs-section-title\">Standartlar<\/div><div class=\"w-tabs-section-control\"><\/div><\/div><\/a><div class=\"w-tabs-section-content\"><div class=\"w-tabs-section-content-h i-cf\">\r\n\t<div class=\"wpb_text_column \">\r\n\t\t<div class=\"wpb_wrapper\">\r\n\t\t\t<div id=\"tab3\" class=\"tab-pane active\">\n<p dir=\"ltr\"><span style=\"font-family: 'times new roman', times, serif;\">\u015eehit bahoner bak\u0131r sanayi \u015firketi \u00fcr\u00fcnlerini uluslararas\u0131 standartlara uygun olarak sunmaktan gurur duyar. i\u015fte bak\u0131r levha ve \u015ferit i\u00e7in bu standartlar:<\/span><\/p>\n<p style=\"text-align: left;\"><span style=\"font-family: 'times new roman', times, serif;\"><a href=\"http:\/\/eshop.normservis.cz\/detail\/din\/1787\/1.1.1973\"><strong>DIN 1787<\/strong><\/a><\/span><br \/>\n<span style=\"font-family: 'times new roman', times, serif;\">Copper &#8211; Half-finished Products<\/span><\/p>\n<p style=\"text-align: left;\"><span style=\"font-family: 'times new roman', times, serif;\"><a href=\"http:\/\/eshop.normservis.cz\/detail\/din\/17670-1\/1.12.1983\"><strong>DIN 17670\u00a0<\/strong><\/a><\/span><br \/>\n<span style=\"font-family: 'times new roman', times, serif;\">Wrought copper and copper alloy plate, sheet and strip<\/span><\/p>\n<p style=\"text-align: left;\"><span style=\"font-family: 'times new roman', times, serif;\"><a href=\"http:\/\/eshop.normservis.cz\/detail\/din\/40500-1\/1.4.1980\"><strong>DIN 40500-1<\/strong><\/a><\/span><br \/>\n<span style=\"font-family: 'times new roman', times, serif;\">Copper for electrical purposes &#8211; Sheet and strip, technic al terms of delivery<\/span><\/p>\n<p style=\"text-align: left;\"><span style=\"font-family: 'times new roman', times, serif;\"><a href=\"http:\/\/eshop.normservis.cz\/detail\/dinen\/1652\/1.3.1998\"><strong>DIN EN 1652<\/strong><\/a><\/span><br \/>\n<span style=\"font-family: 'times new roman', times, serif;\">Copper and copper alloys &#8211; Plate, sheet, strip and circles for general purposes<\/span><\/p>\n<p style=\"text-align: left;\"><span style=\"font-family: 'times new roman', times, serif;\"><a href=\"http:\/\/eshop.normservis.cz\/detail\/dinen\/1653\/1.11.2000\"><strong>DIN EN 1653<\/strong><\/a><\/span><br \/>\n<span style=\"font-family: 'times new roman', times, serif;\">Copper and copper alloys &#8211; Plate, sheet and circles for boilers, pressure vessels and hot water storage units<\/span><\/p>\n<p style=\"text-align: left;\"><span style=\"font-family: 'times new roman', times, serif;\"><a href=\"http:\/\/eshop.normservis.cz\/detail\/astm\/b152-b152m-09\/1.10.2009\"><strong>ASTM B152M-09<\/strong><\/a><\/span><br \/>\n<span style=\"font-family: 'times new roman', times, serif;\">Standard Specification for Copper Sheet, Strip, Plate, and Rolled Bar<\/span><\/p>\n<p style=\"text-align: left;\"><span style=\"font-family: 'times new roman', times, serif;\"><a href=\"http:\/\/eshop.normservis.cz\/detail\/astm\/b248m-07\/1.10.2007\"><strong>ASTM B248M-07<\/strong><\/a><\/span><br \/>\n<span style=\"font-family: 'times new roman', times, serif;\">Standard Specification for General Requirements for Wrought Copper and Copper-Alloy Plate, Sheet, Strip, and Rolled Bar<\/span><\/p>\n<p style=\"text-align: left;\"><span style=\"font-family: 'times new roman', times, serif;\"><strong>JIS H3100:2006-02-20<\/strong><\/span><br \/>\n<span style=\"font-family: 'times new roman', times, serif;\">Copper and copper alloy sheets, plat es and strips<\/span><\/p>\n<p style=\"text-align: left;\"><span style=\"font-family: 'times new roman', times, serif;\"><a href=\"http:\/\/eshop.normservis.cz\/detail\/bs\/2870-1980\/30.9.1980\"><strong>BS 2870:1980<\/strong><\/a><\/span><br \/>\n<span style=\"font-family: 'times new roman', times, serif;\">Specification for rolled copper and copper alloys: sheet, strip and foil<\/span><\/p>\n<p style=\"text-align: left;\"><span style=\"font-family: 'times new roman', times, serif;\"><a href=\"http:\/\/eshop.normservis.cz\/detail\/bs\/2875-1969\/31.3.1969\"><strong>BS 2875:1969<\/strong><\/a><\/span><br \/>\n<span style=\"font-family: 'times new roman', times, serif;\">Specification for copper and copper alloys. Plate<\/span><\/p>\n<p style=\"text-align: left;\"><span style=\"font-family: 'times new roman', times, serif;\"><a href=\"http:\/\/eshop.normservis.cz\/detail\/bsen\/1652-1998\/15.4.1998\"><strong>BS EN 1652:1998<\/strong><\/a><strong><br \/>\n<\/strong>Copper and copper alloys. Plate, sheet, strip and circles for general purposes<\/span><\/p>\n<p style=\"text-align: left;\"><span style=\"font-family: 'times new roman', times, serif;\"><strong><a href=\"http:\/\/eshop.normservis.cz\/detail\/bsen\/1653-1998\/15.4.1998\">BS EN 1653:1998<\/a><\/strong><\/span><br \/>\n<span style=\"font-family: 'times new roman', times, serif;\">Copper and copper alloys. Plate, sheet and circles for boilers, pressure vessels and hot water storage units<\/span><\/p>\n<\/div>\n<div id=\"tab4\" class=\"tab-pane active\">\n<p style=\"text-align: left;\">\n<\/div>\n\r\n\t\t<\/div>\r\n\t<\/div>\r\n<\/div><\/div><\/div><\/div><\/div><\/div><\/div><\/div><\/div><\/div><\/div><\/section>\n<\/div>","protected":false},"excerpt":{"rendered":"Bak\u0131r levha ve \u015ferit kullan\u0131m \u00f6zellikleri Boyutlar Standartlar kullan\u0131m \u00f6zellikleri \u015eehit Bahoner bak\u0131r Sanayi \u015firketi Petrol end\u00fcstrisinin ihtiya\u00e7lar\u0131n\u0131 da g\u00f6z \u00f6n\u00fcnde bulundurarak bak\u0131r haddeleme \u00fcr\u00fcnlerini\u00a0 d\u00f6rt TPC\u060c DHP\u060c DLP ve CuSn ala\u015f\u0131m \u015feklinde sunmaktad\u0131r. TPC ala\u015f\u0131ml\u0131 bak\u0131r levha ve \u015ferit: Bu \u00fcr\u00fcnler \u00e7ok iyi termal ve elektriksel iletkenli\u011fi sahiptir ve daha \u00e7ok elektrik end\u00fcstrisinde kullan\u0131l\u0131r....","protected":false},"author":18,"featured_media":0,"parent":0,"menu_order":0,"comment_status":"closed","ping_status":"closed","template":"","meta":{"footnotes":""},"class_list":["post-10397","page","type-page","status-publish","hentry"],"_links":{"self":[{"href":"https:\/\/csp.ir\/tr\/wp-json\/wp\/v2\/pages\/10397"}],"collection":[{"href":"https:\/\/csp.ir\/tr\/wp-json\/wp\/v2\/pages"}],"about":[{"href":"https:\/\/csp.ir\/tr\/wp-json\/wp\/v2\/types\/page"}],"author":[{"embeddable":true,"href":"https:\/\/csp.ir\/tr\/wp-json\/wp\/v2\/users\/18"}],"replies":[{"embeddable":true,"href":"https:\/\/csp.ir\/tr\/wp-json\/wp\/v2\/comments?post=10397"}],"version-history":[{"count":3,"href":"https:\/\/csp.ir\/tr\/wp-json\/wp\/v2\/pages\/10397\/revisions"}],"predecessor-version":[{"id":10574,"href":"https:\/\/csp.ir\/tr\/wp-json\/wp\/v2\/pages\/10397\/revisions\/10574"}],"wp:attachment":[{"href":"https:\/\/csp.ir\/tr\/wp-json\/wp\/v2\/media?parent=10397"}],"curies":[{"name":"wp","href":"https:\/\/api.w.org\/{rel}","templated":true}]}}