{"id":10,"date":"2013-05-31T11:56:39","date_gmt":"2013-05-31T11:56:39","guid":{"rendered":"http:\/\/us-themes.com\/wp\/Vittoria\/?page_id=9"},"modified":"2026-02-01T13:18:16","modified_gmt":"2026-02-01T13:18:16","slug":"contact","status":"publish","type":"page","link":"https:\/\/csp.ir\/tr\/contact\/","title":{"rendered":"ileti\u015fim"},"content":{"rendered":"<div class=\"wpb-content-wrapper\"><section class=\"l-section wpb_row height_medium with_video\"><div class=\"l-section-video\"><video muted loop autoplay preload=\"auto\"><source type=\"video\/mp4\" src=\"0\" \/><\/video><\/div><div class=\"l-section-h i-cf\"><div class=\"g-cols vc_row type_default valign_top\"><div class=\"vc_col-sm-2\/5 wpb_column vc_column_container\"><div class=\"vc_column-inner\"><div class=\"wpb_wrapper\"><div class=\"w-form for_cform align_left\" id=\"us_form_1\">\r\n\t<form class=\"w-form-h\" autocomplete=\"off\" action=\"https:\/\/csp.ir\/tr\/wp-json\/wp\/v2\/pages\/10\" method=\"post\">\r\n\t\t\t\t<div class=\"w-form-row for_name\">\r\n\t<div class=\"w-form-row-label\">\r\n\t\t<label for=\"us_form_1_name\">Ad<\/label>\r\n\t<\/div>\r\n\t<div class=\"w-form-row-field\">\r\n\t\t\t\t<input type=\"text\" aria-label=\"name\" name=\"name\" id=\"us_form_1_name\" value=\"\"\r\n\t\t\t   placeholder=\"\"\/>\r\n\t\t<span class=\"w-form-row-field-bar\"><\/span>\r\n\t\t\t<\/div>\r\n\t<div class=\"w-form-row-state\"><\/div>\r\n\t<\/div>\r\n\t\t<div class=\"w-form-row for_email required\">\r\n\t<div class=\"w-form-row-label\">\r\n\t\t<label for=\"us_form_1_email\">E-posta <span class=\"required\">*<\/span><\/label>\r\n\t<\/div>\r\n\t<div class=\"w-form-row-field\">\r\n\t\t\t\t<input type=\"email\" aria-label=\"email\" name=\"email\" id=\"us_form_1_email\" value=\"\"\r\n\t\t\t   placeholder=\"\" data-required=\"true\" aria-required=\"true\"\/>\r\n\t\t<span class=\"w-form-row-field-bar\"><\/span>\r\n\t\t\t<\/div>\r\n\t<div class=\"w-form-row-state\"><\/div>\r\n\t<\/div>\r\n\t\t<div class=\"w-form-row for_phone\">\r\n\t<div class=\"w-form-row-label\">\r\n\t\t<label for=\"us_form_1_phone\">Phone Number<\/label>\r\n\t<\/div>\r\n\t<div class=\"w-form-row-field\">\r\n\t\t\t\t<input type=\"text\" aria-label=\"phone\" name=\"phone\" id=\"us_form_1_phone\" value=\"\"\r\n\t\t\t   placeholder=\"\"\/>\r\n\t\t<span class=\"w-form-row-field-bar\"><\/span>\r\n\t\t\t<\/div>\r\n\t<div class=\"w-form-row-state\"><\/div>\r\n\t<\/div>\r\n\t\t<div class=\"w-form-row for_message required\">\r\n\t<div class=\"w-form-row-label\">\r\n\t\t<label for=\"us_form_1_message\">Message <span class=\"required\">*<\/span><\/label>\r\n\t<\/div>\r\n\t<div class=\"w-form-row-field\">\r\n\t\t\t\t<textarea aria-label=\"message\" name=\"message\" id=\"us_form_1_message\" cols=\"30\" rows=\"10\" placeholder=\"\"\r\n\t\t\t data-required=\"true\" aria-required=\"true\"><\/textarea>\r\n\t\t<span class=\"w-form-row-field-bar\"><\/span>\r\n\t\t\t<\/div>\r\n\t<div class=\"w-form-row-state\"><\/div>\r\n\t<\/div>\r\n\t\t<div class=\"w-form-row for_captcha required\">\r\n\t<div class=\"w-form-row-label\">\r\n\t\t<label for=\"us_form_1_captcha\">Just to prove you are a human, please solve the equation: <span>27 - 9 = ?<\/span><\/label>\r\n\t<\/div>\r\n\t<div class=\"w-form-row-field\">\r\n\t\t\t\t<input type=\"hidden\" name=\"captcha_hash\" value=\"6839326a229c8bc0aabfdd650b95fafd\" \/>\r\n\t\t<input type=\"text\" aria-label=\"captcha\" name=\"captcha\" id=\"us_form_1_captcha\" value=\"\"\r\n\t\t\t   data-required=\"1\" placeholder=\"\" aria-required=\"true\" \/>\r\n\t\t<span class=\"w-form-row-field-bar\"><\/span>\r\n\t\t\t<\/div>\r\n\t<div class=\"w-form-row-state\"><\/div>\r\n\t<\/div>\r\n\t\t<input type=\"hidden\" name=\"action\" value=\"us_ajax_cform\" \/>\r\n\t\t<input type=\"hidden\" name=\"post_id\" value=\"10\" \/>\r\n\t\t<input type=\"hidden\" name=\"form_index\" value=\"1\" \/>\r\n\t\t<div class=\"w-form-row for_submit\">\r\n\t<div class=\"w-form-row-field\">\r\n\t\t<button class=\"w-btn icon_none color_custom style_raised\"  style=\"font-size:large;background-color:#bfbfbf;\" type=\"submit\" aria-label=\"Send Message\">\r\n\t\t\t\t\t\t<span class=\"g-preloader type_1\"><\/span>\r\n\t\t\t<span class=\"w-btn-label\">Send Message<\/span>\r\n\t\t<\/button>\r\n\t<\/div>\r\n<\/div>\r\n\t\t\t\t<div class=\"w-form-message\"><\/div>\r\n\t\t\t<\/form>\r\n\t\t\t<div class=\"w-form-json hidden\" onclick='return {&quot;ajaxurl&quot;:&quot;https:\\\/\\\/csp.ir\\\/wp-admin\\\/admin-ajax.php&quot;,&quot;success&quot;:&quot;Thank you! Your message was sent.&quot;,&quot;errors&quot;:{&quot;name&quot;:&quot;Please enter your Name&quot;,&quot;email&quot;:&quot;L\\u00fctfen ge\\u00e7erli bir e-posta adresi yaz\\u0131n.&quot;,&quot;phone&quot;:&quot;Please enter your Phone Number&quot;,&quot;message&quot;:&quot;Please enter a Message&quot;,&quot;captcha&quot;:&quot;Please enter the equation result&quot;}}'><\/div>\r\n\t<\/div>\r\n<\/div><\/div><\/div><div class=\"vc_col-sm-3\/5 wpb_column vc_column_container\"><div class=\"vc_column-inner\"><div class=\"wpb_wrapper\">\r\n\t<div class=\"wpb_text_column \">\r\n\t\t<div class=\"wpb_wrapper\">\r\n\t\t\t<p><span style=\"font-size: 24pt; font-family: 'times new roman', times, serif;\">\u0130leti\u015fim Bilgileri<\/span><\/p>\n\r\n\t\t<\/div>\r\n\t<\/div>\r\n\r\n\t<div class=\"wpb_text_column \">\r\n\t\t<div class=\"wpb_wrapper\">\r\n\t\t\t<p dir=\"ltr\" style=\"text-align: justify;\"><span style=\"font-family: 'times new roman', times, serif; font-size: 14pt;\">\u00fcr\u00fcnler hakk\u0131nda daha fazla bilgi almak i\u00e7in bu yollardan bize ula\u015f\u0131n: <\/span><\/p>\n\r\n\t\t<\/div>\r\n\t<\/div>\r\n<div class=\"w-separator type_invisible size_small\"><\/div><div class=\"g-cols wpb_row type_default valign_top vc_inner trnum \"><div class=\"vc_col-sm-6 wpb_column vc_column_container trnum\"><div class=\"vc_column-inner\"><div class=\"wpb_wrapper\">\r\n\t<div class=\"wpb_text_column \">\r\n\t\t<div class=\"wpb_wrapper\">\r\n\t\t\t\r\n\t\t<\/div>\r\n\t<\/div>\r\n<div class=\"w-separator type_invisible size_small\"><\/div><div class=\"w-iconbox iconpos_left style_default color_custom no_text icontype_img\"><div class=\"w-iconbox-icon\" style=\"font-size:24px;box-shadow:0 0 0 2px #dd9933 inset;background-color:#dd9933;color:#000000;\"><img loading=\"lazy\" decoding=\"async\" src=\"https:\/\/csp.ir\/wp-content\/uploads\/2023\/02\/export-import-icon-6.png\" width=\"170\" height=\"170\" alt=\"\u0130hracat\"><\/div><div class=\"w-iconbox-meta\"><h4 class=\"w-iconbox-title\" style=\"font-size:20px;\">\u0130hracat<\/h4><\/div><\/div><div class=\"w-iconbox iconpos_left style_default color_custom no_text icontype_img\"><a class=\"w-iconbox-link\" href=\"#\"><div class=\"w-iconbox-icon\" style=\"font-size:24px;color:#dd9933;\"><img loading=\"lazy\" decoding=\"async\" src=\"https:\/\/csp.ir\/wp-content\/uploads\/2023\/02\/email-vector-icon-24.jpg\" width=\"1024\" height=\"1024\" alt=\"Export@csp.ir\"><\/div><\/a><div class=\"w-iconbox-meta\"><a class=\"w-iconbox-link\" href=\"#\"><h4 class=\"w-iconbox-title\" style=\"font-size:18px;\">Export@csp.ir<\/h4><\/a><\/div><\/div><div class=\"w-iconbox iconpos_left style_default color_custom no_text icontype_img\"><div class=\"w-iconbox-icon\" style=\"font-size:20px;color:#dd9933;\"><img loading=\"lazy\" decoding=\"async\" src=\"https:\/\/csp.ir\/wp-content\/uploads\/2023\/02\/black-phone-icon-24.png\" width=\"2400\" height=\"2400\" alt=\"0098(21)82166700\"><\/div><div class=\"w-iconbox-meta\"><h4 class=\"w-iconbox-title\" style=\"font-size:18px;\">0098(21)82166700<\/h4><\/div><\/div><\/div><\/div><\/div><div class=\"vc_col-sm-6 wpb_column vc_column_container\"><div class=\"vc_column-inner\"><div class=\"wpb_wrapper\">[vc_raw_html][\/vc_raw_html]<\/div><\/div><\/div><\/div><div class=\"g-cols wpb_row type_default valign_top vc_inner \"><div class=\"vc_col-sm-6 wpb_column vc_column_container\"><div class=\"vc_column-inner\"><div class=\"wpb_wrapper\"><\/div><\/div><\/div><\/div><div class=\"w-separator type_short size_small thick_1 style_solid color_border align_center\"><div class=\"w-separator-h\"><\/div><\/div><div class=\"g-cols wpb_row type_default valign_top vc_inner \"><div class=\"vc_col-sm-6 wpb_column vc_column_container\"><div class=\"vc_column-inner\"><div class=\"wpb_wrapper\">\r\n\t<div class=\"wpb_text_column \">\r\n\t\t<div class=\"wpb_wrapper\">\r\n\t\t\t<h4 class=\"media-heading\" dir=\"ltr\"><strong><span style=\"font-family: 'times new roman', times, serif; font-size: 24pt;\">Fabrikas\u0131 :<\/span><\/strong><\/h4>\n<p dir=\"ltr\"><span style=\"font-family: 'times new roman', times, serif; font-size: 14pt;\"><span style=\"font-size: 12pt;\"><strong>Adres:<\/strong> Ba\u011f\u0131n- Kerman otoyolu 12. Km- Kerman- \u0130ran<\/span><\/span><\/p>\n<p dir=\"ltr\"><span style=\"font-family: 'times new roman', times, serif; font-size: 14pt;\"><span style=\"font-size: 12pt;\"><strong>Posta kodu:<\/strong>7613836183<\/span><\/span><\/p>\n\r\n\t\t<\/div>\r\n\t<\/div>\r\n<div class=\"w-iconbox iconpos_left style_default color_custom no_text icontype_img\"><a class=\"w-iconbox-link\" href=\"#\"><div class=\"w-iconbox-icon\" style=\"font-size:28px;color:#dd9933;\"><img loading=\"lazy\" decoding=\"async\" src=\"https:\/\/csp.ir\/wp-content\/uploads\/2023\/02\/email-vector-icon-24.jpg\" width=\"1024\" height=\"1024\" alt=\"info@csp.ir\"><\/div><\/a><div class=\"w-iconbox-meta\"><a class=\"w-iconbox-link\" href=\"#\"><h4 class=\"w-iconbox-title\" style=\"font-size:21px;\">info@csp.ir<\/h4><\/a><\/div><\/div><div class=\"w-iconbox iconpos_left style_default color_custom no_text trnum icontype_img\"><div class=\"w-iconbox-icon\" style=\"font-size:28px;color:#dd9933;\"><img loading=\"lazy\" decoding=\"async\" src=\"https:\/\/csp.ir\/wp-content\/uploads\/2023\/02\/black-phone-icon-24.png\" width=\"2400\" height=\"2400\" alt=\"0098(34)31227999\"><\/div><div class=\"w-iconbox-meta\"><h4 class=\"w-iconbox-title\" style=\"font-size:18px;\">0098(34)31227999<\/h4><\/div><\/div><\/div><\/div><\/div><div class=\"vc_col-sm-6 wpb_column vc_column_container\"><div class=\"vc_column-inner\"><div class=\"wpb_wrapper\">[vc_raw_html]JTNDaWZyYW1lJTIwc3JjJTNEJTIyaHR0cHMlM0ElMkYlMkZ3d3cuZ29vZ2xlLmNvbSUyRm1hcHMlMkZlbWJlZCUzRnBiJTNEJTIxMW0xOCUyMTFtMTIlMjExbTMlMjExZDM0NDguNTE0MjMzMTU3NDI1NyUyMTJkNTYuODU2NzQwNzAzNDUzMzU1JTIxM2QzMC4xOTM4NjczNjA2OTAzMiUyMTJtMyUyMTFmMCUyMTJmMCUyMTNmMCUyMTNtMiUyMTFpMTAyNCUyMTJpNzY4JTIxNGYxMy4xJTIxM20zJTIxMW0yJTIxMXMweDAlMjUzQTB4NDcxOTdmMzU5ODI2NDhhYyUyMTJ6MllYWXJOaXEyWVhZdVNEWmhkaXpJTmlvMktmWmg5bUcyTEUlMjE1ZTAlMjEzbTIlMjExc2VuJTIxMnMlMjE0djE1NjEwMTA5NDMxNDElMjE1bTIlMjExc2VuJTIxMnMlMjIlMjB3aWR0aCUzRCUyMjYwMCUyMiUyMGhlaWdodCUzRCUyMjQ1MCUyMiUyMGZyYW1lYm9yZGVyJTNEJTIyMCUyMiUyMHN0eWxlJTNEJTIyYm9yZGVyJTNBMCUyMiUyMGFsbG93ZnVsbHNjcmVlbiUzRSUzQyUyRmlmcmFtZSUzRQ==[\/vc_raw_html]<\/div><\/div><\/div><\/div><\/div><\/div><\/div><\/div><\/div><\/section>\n<\/div>","protected":false},"excerpt":{"rendered":"Ad E-posta * Phone Number Message * Just to prove you are a human, please solve the equation: 30 + 13 = ? Send Message \u0130leti\u015fim Bilgileri \u00fcr\u00fcnler hakk\u0131nda daha fazla bilgi almak i\u00e7in bu yollardan bize ula\u015f\u0131n: \u0130hracatExport@csp.ir0098(21)82166700[vc_raw_html][\/vc_raw_html] Fabrikas\u0131 : Adres: Ba\u011f\u0131n- Kerman otoyolu 12. Km- Kerman- \u0130ran Posta kodu:7613836183 info@csp.ir0098(34)31227999[vc_raw_html]JTNDaWZyYW1lJTIwc3JjJTNEJTIyaHR0cHMlM0ElMkYlMkZ3d3cuZ29vZ2xlLmNvbSUyRm1hcHMlMkZlbWJlZCUzRnBiJTNEJTIxMW0xOCUyMTFtMTIlMjExbTMlMjExZDM0NDguNTE0MjMzMTU3NDI1NyUyMTJkNTYuODU2NzQwNzAzNDUzMzU1JTIxM2QzMC4xOTM4NjczNjA2OTAzMiUyMTJtMyUyMTFmMCUyMTJmMCUyMTNmMCUyMTNtMiUyMTFpMTAyNCUyMTJpNzY4JTIxNGYxMy4xJTIxM20zJTIxMW0yJTIxMXMweDAlMjUzQTB4NDcxOTdmMzU5ODI2NDhhYyUyMTJ6MllYWXJOaXEyWVhZdVNEWmhkaXpJTmlvMktmWmg5bUcyTEUlMjE1ZTAlMjEzbTIlMjExc2VuJTIxMnMlMjE0djE1NjEwMTA5NDMxNDElMjE1bTIlMjExc2VuJTIxMnMlMjIlMjB3aWR0aCUzRCUyMjYwMCUyMiUyMGhlaWdodCUzRCUyMjQ1MCUyMiUyMGZyYW1lYm9yZGVyJTNEJTIyMCUyMiUyMHN0eWxlJTNEJTIyYm9yZGVyJTNBMCUyMiUyMGFsbG93ZnVsbHNjcmVlbiUzRSUzQyUyRmlmcmFtZSUzRQ==[\/vc_raw_html]","protected":false},"author":16,"featured_media":0,"parent":0,"menu_order":0,"comment_status":"closed","ping_status":"closed","template":"","meta":{"footnotes":""},"class_list":["post-10","page","type-page","status-publish","hentry"],"_links":{"self":[{"href":"https:\/\/csp.ir\/tr\/wp-json\/wp\/v2\/pages\/10"}],"collection":[{"href":"https:\/\/csp.ir\/tr\/wp-json\/wp\/v2\/pages"}],"about":[{"href":"https:\/\/csp.ir\/tr\/wp-json\/wp\/v2\/types\/page"}],"author":[{"embeddable":true,"href":"https:\/\/csp.ir\/tr\/wp-json\/wp\/v2\/users\/16"}],"replies":[{"embeddable":true,"href":"https:\/\/csp.ir\/tr\/wp-json\/wp\/v2\/comments?post=10"}],"version-history":[{"count":277,"href":"https:\/\/csp.ir\/tr\/wp-json\/wp\/v2\/pages\/10\/revisions"}],"predecessor-version":[{"id":13732,"href":"https:\/\/csp.ir\/tr\/wp-json\/wp\/v2\/pages\/10\/revisions\/13732"}],"wp:attachment":[{"href":"https:\/\/csp.ir\/tr\/wp-json\/wp\/v2\/media?parent=10"}],"curies":[{"name":"wp","href":"https:\/\/api.w.org\/{rel}","templated":true}]}}