{"id":8497,"date":"2019-06-23T08:01:42","date_gmt":"2019-06-23T08:01:42","guid":{"rendered":"http:\/\/www.csp.ir\/?page_id=8497"},"modified":"2020-04-29T06:39:18","modified_gmt":"2020-04-29T06:39:18","slug":"extrusion","status":"publish","type":"page","link":"https:\/\/csp.ir\/en\/extrusion\/","title":{"rendered":"ekstr\u00fczyon fabrikas\u0131"},"content":{"rendered":"<div class=\"wpb-content-wrapper\"><section class=\"l-section wpb_row height_medium\"><div class=\"l-section-h i-cf\"><div class=\"g-cols vc_row type_default valign_top\"><div class=\"vc_col-sm-12 wpb_column vc_column_container\"><div class=\"vc_column-inner\"><div class=\"wpb_wrapper\">\r\n\t<div class=\"wpb_text_column \">\r\n\t\t<div class=\"wpb_wrapper\">\r\n\t\t\t<p><a ref=\"magnificPopup\" href=\"https:\/\/www.csp.ir\/wp-content\/uploads\/2020\/03\/extr-300x293.jpg\"><img loading=\"lazy\" decoding=\"async\" class=\"size-medium wp-image-9936 alignright\" src=\"https:\/\/www.csp.ir\/wp-content\/uploads\/2020\/03\/extr-300x293-300x293.jpg\" alt=\"\" width=\"300\" height=\"293\" \/><\/a><\/p>\n<p dir=\"ltr\"><strong><span style=\"font-family: 'times new roman', times, serif; font-size: 18pt;\">Ekstr\u00fczyon fabrikas\u0131<\/span><\/strong><\/p>\n<p dir=\"ltr\" style=\"text-align: left;\"><span style=\"font-family: 'times new roman', times, serif;\">Alman Mannesmann Ekipmanlar\u0131 kullan\u0131lan ekstr\u00fczyon fabrikam\u0131z 27360 metrekarelik bir alanda in\u015fa edilmi\u015ftir. fabrikan\u0131n teknik bilgileri Finlandal\u0131 Autokompo \u015firketinden sat\u0131n al\u0131nm\u0131\u015ft\u0131r. \u015fu an fabrikada \u00e7e\u015fitli borular, d\u00f6rtgen ve alt\u0131gen profiller, bak\u0131r bazl\u0131 ala\u015f\u0131mlar, bak\u0131r busbar olmak \u00fczere 19550 ton \u00fcretim kapasitesine sahip.<\/span><\/p>\n<p dir=\"ltr\" style=\"text-align: left;\"><span style=\"font-family: 'times new roman', times, serif;\">fabrikam\u0131zda 2500 ton a\u011f\u0131rl\u0131\u011f\u0131nda pres makinesi,metal gerilim giderme, asit y\u0131kama makinesi, bobin kesme ve sarma makinesi, tel \u00e7ekme makinelerine sahiptir.<\/span><\/p>\n<p dir=\"ltr\" style=\"text-align: left;\"><span style=\"font-family: 'times new roman', times, serif;\">Bu \u00fcr\u00fcnler \u00e7e\u015fitli end\u00fcstrilerde kullan\u0131lmaktad\u0131r.<\/span><\/p>\n<p dir=\"ltr\" style=\"text-align: left;\"><span style=\"font-family: 'times new roman', times, serif;\">Petrol gaz ve petrokimya end\u00fcstrileri<\/span><\/p>\n<p dir=\"ltr\" style=\"text-align: left;\"><span style=\"font-family: 'times new roman', times, serif;\">\u0131s\u0131tma ve so\u011futma end\u00fcstrileri<\/span><\/p>\n<p dir=\"ltr\" style=\"text-align: left;\"><span style=\"font-family: 'times new roman', times, serif;\">enerji end\u00fcstrisi<\/span><\/p>\n<p dir=\"ltr\" style=\"text-align: left;\"><span style=\"font-family: 'times new roman', times, serif;\">elektrik End\u00fcstrisi<\/span><\/p>\n<p dir=\"ltr\" style=\"text-align: left;\"><span style=\"font-family: 'times new roman', times, serif;\">A\u015fa\u011f\u0131daki \u00fcr\u00fcnler fabrikam\u0131zda \u00fcretilmektedir:<\/span><\/p>\n<p dir=\"ltr\" style=\"text-align: left;\"><strong><a href=\"https:\/\/www.csp.ir\/tr\/brass-section\/\"><span style=\"font-family: 'times new roman', times, serif;\">pirin\u00e7 profiller<\/span><\/a><\/strong><\/p>\n<p dir=\"ltr\" style=\"text-align: left;\"><strong><a href=\"https:\/\/www.csp.ir\/tr\/pirinc-boru\/\"><span style=\"font-family: 'times new roman', times, serif;\">pirin\u00e7 boru<\/span><\/a><\/strong><\/p>\n<p dir=\"ltr\" style=\"text-align: left;\"><strong><a href=\"https:\/\/www.csp.ir\/tr\/alasimli-borular\/\"><span style=\"font-family: 'times new roman', times, serif;\">ala\u015f\u0131ml\u0131 boru<\/span><\/a><\/strong><\/p>\n<p dir=\"ltr\" style=\"text-align: left;\"><strong><a href=\"https:\/\/www.csp.ir\/tr\/busbars\/\"><span style=\"font-family: 'times new roman', times, serif;\">bak\u0131r lama<\/span><\/a><\/strong><\/p>\n<p dir=\"ltr\" style=\"text-align: left;\"><strong><a href=\"https:\/\/www.csp.ir\/tr\/bakir-boru\/\"><span style=\"font-family: 'times new roman', times, serif;\">bak\u0131r boru<\/span><\/a><\/strong><\/p>\n\r\n\t\t<\/div>\r\n\t<\/div>\r\n<\/div><\/div><\/div><\/div><\/div><\/section>\n<\/div>","protected":false},"excerpt":{"rendered":"Ekstr\u00fczyon fabrikas\u0131 Alman Mannesmann Ekipmanlar\u0131 kullan\u0131lan ekstr\u00fczyon fabrikam\u0131z 27360 metrekarelik bir alanda in\u015fa edilmi\u015ftir. fabrikan\u0131n teknik bilgileri Finlandal\u0131 Autokompo \u015firketinden sat\u0131n al\u0131nm\u0131\u015ft\u0131r. \u015fu an fabrikada \u00e7e\u015fitli borular, d\u00f6rtgen ve alt\u0131gen profiller, bak\u0131r bazl\u0131 ala\u015f\u0131mlar, bak\u0131r busbar olmak \u00fczere 19550 ton \u00fcretim kapasitesine sahip. fabrikam\u0131zda 2500 ton a\u011f\u0131rl\u0131\u011f\u0131nda pres makinesi,metal gerilim giderme, asit y\u0131kama makinesi, bobin...","protected":false},"author":16,"featured_media":0,"parent":0,"menu_order":0,"comment_status":"closed","ping_status":"closed","template":"","meta":{"footnotes":""},"class_list":["post-8497","page","type-page","status-publish","hentry"],"_links":{"self":[{"href":"https:\/\/csp.ir\/en\/wp-json\/wp\/v2\/pages\/8497"}],"collection":[{"href":"https:\/\/csp.ir\/en\/wp-json\/wp\/v2\/pages"}],"about":[{"href":"https:\/\/csp.ir\/en\/wp-json\/wp\/v2\/types\/page"}],"author":[{"embeddable":true,"href":"https:\/\/csp.ir\/en\/wp-json\/wp\/v2\/users\/16"}],"replies":[{"embeddable":true,"href":"https:\/\/csp.ir\/en\/wp-json\/wp\/v2\/comments?post=8497"}],"version-history":[{"count":27,"href":"https:\/\/csp.ir\/en\/wp-json\/wp\/v2\/pages\/8497\/revisions"}],"predecessor-version":[{"id":10649,"href":"https:\/\/csp.ir\/en\/wp-json\/wp\/v2\/pages\/8497\/revisions\/10649"}],"wp:attachment":[{"href":"https:\/\/csp.ir\/en\/wp-json\/wp\/v2\/media?parent=8497"}],"curies":[{"name":"wp","href":"https:\/\/api.w.org\/{rel}","templated":true}]}}