{"id":8473,"date":"2019-06-23T06:31:01","date_gmt":"2019-06-23T06:31:01","guid":{"rendered":"http:\/\/www.csp.ir\/?page_id=8473"},"modified":"2026-02-28T06:35:37","modified_gmt":"2026-02-28T06:35:37","slug":"kerman-manager","status":"publish","type":"page","link":"https:\/\/csp.ir\/en\/kerman-manager\/","title":{"rendered":"M\u00fcd\u00fcrleri ve Entegre M\u00fcd\u00fcrleri"},"content":{"rendered":"<div class=\"wpb-content-wrapper\"><section class=\"l-section wpb_row height_medium\"><div class=\"l-section-h i-cf\"><div class=\"g-cols vc_row type_default valign_top\"><div class=\"vc_col-sm-12 wpb_column vc_column_container\"><div class=\"vc_column-inner\"><div class=\"wpb_wrapper\">\r\n\t<div class=\"wpb_text_column \">\r\n\t\t<div class=\"wpb_wrapper\">\r\n\t\t\t<table style=\"width: 891px; height: 499px;\" width=\"629\">\n<tbody>\n<tr style=\"height: 63px;\">\n<td style=\"width: 881px; text-align: center; height: 63px;\" colspan=\"4\"><span style=\"font-family: 'times new roman', times, serif; font-size: 24pt;\">M\u00fcd\u00fcr Yard\u0131mc\u0131lar\u0131 ve Entegre M\u00fcd\u00fcrleri<\/span><\/td>\n<\/tr>\n<tr style=\"height: 102px;\">\n<td style=\"width: 226px; text-align: center; height: 102px;\">\n<h3><span style=\"font-family: 'times new roman', times, serif;\">Ad\u0131 soyad\u0131\u00a0\u00a0\u00a0\u00a0\u00a0\u00a0\u00a0 <\/span><\/h3>\n<\/td>\n<td style=\"width: 328px; text-align: center; height: 102px;\">\n<h3><span style=\"font-family: 'times new roman', times, serif;\">Pozisyonu<\/span><\/h3>\n<\/td>\n<td style=\"width: 165px; text-align: center; height: 102px;\">\n<h3><span style=\"font-family: 'times new roman', times, serif;\">E-posta <\/span><\/h3>\n<\/td>\n<td style=\"width: 144px; text-align: center; height: 102px;\">\n<h3><span style=\"font-family: 'times new roman', times, serif;\">Telefonu<\/span><\/h3>\n<\/td>\n<\/tr>\n<tr style=\"height: 24px;\">\n<td style=\"width: 226px; height: 24px; text-align: left;\"><span style=\"font-family: 'times new roman', times, serif;\">\u00a0Muhammet Cavat Maks<span style=\"font-size: 12pt;\">\u00fcdi <\/span><\/span><\/td>\n<td style=\"width: 328px; height: 24px; text-align: left;\"><span style=\"font-family: 'times new roman', times, serif; font-size: 12pt;\">Geli\u015ftirme ve Teknoloji M\u00fcd\u00fcr Yard\u0131mc\u0131s\u0131<\/span><\/td>\n<td style=\"width: 165px; text-align: left; height: 24px;\"><a href=\"mailto:Maghsoudi@csp.ir\">Maghsoudi@csp.ir<\/a><\/td>\n<td style=\"width: 144px; text-align: left; height: 24px;\"><span style=\"font-family: 'times new roman', times, serif;\">0098-34-31227007<\/span><\/td>\n<\/tr>\n<tr style=\"height: 48px;\">\n<td style=\"width: 226px; height: 30px; text-align: left;\"><span style=\"font-family: 'times new roman', times, serif;\">Muhammet Ali Husrevi <\/span><\/td>\n<td style=\"width: 328px; height: 30px; text-align: left;\"><span style=\"font-family: 'times new roman', times, serif; font-size: 12pt;\">\u00dcretim ve \u0130\u015fletme Ba\u015fkan Yard\u0131mc\u0131s\u0131<\/span><\/td>\n<td style=\"width: 165px; text-align: left; height: 30px;\"><a href=\"mailto:Khosravi@csp.ir\">Khosravi@csp.ir<\/a><\/td>\n<td style=\"width: 144px; text-align: left; height: 30px;\"><span style=\"font-family: 'times new roman', times, serif;\">0098-34-31227009<\/span><\/td>\n<\/tr>\n<tr style=\"height: 24px;\">\n<td style=\"width: 226px; height: 24px; text-align: left;\"><span style=\"font-family: 'times new roman', times, serif;\">Muhammet R\u0131za asna a\u015far\u0131 <\/span><\/td>\n<td style=\"width: 328px; height: 24px; text-align: left;\"><span style=\"font-family: 'times new roman', times, serif; font-size: 12pt;\">Y\u00f6netici Asistan\u0131<\/span><\/td>\n<td style=\"width: 165px; text-align: left; height: 24px;\"><a href=\"mailto:Ghezelbash@csp.ir\">Esnaashari@csp.ir<\/a><\/td>\n<td style=\"width: 144px; text-align: left; height: 24px;\"><span style=\"font-family: 'times new roman', times, serif;\">0098-34-31227019<\/span><\/td>\n<\/tr>\n<tr style=\"height: 24px;\">\n<td style=\"width: 226px; height: 24px; text-align: left;\"><span style=\"font-family: 'times new roman', times, serif;\">Amir h\u00fcseyin Nuriyan <\/span><\/td>\n<td style=\"width: 328px; height: 24px; text-align: left;\"><span style=\"font-family: 'times new roman', times, serif; font-size: 12pt;\">Ticaret Ba\u015fkan Yard\u0131mc\u0131s\u0131<\/span><\/td>\n<td style=\"width: 165px; text-align: left; height: 24px;\"><a href=\"mailto:Noorian@csp.ir\">Noorian@csp.ir<\/a><\/td>\n<td style=\"width: 144px; text-align: left; height: 24px;\"><span style=\"font-family: 'times new roman', times, serif;\">0098-34-31227160<\/span><\/td>\n<\/tr>\n<tr style=\"height: 24px;\">\n<td style=\"width: 226px; height: 24px; text-align: left;\"><span style=\"font-family: 'times new roman', times, serif;\">Meysem\u00a0 Saheb <\/span><\/td>\n<td style=\"width: 328px; height: 24px; text-align: left;\"><span style=\"font-size: 12pt;\">Mali Yard\u0131mc\u0131<\/span><\/td>\n<td style=\"width: 165px; text-align: left; height: 24px;\"><a href=\"mailto:Seyedizadeh@csp.ir\">Saheb@csp.ir<\/a><\/td>\n<td style=\"width: 144px; text-align: left; height: 24px;\"><span style=\"font-family: 'times new roman', times, serif;\">0098-34-31227131<\/span><\/td>\n<\/tr>\n<tr style=\"height: 24px;\">\n<td style=\"width: 226px; height: 24px; text-align: left;\"><span style=\"font-family: 'times new roman', times, serif;\">H\u00fcseyin Mican\u0131 <\/span><\/td>\n<td style=\"width: 328px; height: 24px; text-align: left;\"><span style=\"font-size: 12pt;\">Mali \u0130\u015fler M\u00fcd\u00fcr\u00fc<\/span><\/td>\n<td style=\"width: 165px; text-align: left; height: 24px;\"><a href=\"mailto:Jahanara@csp.ir\">H.Mijani@csp.ir<\/a><\/td>\n<td style=\"width: 144px; text-align: left; height: 24px;\"><span style=\"font-family: 'times new roman', times, serif;\">0098-34-31227140<\/span><\/td>\n<\/tr>\n<tr style=\"height: 24px;\">\n<td style=\"width: 226px; height: 24px; text-align: left;\"><span style=\"font-family: 'times new roman', times, serif;\">Ali Haydar Zade <\/span><\/td>\n<td style=\"width: 328px; height: 24px; text-align: left;\"><span style=\"font-size: 12pt;\">yurti\u00e7i \u00a0Sat\u0131\u015f M\u00fcd\u00fcr\u00fc<\/span><\/td>\n<td style=\"width: 165px; text-align: left; height: 24px;\"><a href=\"mailto:Salecsp@csp.ir\">Heidarzadeh@csp.ir<\/a><\/td>\n<td style=\"width: 144px; text-align: left; height: 24px;\"><span style=\"font-family: 'times new roman', times, serif;\">0098-21-82166601<\/span><\/td>\n<\/tr>\n<tr style=\"height: 24px;\">\n<td style=\"width: 226px; height: 24px; text-align: left;\">Muhammet Salih halatbari<\/td>\n<td style=\"width: 328px; height: 24px; text-align: left;\">\u0130hracat M\u00fcd\u00fcr\u00fc<\/td>\n<td style=\"width: 165px; text-align: left; height: 24px;\"><a href=\"mailto:Export@csp.ir\">Export@csp.ir<\/a><\/td>\n<td style=\"width: 144px; text-align: left; height: 24px;\"><span style=\"font-family: 'times new roman', times, serif;\">0098-21-82166707<\/span><\/td>\n<\/tr>\n<tr style=\"height: 24px;\">\n<td style=\"width: 226px; height: 24px; text-align: left;\">Cafer Ekrami Nak\u015f<\/td>\n<td style=\"width: 328px; height: 24px; text-align: left;\">Bili\u015fim Y\u00f6neticisi<\/td>\n<td style=\"width: 165px; text-align: left; height: 24px;\"><a href=\"mailto:Ekrami@csp.ir\">Ekrami@csp.ir<\/a><\/td>\n<td style=\"width: 144px; text-align: left; height: 24px;\"><span style=\"font-family: 'times new roman', times, serif;\">0098-34-31227788<\/span><\/td>\n<\/tr>\n<tr style=\"height: 48px;\">\n<td style=\"width: 226px; height: 16px; text-align: left;\">Muhammet\u00a0 R\u0131za K\u0131z\u0131lba\u015f<\/td>\n<td style=\"width: 328px; height: 16px; text-align: left;\">Kalite kontrol ve laboratuvar y\u00f6neticisi<\/td>\n<td style=\"width: 165px; text-align: left; height: 16px;\"><a href=\"mailto:Ghezelbash@csp.ir\">Ghezelbash@csp.ir<\/a><\/td>\n<td style=\"width: 144px; text-align: left; height: 16px;\"><span style=\"font-family: 'times new roman', times, serif;\">0098-34-31227260<\/span><\/td>\n<\/tr>\n<tr style=\"height: 24px;\">\n<td style=\"width: 226px; height: 24px; text-align: left;\">Monci Z\u00fclk\u0131yas<\/td>\n<td style=\"width: 328px; height: 24px; text-align: left;\">D\u0131\u015f Al\u0131m ve Tedarik Ba\u015fkan\u0131<\/td>\n<td style=\"width: 165px; text-align: left; height: 24px;\"><a href=\"mailto:Nfarzanehfar@csp.ir\">Zolghiyas@csp.ir<\/a><\/td>\n<td style=\"width: 144px; text-align: left; height: 24px;\"><span style=\"font-family: 'times new roman', times, serif;\">0098-34-31227166<\/span><\/td>\n<\/tr>\n<tr style=\"height: 24px;\">\n<td style=\"width: 226px; height: 24px; text-align: left;\">Muhammet\u00a0 Momeni<\/td>\n<td style=\"width: 328px; height: 24px; text-align: left;\">\u0130\u00e7 Lojistik Ba\u015fkan\u0131<\/td>\n<td style=\"width: 165px; text-align: left; height: 24px;\"><a href=\"mailto:Nfarzanehfar@csp.ir\">m.momeni@csp.ir<\/a><\/td>\n<td style=\"width: 144px; text-align: left; height: 24px;\"><span style=\"font-family: 'times new roman', times, serif;\">0098-34-31227150<\/span><\/td>\n<\/tr>\n<tr style=\"height: 24px;\">\n<td style=\"width: 226px; height: 24px; text-align: left;\">Ahmet\u00a0 Kolahduz<\/td>\n<td style=\"width: 328px; height: 24px; text-align: left;\">G\u00fcvenlik y\u00f6neticisi<\/td>\n<td style=\"width: 165px; text-align: left; height: 24px;\"><a href=\"mailto:Nfarzanehfar@csp.ir\">kolahdooz@csp.ir<\/a><\/td>\n<td style=\"width: 144px; text-align: left; height: 24px;\"><span style=\"font-family: 'times new roman', times, serif;\">0098-34-31227100<\/span><\/td>\n<\/tr>\n<\/tbody>\n<\/table>\n\r\n\t\t<\/div>\r\n\t<\/div>\r\n<\/div><\/div><\/div><\/div><\/div><\/section>\n<\/div>","protected":false},"excerpt":{"rendered":"M\u00fcd\u00fcr Yard\u0131mc\u0131lar\u0131 ve Entegre M\u00fcd\u00fcrleri Ad\u0131 soyad\u0131\u00a0\u00a0\u00a0\u00a0\u00a0\u00a0\u00a0 Pozisyonu E-posta Telefonu \u00a0Muhammet Cavat Maks\u00fcdi Geli\u015ftirme ve Teknoloji M\u00fcd\u00fcr Yard\u0131mc\u0131s\u0131 Maghsoudi@csp.ir 0098-34-31227007 Muhammet Ali Husrevi \u00dcretim ve \u0130\u015fletme Ba\u015fkan Yard\u0131mc\u0131s\u0131 Khosravi@csp.ir 0098-34-31227009 Muhammet R\u0131za asna a\u015far\u0131 Y\u00f6netici Asistan\u0131 Esnaashari@csp.ir 0098-34-31227019 Amir h\u00fcseyin Nuriyan Ticaret Ba\u015fkan Yard\u0131mc\u0131s\u0131 Noorian@csp.ir 0098-34-31227160 Meysem\u00a0 Saheb Mali Yard\u0131mc\u0131 Saheb@csp.ir 0098-34-31227131 H\u00fcseyin Mican\u0131 Mali...","protected":false},"author":16,"featured_media":0,"parent":0,"menu_order":0,"comment_status":"closed","ping_status":"closed","template":"","meta":{"footnotes":""},"class_list":["post-8473","page","type-page","status-publish","hentry"],"_links":{"self":[{"href":"https:\/\/csp.ir\/en\/wp-json\/wp\/v2\/pages\/8473"}],"collection":[{"href":"https:\/\/csp.ir\/en\/wp-json\/wp\/v2\/pages"}],"about":[{"href":"https:\/\/csp.ir\/en\/wp-json\/wp\/v2\/types\/page"}],"author":[{"embeddable":true,"href":"https:\/\/csp.ir\/en\/wp-json\/wp\/v2\/users\/16"}],"replies":[{"embeddable":true,"href":"https:\/\/csp.ir\/en\/wp-json\/wp\/v2\/comments?post=8473"}],"version-history":[{"count":109,"href":"https:\/\/csp.ir\/en\/wp-json\/wp\/v2\/pages\/8473\/revisions"}],"predecessor-version":[{"id":13756,"href":"https:\/\/csp.ir\/en\/wp-json\/wp\/v2\/pages\/8473\/revisions\/13756"}],"wp:attachment":[{"href":"https:\/\/csp.ir\/en\/wp-json\/wp\/v2\/media?parent=8473"}],"curies":[{"name":"wp","href":"https:\/\/api.w.org\/{rel}","templated":true}]}}